{"id":10,"date":"2023-02-20T10:49:31","date_gmt":"2023-02-20T09:49:31","guid":{"rendered":"http:\/\/www.technik-akademie-tuebingen.de\/2023\/?page_id=10"},"modified":"2023-02-24T10:02:31","modified_gmt":"2023-02-24T09:02:31","slug":"botanischer-garten","status":"publish","type":"page","link":"https:\/\/www.technik-akademie-tuebingen.de\/2023\/freizeit\/botanischer-garten\/","title":{"rendered":"Botanischer Garten"},"content":{"rendered":"\t\t<div data-elementor-type=\"wp-page\" data-elementor-id=\"10\" class=\"elementor elementor-10\">\n\t\t\t\t\t\t<section class=\"elementor-section elementor-top-section elementor-element elementor-element-dc192ae elementor-section-boxed elementor-section-height-default elementor-section-height-default\" data-id=\"dc192ae\" data-element_type=\"section\" data-e-type=\"section\">\n\t\t\t\t\t\t<div class=\"elementor-container elementor-column-gap-default\">\n\t\t\t\t\t<div class=\"elementor-column elementor-col-100 elementor-top-column elementor-element elementor-element-2090d48\" data-id=\"2090d48\" data-element_type=\"column\" data-e-type=\"column\">\n\t\t\t<div class=\"elementor-widget-wrap elementor-element-populated\">\n\t\t\t\t\t\t<div class=\"elementor-element elementor-element-cd4d436 elementor-widget elementor-widget-text-editor\" data-id=\"cd4d436\" data-element_type=\"widget\" data-e-type=\"widget\" data-widget_type=\"text-editor.default\">\n\t\t\t\t<div class=\"elementor-widget-container\">\n\t\t\t\t\t\t\t\t\t<p><\/p>\n<p>An unserem ersten Tag an der Technik-Akademie waren wir im Botanischen Garten der Universit\u00e4t T\u00fcbingen. Dieser hat das ganze Jahr ge\u00f6ffnet und ist frei zug\u00e4nglich. Wir konnten uns dort viel \u00fcber einheimische und exotische Pflanzen informieren und diese betrachten. Die Universit\u00e4t nutzt den Garten zum Lernen und Forschen, da dort die Studenten zu den verschiedensten Pflanzenarten Zugang haben. Deswegen geh\u00f6rt ein solcher Botanischer Garten zu jeder Universit\u00e4t mit Biologie-Studenten dazu. Wir konnten mit unserer Kamera einige gute Bilder von der Pflanzenvielfalt machen.<\/p>\t\t\t\t\t\t\t\t<\/div>\n\t\t\t\t<\/div>\n\t\t\t\t\t<\/div>\n\t\t<\/div>\n\t\t\t\t\t<\/div>\n\t\t<\/section>\n\t\t\t\t<section class=\"elementor-section elementor-top-section elementor-element elementor-element-864daa0 elementor-section-boxed elementor-section-height-default elementor-section-height-default\" data-id=\"864daa0\" data-element_type=\"section\" data-e-type=\"section\">\n\t\t\t\t\t\t<div class=\"elementor-container elementor-column-gap-default\">\n\t\t\t\t\t<div class=\"elementor-column elementor-col-100 elementor-top-column elementor-element elementor-element-40c9ca4\" data-id=\"40c9ca4\" data-element_type=\"column\" data-e-type=\"column\">\n\t\t\t<div class=\"elementor-widget-wrap elementor-element-populated\">\n\t\t\t\t\t\t<div class=\"elementor-element elementor-element-6059f11 elementor-widget elementor-widget-shortcode\" data-id=\"6059f11\" data-element_type=\"widget\" data-e-type=\"widget\" data-widget_type=\"shortcode.default\">\n\t\t\t\t<div class=\"elementor-widget-container\">\n\t\t\t\t\t\t\t<div class=\"elementor-shortcode\"><div id=\"metaslider-id-66\" style=\"width: 100%; margin: 0 auto;\" class=\"ml-slider-3-109-0 metaslider metaslider-flex metaslider-66 ml-slider has-dots-nav ms-theme-default\" role=\"region\" aria-label=\"Botanischer Garten\" data-height=\"800\" data-width=\"1400\">\n    <div id=\"metaslider_container_66\">\n        <div id=\"metaslider_66\">\n            <ul class='slides'>\n                <li style=\"display: block; width: 100%;\" class=\"slide-120 ms-image \" aria-roledescription=\"slide\" data-date=\"2023-02-20 10:42:53\" data-filename=\"DSC_0012-scaled-1400x800.jpg\" data-slide-type=\"image\"><img fetchpriority=\"high\" decoding=\"async\" src=\"https:\/\/www.technik-akademie-tuebingen.de\/2023\/wp-content\/uploads\/2023\/02\/DSC_0012-scaled-1400x800.jpg\" height=\"800\" width=\"1400\" alt=\"\" class=\"slider-66 slide-120 msDefaultImage\" title=\"DSC_0012\" \/><\/li>\n                <li style=\"display: none; width: 100%;\" class=\"slide-121 ms-image \" aria-roledescription=\"slide\" data-date=\"2023-02-20 10:43:00\" data-filename=\"DSC_0024-scaled-1400x800.jpg\" data-slide-type=\"image\"><img decoding=\"async\" src=\"https:\/\/www.technik-akademie-tuebingen.de\/2023\/wp-content\/uploads\/2023\/02\/DSC_0024-scaled-1400x800.jpg\" height=\"800\" width=\"1400\" alt=\"\" class=\"slider-66 slide-121 msDefaultImage\" title=\"DSC_0024\" \/><\/li>\n                <li style=\"display: none; width: 100%;\" class=\"slide-122 ms-image \" aria-roledescription=\"slide\" data-date=\"2023-02-20 10:43:07\" data-filename=\"DSC_0075-scaled-1400x800.jpg\" data-slide-type=\"image\"><img decoding=\"async\" src=\"https:\/\/www.technik-akademie-tuebingen.de\/2023\/wp-content\/uploads\/2023\/02\/DSC_0075-scaled-1400x800.jpg\" height=\"800\" width=\"1400\" alt=\"\" class=\"slider-66 slide-122 msDefaultImage\" title=\"DSC_0075\" \/><\/li>\n                <li style=\"display: none; width: 100%;\" class=\"slide-123 ms-image \" aria-roledescription=\"slide\" data-date=\"2023-02-20 10:43:12\" data-filename=\"DSC_0073-scaled-1400x800.jpg\" data-slide-type=\"image\"><img loading=\"lazy\" decoding=\"async\" src=\"https:\/\/www.technik-akademie-tuebingen.de\/2023\/wp-content\/uploads\/2023\/02\/DSC_0073-scaled-1400x800.jpg\" height=\"800\" width=\"1400\" alt=\"\" class=\"slider-66 slide-123 msDefaultImage\" title=\"DSC_0073\" \/><\/li>\n                <li style=\"display: none; width: 100%;\" class=\"slide-124 ms-image \" aria-roledescription=\"slide\" data-date=\"2023-02-20 10:43:15\" data-filename=\"DSC_0070-scaled-1400x800.jpg\" data-slide-type=\"image\"><img loading=\"lazy\" decoding=\"async\" src=\"https:\/\/www.technik-akademie-tuebingen.de\/2023\/wp-content\/uploads\/2023\/02\/DSC_0070-scaled-1400x800.jpg\" height=\"800\" width=\"1400\" alt=\"\" class=\"slider-66 slide-124 msDefaultImage\" title=\"DSC_0070\" \/><\/li>\n                <li style=\"display: none; width: 100%;\" class=\"slide-125 ms-image \" aria-roledescription=\"slide\" data-date=\"2023-02-20 10:43:19\" data-filename=\"DSC_0057-scaled-1400x800.jpg\" data-slide-type=\"image\"><img loading=\"lazy\" decoding=\"async\" src=\"https:\/\/www.technik-akademie-tuebingen.de\/2023\/wp-content\/uploads\/2023\/02\/DSC_0057-scaled-1400x800.jpg\" height=\"800\" width=\"1400\" alt=\"\" class=\"slider-66 slide-125 msDefaultImage\" title=\"DSC_0057\" \/><\/li>\n                <li style=\"display: none; width: 100%;\" class=\"slide-126 ms-image \" aria-roledescription=\"slide\" data-date=\"2023-02-20 10:43:23\" data-filename=\"DSC_0053-scaled-1400x800.jpg\" data-slide-type=\"image\"><img loading=\"lazy\" decoding=\"async\" src=\"https:\/\/www.technik-akademie-tuebingen.de\/2023\/wp-content\/uploads\/2023\/02\/DSC_0053-scaled-1400x800.jpg\" height=\"800\" width=\"1400\" alt=\"\" class=\"slider-66 slide-126 msDefaultImage\" title=\"DSC_0053\" \/><\/li>\n                <li style=\"display: none; width: 100%;\" class=\"slide-127 ms-image \" aria-roledescription=\"slide\" data-date=\"2023-02-20 10:43:26\" data-filename=\"DSC_0049-scaled-1400x800.jpg\" data-slide-type=\"image\"><img loading=\"lazy\" decoding=\"async\" src=\"https:\/\/www.technik-akademie-tuebingen.de\/2023\/wp-content\/uploads\/2023\/02\/DSC_0049-scaled-1400x800.jpg\" height=\"800\" width=\"1400\" alt=\"\" class=\"slider-66 slide-127 msDefaultImage\" title=\"DSC_0049\" \/><\/li>\n                <li style=\"display: none; width: 100%;\" class=\"slide-128 ms-image \" aria-roledescription=\"slide\" data-date=\"2023-02-20 10:43:31\" data-filename=\"DSC_0047-scaled-1400x800.jpg\" data-slide-type=\"image\"><img loading=\"lazy\" decoding=\"async\" src=\"https:\/\/www.technik-akademie-tuebingen.de\/2023\/wp-content\/uploads\/2023\/02\/DSC_0047-scaled-1400x800.jpg\" height=\"800\" width=\"1400\" alt=\"\" class=\"slider-66 slide-128 msDefaultImage\" title=\"DSC_0047\" \/><\/li>\n                <li style=\"display: none; width: 100%;\" class=\"slide-129 ms-image \" aria-roledescription=\"slide\" data-date=\"2023-02-20 10:43:35\" data-filename=\"DSC_0046-scaled-1400x800.jpg\" data-slide-type=\"image\"><img loading=\"lazy\" decoding=\"async\" src=\"https:\/\/www.technik-akademie-tuebingen.de\/2023\/wp-content\/uploads\/2023\/02\/DSC_0046-scaled-1400x800.jpg\" height=\"800\" width=\"1400\" alt=\"\" class=\"slider-66 slide-129 msDefaultImage\" title=\"DSC_0046\" \/><\/li>\n            <\/ul>\n        <\/div>\n        \n    <\/div>\n<\/div><\/div>\n\t\t\t\t\t\t<\/div>\n\t\t\t\t<\/div>\n\t\t\t\t\t<\/div>\n\t\t<\/div>\n\t\t\t\t\t<\/div>\n\t\t<\/section>\n\t\t\t\t<\/div>\n\t\t","protected":false},"excerpt":{"rendered":"<p>An unserem ersten Tag an der Technik-Akademie waren wir im Botanischen Garten der Universit\u00e4t T\u00fcbingen. Dieser hat das ganze Jahr ge\u00f6ffnet und ist frei zug\u00e4nglich. Wir konnten uns dort viel \u00fcber einheimische und exotische Pflanzen informieren und diese betrachten. Die<\/p>\n","protected":false},"author":2,"featured_media":0,"parent":227,"menu_order":0,"comment_status":"closed","ping_status":"closed","template":"","meta":{"footnotes":""},"class_list":["post-10","page","type-page","status-publish","hentry"],"_links":{"self":[{"href":"https:\/\/www.technik-akademie-tuebingen.de\/2023\/wp-json\/wp\/v2\/pages\/10","targetHints":{"allow":["GET"]}}],"collection":[{"href":"https:\/\/www.technik-akademie-tuebingen.de\/2023\/wp-json\/wp\/v2\/pages"}],"about":[{"href":"https:\/\/www.technik-akademie-tuebingen.de\/2023\/wp-json\/wp\/v2\/types\/page"}],"author":[{"embeddable":true,"href":"https:\/\/www.technik-akademie-tuebingen.de\/2023\/wp-json\/wp\/v2\/users\/2"}],"replies":[{"embeddable":true,"href":"https:\/\/www.technik-akademie-tuebingen.de\/2023\/wp-json\/wp\/v2\/comments?post=10"}],"version-history":[{"count":39,"href":"https:\/\/www.technik-akademie-tuebingen.de\/2023\/wp-json\/wp\/v2\/pages\/10\/revisions"}],"predecessor-version":[{"id":866,"href":"https:\/\/www.technik-akademie-tuebingen.de\/2023\/wp-json\/wp\/v2\/pages\/10\/revisions\/866"}],"up":[{"embeddable":true,"href":"https:\/\/www.technik-akademie-tuebingen.de\/2023\/wp-json\/wp\/v2\/pages\/227"}],"wp:attachment":[{"href":"https:\/\/www.technik-akademie-tuebingen.de\/2023\/wp-json\/wp\/v2\/media?parent=10"}],"curies":[{"name":"wp","href":"https:\/\/api.w.org\/{rel}","templated":true}]}}