{"id":285,"date":"2023-02-21T11:02:10","date_gmt":"2023-02-21T10:02:10","guid":{"rendered":"http:\/\/www.technik-akademie-tuebingen.de\/2023\/?page_id=285"},"modified":"2023-02-24T10:09:19","modified_gmt":"2023-02-24T09:09:19","slug":"cht","status":"publish","type":"page","link":"https:\/\/www.technik-akademie-tuebingen.de\/2023\/firmen\/cht\/","title":{"rendered":"CHT Germany GmbH"},"content":{"rendered":"\t\t<div data-elementor-type=\"wp-page\" data-elementor-id=\"285\" class=\"elementor elementor-285\">\n\t\t\t\t\t\t<section class=\"elementor-section elementor-top-section elementor-element elementor-element-f94d8bb elementor-section-boxed elementor-section-height-default elementor-section-height-default\" data-id=\"f94d8bb\" data-element_type=\"section\" data-e-type=\"section\">\n\t\t\t\t\t\t<div class=\"elementor-container elementor-column-gap-default\">\n\t\t\t\t\t<div class=\"elementor-column elementor-col-50 elementor-top-column elementor-element elementor-element-6a55656\" data-id=\"6a55656\" data-element_type=\"column\" data-e-type=\"column\">\n\t\t\t<div class=\"elementor-widget-wrap elementor-element-populated\">\n\t\t\t\t\t\t<div class=\"elementor-element elementor-element-d50eaa6 elementor-widget elementor-widget-image\" data-id=\"d50eaa6\" data-element_type=\"widget\" data-e-type=\"widget\" data-widget_type=\"image.default\">\n\t\t\t\t<div class=\"elementor-widget-container\">\n\t\t\t\t\t\t\t\t\t\t\t\t\t\t\t<img fetchpriority=\"high\" decoding=\"async\" width=\"750\" height=\"502\" src=\"http:\/\/www.technik-akademie-tuebingen.de\/2023\/wp-content\/uploads\/2023\/02\/DSC_0108-1024x685.jpg\" class=\"attachment-large size-large wp-image-291\" alt=\"CHT Gruppenbild\" srcset=\"http:\/\/www.technik-akademie-tuebingen.de\/2023\/wp-content\/uploads\/2023\/02\/DSC_0108-1024x685.jpg 1024w, http:\/\/www.technik-akademie-tuebingen.de\/2023\/wp-content\/uploads\/2023\/02\/DSC_0108-300x201.jpg 300w, http:\/\/www.technik-akademie-tuebingen.de\/2023\/wp-content\/uploads\/2023\/02\/DSC_0108-768x514.jpg 768w, http:\/\/www.technik-akademie-tuebingen.de\/2023\/wp-content\/uploads\/2023\/02\/DSC_0108-1536x1028.jpg 1536w, http:\/\/www.technik-akademie-tuebingen.de\/2023\/wp-content\/uploads\/2023\/02\/DSC_0108-2048x1371.jpg 2048w\" sizes=\"(max-width: 750px) 100vw, 750px\" \/>\t\t\t\t\t\t\t\t\t\t\t\t\t\t\t<\/div>\n\t\t\t\t<\/div>\n\t\t\t\t<div class=\"elementor-element elementor-element-5cf7448 elementor-widget elementor-widget-text-editor\" data-id=\"5cf7448\" data-element_type=\"widget\" data-e-type=\"widget\" data-widget_type=\"text-editor.default\">\n\t\t\t\t<div class=\"elementor-widget-container\">\n\t\t\t\t\t\t\t\t\t<p>Teilnehmer bei CHT: Fabian, Mark, Matthias, Sophie<\/p>\t\t\t\t\t\t\t\t<\/div>\n\t\t\t\t<\/div>\n\t\t\t\t\t<\/div>\n\t\t<\/div>\n\t\t\t\t<div class=\"elementor-column elementor-col-50 elementor-top-column elementor-element elementor-element-a213d3a\" data-id=\"a213d3a\" data-element_type=\"column\" data-e-type=\"column\">\n\t\t\t<div class=\"elementor-widget-wrap elementor-element-populated\">\n\t\t\t\t\t\t<div class=\"elementor-element elementor-element-135155c elementor-widget elementor-widget-text-editor\" data-id=\"135155c\" data-element_type=\"widget\" data-e-type=\"widget\" data-widget_type=\"text-editor.default\">\n\t\t\t\t<div class=\"elementor-widget-container\">\n\t\t\t\t\t\t\t\t\t<p>Die CHT ist ein weltweit t\u00e4tiges Unternehmen, das im Jahr 1953 gegr\u00fcndet wurde. Haupts\u00e4chlich entwickeln die knapp 2.400 Mitarbeiter Spezialchemikalien, mit denen ihre Kunden ihre eigenen industriellen Prozesse optimieren k\u00f6nnen. In einem sehr guten und entspannten Arbeitsklima haben wir besonders in den Textilbearbeitungsbereich in T\u00fcbingen Einblick bekommen, dies ist ein Bereich auf den sich die CHT spezialisiert hat. Wir haben dort Baumwolltaschen exemplarisch entschlichtet, geblichen, gef\u00e4rbt, bedruckt und gegen Wasser und Schmutz ausger\u00fcstet. In diversen kleineren Versuchen wurden uns auch Grundlagen der verschiedenen chemischen Reaktionen gezeigt. In Du\u00dflingen hat unsere Gruppe eine F\u00fchrung genie\u00dfen d\u00fcrfen, dort werden die im Labor entwickelten Chemikalien in gro\u00dfem Ma\u00dfe hergestellt und gepr\u00fcft. Eine eigene Kl\u00e4ranlage hat dort auch ihren Standort.<\/p>\t\t\t\t\t\t\t\t<\/div>\n\t\t\t\t<\/div>\n\t\t\t\t\t<\/div>\n\t\t<\/div>\n\t\t\t\t\t<\/div>\n\t\t<\/section>\n\t\t\t\t<section class=\"elementor-section elementor-top-section elementor-element elementor-element-d4db2bd elementor-section-boxed elementor-section-height-default elementor-section-height-default\" data-id=\"d4db2bd\" data-element_type=\"section\" data-e-type=\"section\">\n\t\t\t\t\t\t<div class=\"elementor-container elementor-column-gap-default\">\n\t\t\t\t\t<div class=\"elementor-column elementor-col-100 elementor-top-column elementor-element elementor-element-5af79b9\" data-id=\"5af79b9\" data-element_type=\"column\" data-e-type=\"column\">\n\t\t\t<div class=\"elementor-widget-wrap elementor-element-populated\">\n\t\t\t\t\t\t<div class=\"elementor-element elementor-element-b434ab9 elementor-widget elementor-widget-video\" data-id=\"b434ab9\" data-element_type=\"widget\" data-e-type=\"widget\" data-settings=\"{&quot;video_type&quot;:&quot;vimeo&quot;,&quot;show_image_overlay&quot;:&quot;yes&quot;,&quot;image_overlay&quot;:{&quot;url&quot;:&quot;http:\\\/\\\/www.technik-akademie-tuebingen.de\\\/2023\\\/wp-content\\\/uploads\\\/2023\\\/02\\\/DSC_0108-scaled.jpg&quot;,&quot;id&quot;:291,&quot;size&quot;:&quot;&quot;,&quot;alt&quot;:&quot;CHT Gruppenbild&quot;,&quot;source&quot;:&quot;library&quot;}}\" data-widget_type=\"video.default\">\n\t\t\t\t<div class=\"elementor-widget-container\">\n\t\t\t\t\t\t\t<div class=\"elementor-wrapper elementor-open-inline\">\n\t\t\t<iframe class=\"elementor-video-iframe\" allowfullscreen allow=\"clipboard-write\" title=\"vimeo Video Player\" src=\"https:\/\/player.vimeo.com\/video\/800832423?color&amp;autopause=0&amp;loop=0&amp;muted=0&amp;title=0&amp;portrait=0&amp;byline=0&amp;h=316239b929#t=\"><\/iframe>\t\t\t\t<div class=\"elementor-custom-embed-image-overlay\" style=\"background-image: url(http:\/\/www.technik-akademie-tuebingen.de\/2023\/wp-content\/uploads\/2023\/02\/DSC_0108-scaled.jpg);\">\n\t\t\t\t\t\t\t\t\t\t\t\t\t\t\t\t<div class=\"elementor-custom-embed-play\" role=\"button\" aria-label=\"Video abspielen \u00fcber CHT Gruppenbild\" tabindex=\"0\">\n\t\t\t\t\t\t\t<i aria-hidden=\"true\" class=\"eicon-play\"><\/i>\t\t\t\t\t\t<\/div>\n\t\t\t\t\t\t\t\t\t<\/div>\n\t\t\t\t\t<\/div>\n\t\t\t\t\t\t<\/div>\n\t\t\t\t<\/div>\n\t\t\t\t\t<\/div>\n\t\t<\/div>\n\t\t\t\t\t<\/div>\n\t\t<\/section>\n\t\t\t\t<section class=\"elementor-section elementor-top-section elementor-element elementor-element-fc7ce8b elementor-section-boxed elementor-section-height-default elementor-section-height-default\" data-id=\"fc7ce8b\" data-element_type=\"section\" data-e-type=\"section\">\n\t\t\t\t\t\t<div class=\"elementor-container elementor-column-gap-default\">\n\t\t\t\t\t<div class=\"elementor-column elementor-col-100 elementor-top-column elementor-element elementor-element-f475a15\" data-id=\"f475a15\" data-element_type=\"column\" data-e-type=\"column\">\n\t\t\t<div class=\"elementor-widget-wrap elementor-element-populated\">\n\t\t\t\t\t\t<div class=\"elementor-element elementor-element-6b4d63b elementor-widget elementor-widget-shortcode\" data-id=\"6b4d63b\" data-element_type=\"widget\" data-e-type=\"widget\" data-widget_type=\"shortcode.default\">\n\t\t\t\t<div class=\"elementor-widget-container\">\n\t\t\t\t\t\t\t<div class=\"elementor-shortcode\"><div id=\"metaslider-id-290\" style=\"width: 100%;\" class=\"ml-slider-3-109-0 metaslider metaslider-flex metaslider-290 ml-slider has-dots-nav ms-theme-default\" role=\"region\" aria-label=\"CHT\" data-height=\"800\" data-width=\"1400\">\n    <div id=\"metaslider_container_290\">\n        <div id=\"metaslider_290\">\n            <ul class='slides'>\n                <li style=\"display: block; width: 100%;\" class=\"slide-346 ms-image \" aria-roledescription=\"slide\" data-date=\"2023-02-21 11:43:10\" data-filename=\"DSC_0100-scaled-1400x800.jpg\" data-slide-type=\"image\"><img decoding=\"async\" src=\"https:\/\/www.technik-akademie-tuebingen.de\/2023\/wp-content\/uploads\/2023\/02\/DSC_0100-scaled-1400x800.jpg\" height=\"800\" width=\"1400\" alt=\"\" class=\"slider-290 slide-346 msDefaultImage\" title=\"DSC_0100\" \/><\/li>\n                <li style=\"display: none; width: 100%;\" class=\"slide-345 ms-image \" aria-roledescription=\"slide\" data-date=\"2023-02-21 11:43:03\" data-filename=\"DSC_0101-scaled-1400x800.jpg\" data-slide-type=\"image\"><img decoding=\"async\" src=\"https:\/\/www.technik-akademie-tuebingen.de\/2023\/wp-content\/uploads\/2023\/02\/DSC_0101-scaled-1400x800.jpg\" height=\"800\" width=\"1400\" alt=\"\" class=\"slider-290 slide-345 msDefaultImage\" title=\"DSC_0101\" \/><\/li>\n                <li style=\"display: none; width: 100%;\" class=\"slide-343 ms-image \" aria-roledescription=\"slide\" data-date=\"2023-02-21 11:42:56\" data-filename=\"DSC_0104-scaled-1400x800.jpg\" data-slide-type=\"image\"><img loading=\"lazy\" decoding=\"async\" src=\"https:\/\/www.technik-akademie-tuebingen.de\/2023\/wp-content\/uploads\/2023\/02\/DSC_0104-scaled-1400x800.jpg\" height=\"800\" width=\"1400\" alt=\"\" class=\"slider-290 slide-343 msDefaultImage\" title=\"DSC_0104\" \/><\/li>\n                <li style=\"display: none; width: 100%;\" class=\"slide-342 ms-image \" aria-roledescription=\"slide\" data-date=\"2023-02-21 11:42:44\" data-filename=\"DSC_0105-scaled-1400x800.jpg\" data-slide-type=\"image\"><img loading=\"lazy\" decoding=\"async\" src=\"https:\/\/www.technik-akademie-tuebingen.de\/2023\/wp-content\/uploads\/2023\/02\/DSC_0105-scaled-1400x800.jpg\" height=\"800\" width=\"1400\" alt=\"\" class=\"slider-290 slide-342 msDefaultImage\" title=\"DSC_0105\" \/><\/li>\n                <li style=\"display: none; width: 100%;\" class=\"slide-344 ms-image \" aria-roledescription=\"slide\" data-date=\"2023-02-21 11:42:59\" data-filename=\"DSC_0103-scaled-1400x800.jpg\" data-slide-type=\"image\"><img loading=\"lazy\" decoding=\"async\" src=\"https:\/\/www.technik-akademie-tuebingen.de\/2023\/wp-content\/uploads\/2023\/02\/DSC_0103-scaled-1400x800.jpg\" height=\"800\" width=\"1400\" alt=\"\" class=\"slider-290 slide-344 msDefaultImage\" title=\"DSC_0103\" \/><\/li>\n            <\/ul>\n        <\/div>\n        \n    <\/div>\n<\/div><\/div>\n\t\t\t\t\t\t<\/div>\n\t\t\t\t<\/div>\n\t\t\t\t\t<\/div>\n\t\t<\/div>\n\t\t\t\t\t<\/div>\n\t\t<\/section>\n\t\t\t\t<\/div>\n\t\t","protected":false},"excerpt":{"rendered":"<p>Teilnehmer bei CHT: Fabian, Mark, Matthias, Sophie Die CHT ist ein weltweit t\u00e4tiges Unternehmen, das im Jahr 1953 gegr\u00fcndet wurde. Haupts\u00e4chlich entwickeln die knapp 2.400 Mitarbeiter Spezialchemikalien, mit denen ihre Kunden ihre eigenen industriellen Prozesse optimieren k\u00f6nnen. In einem sehr<\/p>\n","protected":false},"author":2,"featured_media":0,"parent":282,"menu_order":0,"comment_status":"closed","ping_status":"closed","template":"","meta":{"footnotes":""},"class_list":["post-285","page","type-page","status-publish","hentry"],"_links":{"self":[{"href":"https:\/\/www.technik-akademie-tuebingen.de\/2023\/wp-json\/wp\/v2\/pages\/285","targetHints":{"allow":["GET"]}}],"collection":[{"href":"https:\/\/www.technik-akademie-tuebingen.de\/2023\/wp-json\/wp\/v2\/pages"}],"about":[{"href":"https:\/\/www.technik-akademie-tuebingen.de\/2023\/wp-json\/wp\/v2\/types\/page"}],"author":[{"embeddable":true,"href":"https:\/\/www.technik-akademie-tuebingen.de\/2023\/wp-json\/wp\/v2\/users\/2"}],"replies":[{"embeddable":true,"href":"https:\/\/www.technik-akademie-tuebingen.de\/2023\/wp-json\/wp\/v2\/comments?post=285"}],"version-history":[{"count":75,"href":"https:\/\/www.technik-akademie-tuebingen.de\/2023\/wp-json\/wp\/v2\/pages\/285\/revisions"}],"predecessor-version":[{"id":869,"href":"https:\/\/www.technik-akademie-tuebingen.de\/2023\/wp-json\/wp\/v2\/pages\/285\/revisions\/869"}],"up":[{"embeddable":true,"href":"https:\/\/www.technik-akademie-tuebingen.de\/2023\/wp-json\/wp\/v2\/pages\/282"}],"wp:attachment":[{"href":"https:\/\/www.technik-akademie-tuebingen.de\/2023\/wp-json\/wp\/v2\/media?parent=285"}],"curies":[{"name":"wp","href":"https:\/\/api.w.org\/{rel}","templated":true}]}}