{"id":359,"date":"2023-02-21T12:50:53","date_gmt":"2023-02-21T11:50:53","guid":{"rendered":"http:\/\/www.technik-akademie-tuebingen.de\/2023\/?page_id=359"},"modified":"2023-02-24T09:31:51","modified_gmt":"2023-02-24T08:31:51","slug":"zeltwanger-maschinenbau","status":"publish","type":"page","link":"https:\/\/www.technik-akademie-tuebingen.de\/2023\/firmen\/zeltwanger-maschinenbau\/","title":{"rendered":"Zeltwanger Maschinenbau GmbH"},"content":{"rendered":"\t\t<div data-elementor-type=\"wp-page\" data-elementor-id=\"359\" class=\"elementor elementor-359\">\n\t\t\t\t\t\t<section class=\"elementor-section elementor-top-section elementor-element elementor-element-9b8e388 elementor-section-boxed elementor-section-height-default elementor-section-height-default\" data-id=\"9b8e388\" data-element_type=\"section\" data-e-type=\"section\">\n\t\t\t\t\t\t<div class=\"elementor-container elementor-column-gap-default\">\n\t\t\t\t\t<div class=\"elementor-column elementor-col-100 elementor-top-column elementor-element elementor-element-a9d88c0\" data-id=\"a9d88c0\" data-element_type=\"column\" data-e-type=\"column\">\n\t\t\t<div class=\"elementor-widget-wrap elementor-element-populated\">\n\t\t\t\t\t\t<div class=\"elementor-element elementor-element-33dfbbf elementor-widget elementor-widget-text-editor\" data-id=\"33dfbbf\" data-element_type=\"widget\" data-e-type=\"widget\" data-widget_type=\"text-editor.default\">\n\t\t\t\t<div class=\"elementor-widget-container\">\n\t\t\t\t\t\t\t\t\t<p>Die Firma Zeltwanger ist eine hochspezialisierte Maschinenbaufirma mit \u00fcber 470 Mitarbeitern. Der haupts\u00e4chliche T\u00e4tigkeitsbereich ist die Pr\u00e4zisionsfertigung anspruchsvoller Maschinenbauteile und Baugruppen bis zur Endmontage. Der Hauptstandort ist in T\u00fcbingen, die Zeltwanger GmbH ist aber auch in weiteren L\u00e4ndern (Tschechien, USA und China) vertreten. Ulrich Zeltwanger, der heute noch im Unternehmen aktiv ist, gr\u00fcndete die Firma 1982 in Dusslingen. 1999 erfolgte der Umzug in den heutigen Standort in T\u00fcbingen. Dort befindet ist auch die Ausbildungsabteilung, in der wir die Woche verbracht haben und von den Ausbildungsleitern Herr K\u00e4rcher und Herr Bernhardt mit den Auszubildenden Timon, Jakob und Kai super betreut wurden.<\/p>\t\t\t\t\t\t\t\t<\/div>\n\t\t\t\t<\/div>\n\t\t\t\t\t<\/div>\n\t\t<\/div>\n\t\t\t\t\t<\/div>\n\t\t<\/section>\n\t\t\t\t<section class=\"elementor-section elementor-top-section elementor-element elementor-element-916209a elementor-section-boxed elementor-section-height-default elementor-section-height-default\" data-id=\"916209a\" data-element_type=\"section\" data-e-type=\"section\">\n\t\t\t\t\t\t<div class=\"elementor-container elementor-column-gap-default\">\n\t\t\t\t\t<div class=\"elementor-column elementor-col-100 elementor-top-column elementor-element elementor-element-34fe5f3\" data-id=\"34fe5f3\" data-element_type=\"column\" data-e-type=\"column\">\n\t\t\t<div class=\"elementor-widget-wrap elementor-element-populated\">\n\t\t\t\t\t\t<div class=\"elementor-element elementor-element-367ebd1 elementor-widget elementor-widget-video\" data-id=\"367ebd1\" data-element_type=\"widget\" data-e-type=\"widget\" data-settings=\"{&quot;video_type&quot;:&quot;vimeo&quot;,&quot;show_image_overlay&quot;:&quot;yes&quot;,&quot;image_overlay&quot;:{&quot;url&quot;:&quot;http:\\\/\\\/www.technik-akademie-tuebingen.de\\\/2023\\\/wp-content\\\/uploads\\\/2023\\\/02\\\/Zeltwanger.png&quot;,&quot;id&quot;:515,&quot;size&quot;:&quot;&quot;,&quot;alt&quot;:&quot;&quot;,&quot;source&quot;:&quot;library&quot;}}\" data-widget_type=\"video.default\">\n\t\t\t\t<div class=\"elementor-widget-container\">\n\t\t\t\t\t\t\t<div class=\"elementor-wrapper elementor-open-inline\">\n\t\t\t<iframe class=\"elementor-video-iframe\" allowfullscreen allow=\"clipboard-write\" title=\"vimeo Video Player\" src=\"https:\/\/player.vimeo.com\/video\/800866073?color&amp;autopause=0&amp;loop=0&amp;muted=0&amp;title=0&amp;portrait=0&amp;byline=0#t=\"><\/iframe>\t\t\t\t<div class=\"elementor-custom-embed-image-overlay\" style=\"background-image: url(https:\/\/www.technik-akademie-tuebingen.de\/2023\/wp-content\/uploads\/2023\/02\/Zeltwanger.png);\">\n\t\t\t\t\t\t\t\t\t\t\t\t\t\t\t\t<div class=\"elementor-custom-embed-play\" role=\"button\" aria-label=\"Video abspielen\" tabindex=\"0\">\n\t\t\t\t\t\t\t<i aria-hidden=\"true\" class=\"eicon-play\"><\/i>\t\t\t\t\t\t<\/div>\n\t\t\t\t\t\t\t\t\t<\/div>\n\t\t\t\t\t<\/div>\n\t\t\t\t\t\t<\/div>\n\t\t\t\t<\/div>\n\t\t\t\t<div class=\"elementor-element elementor-element-92f8735 elementor-widget elementor-widget-text-editor\" data-id=\"92f8735\" data-element_type=\"widget\" data-e-type=\"widget\" data-widget_type=\"text-editor.default\">\n\t\t\t\t<div class=\"elementor-widget-container\">\n\t\t\t\t\t\t\t\t\t<p>Teilnehmer bei Zeltwanger: Fabian, Leon, Samuel<\/p>\t\t\t\t\t\t\t\t<\/div>\n\t\t\t\t<\/div>\n\t\t\t\t\t<\/div>\n\t\t<\/div>\n\t\t\t\t\t<\/div>\n\t\t<\/section>\n\t\t\t\t<section class=\"elementor-section elementor-top-section elementor-element elementor-element-142737d elementor-section-boxed elementor-section-height-default elementor-section-height-default\" data-id=\"142737d\" data-element_type=\"section\" data-e-type=\"section\">\n\t\t\t\t\t\t<div class=\"elementor-container elementor-column-gap-default\">\n\t\t\t\t\t<div class=\"elementor-column elementor-col-100 elementor-top-column elementor-element elementor-element-24a89f7\" data-id=\"24a89f7\" data-element_type=\"column\" data-e-type=\"column\">\n\t\t\t<div class=\"elementor-widget-wrap elementor-element-populated\">\n\t\t\t\t\t\t<div class=\"elementor-element elementor-element-c2771cb elementor-widget elementor-widget-shortcode\" data-id=\"c2771cb\" data-element_type=\"widget\" data-e-type=\"widget\" data-widget_type=\"shortcode.default\">\n\t\t\t\t<div class=\"elementor-widget-container\">\n\t\t\t\t\t\t\t<div class=\"elementor-shortcode\"><div id=\"metaslider-id-372\" style=\"width: 100%;\" class=\"ml-slider-3-109-0 metaslider metaslider-flex metaslider-372 ml-slider has-dots-nav ms-theme-default\" role=\"region\" aria-label=\"Zeltwanger\" data-height=\"800\" data-width=\"1400\">\n    <div id=\"metaslider_container_372\">\n        <div id=\"metaslider_372\">\n            <ul class='slides'>\n                <li style=\"display: block; width: 100%;\" class=\"slide-423 ms-image \" aria-roledescription=\"slide\" data-date=\"2023-02-21 14:43:57\" data-filename=\"DSC_0110-scaled-1400x800.jpg\" data-slide-type=\"image\"><img fetchpriority=\"high\" decoding=\"async\" src=\"https:\/\/www.technik-akademie-tuebingen.de\/2023\/wp-content\/uploads\/2023\/02\/DSC_0110-scaled-1400x800.jpg\" height=\"800\" width=\"1400\" alt=\"\" class=\"slider-372 slide-423 msDefaultImage\" title=\"DSC_0110\" \/><\/li>\n                <li style=\"display: none; width: 100%;\" class=\"slide-421 ms-image \" aria-roledescription=\"slide\" data-date=\"2023-02-21 14:43:52\" data-filename=\"DSC_0114-scaled-1400x800.jpg\" data-slide-type=\"image\"><img decoding=\"async\" src=\"https:\/\/www.technik-akademie-tuebingen.de\/2023\/wp-content\/uploads\/2023\/02\/DSC_0114-scaled-1400x800.jpg\" height=\"800\" width=\"1400\" alt=\"\" class=\"slider-372 slide-421 msDefaultImage\" title=\"DSC_0114\" \/><\/li>\n                <li style=\"display: none; width: 100%;\" class=\"slide-422 ms-image \" aria-roledescription=\"slide\" data-date=\"2023-02-21 14:43:54\" data-filename=\"DSC_0113-scaled-1400x800.jpg\" data-slide-type=\"image\"><img decoding=\"async\" src=\"https:\/\/www.technik-akademie-tuebingen.de\/2023\/wp-content\/uploads\/2023\/02\/DSC_0113-scaled-1400x800.jpg\" height=\"800\" width=\"1400\" alt=\"\" class=\"slider-372 slide-422 msDefaultImage\" title=\"DSC_0113\" \/><\/li>\n                <li style=\"display: none; width: 100%;\" class=\"slide-424 ms-image \" aria-roledescription=\"slide\" data-date=\"2023-02-21 14:44:14\" data-filename=\"DSC_0116-scaled-1400x800.jpg\" data-slide-type=\"image\"><img loading=\"lazy\" decoding=\"async\" src=\"https:\/\/www.technik-akademie-tuebingen.de\/2023\/wp-content\/uploads\/2023\/02\/DSC_0116-scaled-1400x800.jpg\" height=\"800\" width=\"1400\" alt=\"\" class=\"slider-372 slide-424 msDefaultImage\" title=\"DSC_0116\" \/><\/li>\n                <li style=\"display: none; width: 100%;\" class=\"slide-420 ms-image \" aria-roledescription=\"slide\" data-date=\"2023-02-21 14:43:50\" data-filename=\"DSC_0115-scaled-1400x800.jpg\" data-slide-type=\"image\"><img loading=\"lazy\" decoding=\"async\" src=\"https:\/\/www.technik-akademie-tuebingen.de\/2023\/wp-content\/uploads\/2023\/02\/DSC_0115-scaled-1400x800.jpg\" height=\"800\" width=\"1400\" alt=\"\" class=\"slider-372 slide-420 msDefaultImage\" title=\"DSC_0115\" \/><\/li>\n            <\/ul>\n        <\/div>\n        \n    <\/div>\n<\/div><\/div>\n\t\t\t\t\t\t<\/div>\n\t\t\t\t<\/div>\n\t\t\t\t\t<\/div>\n\t\t<\/div>\n\t\t\t\t\t<\/div>\n\t\t<\/section>\n\t\t\t\t<\/div>\n\t\t","protected":false},"excerpt":{"rendered":"<p>Die Firma Zeltwanger ist eine hochspezialisierte Maschinenbaufirma mit \u00fcber 470 Mitarbeitern. Der haupts\u00e4chliche T\u00e4tigkeitsbereich ist die Pr\u00e4zisionsfertigung anspruchsvoller Maschinenbauteile und Baugruppen bis zur Endmontage. Der Hauptstandort ist in T\u00fcbingen, die Zeltwanger GmbH ist aber auch in weiteren L\u00e4ndern (Tschechien, USA<\/p>\n","protected":false},"author":2,"featured_media":0,"parent":282,"menu_order":0,"comment_status":"closed","ping_status":"closed","template":"","meta":{"footnotes":""},"class_list":["post-359","page","type-page","status-publish","hentry"],"_links":{"self":[{"href":"https:\/\/www.technik-akademie-tuebingen.de\/2023\/wp-json\/wp\/v2\/pages\/359","targetHints":{"allow":["GET"]}}],"collection":[{"href":"https:\/\/www.technik-akademie-tuebingen.de\/2023\/wp-json\/wp\/v2\/pages"}],"about":[{"href":"https:\/\/www.technik-akademie-tuebingen.de\/2023\/wp-json\/wp\/v2\/types\/page"}],"author":[{"embeddable":true,"href":"https:\/\/www.technik-akademie-tuebingen.de\/2023\/wp-json\/wp\/v2\/users\/2"}],"replies":[{"embeddable":true,"href":"https:\/\/www.technik-akademie-tuebingen.de\/2023\/wp-json\/wp\/v2\/comments?post=359"}],"version-history":[{"count":21,"href":"https:\/\/www.technik-akademie-tuebingen.de\/2023\/wp-json\/wp\/v2\/pages\/359\/revisions"}],"predecessor-version":[{"id":857,"href":"https:\/\/www.technik-akademie-tuebingen.de\/2023\/wp-json\/wp\/v2\/pages\/359\/revisions\/857"}],"up":[{"embeddable":true,"href":"https:\/\/www.technik-akademie-tuebingen.de\/2023\/wp-json\/wp\/v2\/pages\/282"}],"wp:attachment":[{"href":"https:\/\/www.technik-akademie-tuebingen.de\/2023\/wp-json\/wp\/v2\/media?parent=359"}],"curies":[{"name":"wp","href":"https:\/\/api.w.org\/{rel}","templated":true}]}}