{"id":376,"date":"2023-02-21T13:05:14","date_gmt":"2023-02-21T12:05:14","guid":{"rendered":"http:\/\/www.technik-akademie-tuebingen.de\/2023\/?page_id=376"},"modified":"2023-02-21T15:31:46","modified_gmt":"2023-02-21T14:31:46","slug":"sternwarte","status":"publish","type":"page","link":"https:\/\/www.technik-akademie-tuebingen.de\/2023\/freizeit\/sternwarte\/","title":{"rendered":"Sternwarte"},"content":{"rendered":"\t\t<div data-elementor-type=\"wp-page\" data-elementor-id=\"376\" class=\"elementor elementor-376\">\n\t\t\t\t\t\t<section class=\"elementor-section elementor-top-section elementor-element elementor-element-ff2b746 elementor-section-boxed elementor-section-height-default elementor-section-height-default\" data-id=\"ff2b746\" data-element_type=\"section\" data-e-type=\"section\">\n\t\t\t\t\t\t<div class=\"elementor-container elementor-column-gap-default\">\n\t\t\t\t\t<div class=\"elementor-column elementor-col-100 elementor-top-column elementor-element elementor-element-4d32aa3\" data-id=\"4d32aa3\" data-element_type=\"column\" data-e-type=\"column\">\n\t\t\t<div class=\"elementor-widget-wrap elementor-element-populated\">\n\t\t\t\t\t\t<div class=\"elementor-element elementor-element-84ee365 elementor-widget elementor-widget-text-editor\" data-id=\"84ee365\" data-element_type=\"widget\" data-e-type=\"widget\" data-widget_type=\"text-editor.default\">\n\t\t\t\t<div class=\"elementor-widget-container\">\n\t\t\t\t\t\t\t\t\t<p>An unserem zweiten Abend an der Technik-Akademie ging es f\u00fcr uns zu der T\u00fcbinger Sternwarte. Da in dieser nicht so viel Platz ist, wurden wir in zwei Gruppen unterteilt, die eine ging um 19:00 Uhr und die andere um 20:00 Uhr. Vor Ort haben wir einen interessanten Vortrag \u00fcber die verschiedene Planeten und die Raumfahrt bekommen. Danach sind wir in die gro\u00dfe Kuppel des Geb\u00e4udes gegangen. Dort war ein riesige Teleskop, mit dem schon viele tolle Aufnahmen des Universums gemacht wurden. Wir durften nach dem Einstellen des Teleskops sogar selbst die einzelnen Sterne und sonstige Himmelk\u00f6rper sehen.<\/p>\t\t\t\t\t\t\t\t<\/div>\n\t\t\t\t<\/div>\n\t\t\t\t\t<\/div>\n\t\t<\/div>\n\t\t\t\t\t<\/div>\n\t\t<\/section>\n\t\t\t\t<section class=\"elementor-section elementor-top-section elementor-element elementor-element-4ce192a elementor-section-boxed elementor-section-height-default elementor-section-height-default\" data-id=\"4ce192a\" data-element_type=\"section\" data-e-type=\"section\">\n\t\t\t\t\t\t<div class=\"elementor-container elementor-column-gap-default\">\n\t\t\t\t\t<div class=\"elementor-column elementor-col-100 elementor-top-column elementor-element elementor-element-13ced9b\" data-id=\"13ced9b\" data-element_type=\"column\" data-e-type=\"column\">\n\t\t\t<div class=\"elementor-widget-wrap elementor-element-populated\">\n\t\t\t\t\t\t<div class=\"elementor-element elementor-element-efb06dc elementor-widget elementor-widget-shortcode\" data-id=\"efb06dc\" data-element_type=\"widget\" data-e-type=\"widget\" data-widget_type=\"shortcode.default\">\n\t\t\t\t<div class=\"elementor-widget-container\">\n\t\t\t\t\t\t\t<div class=\"elementor-shortcode\"><div id=\"metaslider-id-378\" style=\"width: 100%;\" class=\"ml-slider-3-109-0 metaslider metaslider-flex metaslider-378 ml-slider has-dots-nav ms-theme-default\" role=\"region\" aria-label=\"Sternwarte\" data-height=\"800\" data-width=\"1400\">\n    <div id=\"metaslider_container_378\">\n        <div id=\"metaslider_378\">\n            <ul class='slides'>\n                <li style=\"display: block; width: 100%;\" class=\"slide-395 ms-image \" aria-roledescription=\"slide\" data-date=\"2023-02-21 13:13:35\" data-filename=\"DSC_0089-scaled-1400x800.jpg\" data-slide-type=\"image\"><img fetchpriority=\"high\" decoding=\"async\" src=\"https:\/\/www.technik-akademie-tuebingen.de\/2023\/wp-content\/uploads\/2023\/02\/DSC_0089-scaled-1400x800.jpg\" height=\"800\" width=\"1400\" alt=\"\" class=\"slider-378 slide-395 msDefaultImage\" title=\"DSC_0089\" \/><\/li>\n                <li style=\"display: none; width: 100%;\" class=\"slide-394 ms-image \" aria-roledescription=\"slide\" data-date=\"2023-02-21 13:13:33\" data-filename=\"DSC_0090-scaled-1400x800.jpg\" data-slide-type=\"image\"><img decoding=\"async\" src=\"https:\/\/www.technik-akademie-tuebingen.de\/2023\/wp-content\/uploads\/2023\/02\/DSC_0090-scaled-1400x800.jpg\" height=\"800\" width=\"1400\" alt=\"\" class=\"slider-378 slide-394 msDefaultImage\" title=\"DSC_0090\" \/><\/li>\n                <li style=\"display: none; width: 100%;\" class=\"slide-393 ms-image \" aria-roledescription=\"slide\" data-date=\"2023-02-21 13:13:30\" data-filename=\"DSC_0091-scaled-1400x800.jpg\" data-slide-type=\"image\"><img decoding=\"async\" src=\"https:\/\/www.technik-akademie-tuebingen.de\/2023\/wp-content\/uploads\/2023\/02\/DSC_0091-scaled-1400x800.jpg\" height=\"800\" width=\"1400\" alt=\"\" class=\"slider-378 slide-393 msDefaultImage\" title=\"DSC_0091\" \/><\/li>\n                <li style=\"display: none; width: 100%;\" class=\"slide-392 ms-image \" aria-roledescription=\"slide\" data-date=\"2023-02-21 13:13:28\" data-filename=\"DSC_0092-scaled-1400x800.jpg\" data-slide-type=\"image\"><img loading=\"lazy\" decoding=\"async\" src=\"https:\/\/www.technik-akademie-tuebingen.de\/2023\/wp-content\/uploads\/2023\/02\/DSC_0092-scaled-1400x800.jpg\" height=\"800\" width=\"1400\" alt=\"\" class=\"slider-378 slide-392 msDefaultImage\" title=\"DSC_0092\" \/><\/li>\n                <li style=\"display: none; width: 100%;\" class=\"slide-391 ms-image \" aria-roledescription=\"slide\" data-date=\"2023-02-21 13:13:26\" data-filename=\"DSC_0093-scaled-1400x800.jpg\" data-slide-type=\"image\"><img loading=\"lazy\" decoding=\"async\" src=\"https:\/\/www.technik-akademie-tuebingen.de\/2023\/wp-content\/uploads\/2023\/02\/DSC_0093-scaled-1400x800.jpg\" height=\"800\" width=\"1400\" alt=\"\" class=\"slider-378 slide-391 msDefaultImage\" title=\"DSC_0093\" \/><\/li>\n                <li style=\"display: none; width: 100%;\" class=\"slide-397 ms-image \" aria-roledescription=\"slide\" data-date=\"2023-02-21 13:13:40\" data-filename=\"DSC_0095-scaled-1400x800.jpg\" data-slide-type=\"image\"><img loading=\"lazy\" decoding=\"async\" src=\"https:\/\/www.technik-akademie-tuebingen.de\/2023\/wp-content\/uploads\/2023\/02\/DSC_0095-scaled-1400x800.jpg\" height=\"800\" width=\"1400\" alt=\"\" class=\"slider-378 slide-397 msDefaultImage\" title=\"DSC_0095\" \/><\/li>\n                <li style=\"display: none; width: 100%;\" class=\"slide-396 ms-image \" aria-roledescription=\"slide\" data-date=\"2023-02-21 13:13:38\" data-filename=\"DSC_0096-scaled-1400x800.jpg\" data-slide-type=\"image\"><img loading=\"lazy\" decoding=\"async\" src=\"https:\/\/www.technik-akademie-tuebingen.de\/2023\/wp-content\/uploads\/2023\/02\/DSC_0096-scaled-1400x800.jpg\" height=\"800\" width=\"1400\" alt=\"\" class=\"slider-378 slide-396 msDefaultImage\" title=\"DSC_0096\" \/><\/li>\n            <\/ul>\n        <\/div>\n        \n    <\/div>\n<\/div><\/div>\n\t\t\t\t\t\t<\/div>\n\t\t\t\t<\/div>\n\t\t\t\t\t<\/div>\n\t\t<\/div>\n\t\t\t\t\t<\/div>\n\t\t<\/section>\n\t\t\t\t<\/div>\n\t\t","protected":false},"excerpt":{"rendered":"<p>An unserem zweiten Abend an der Technik-Akademie ging es f\u00fcr uns zu der T\u00fcbinger Sternwarte. Da in dieser nicht so viel Platz ist, wurden wir in zwei Gruppen unterteilt, die eine ging um 19:00 Uhr und die andere um 20:00<\/p>\n","protected":false},"author":2,"featured_media":0,"parent":227,"menu_order":0,"comment_status":"closed","ping_status":"closed","template":"","meta":{"footnotes":""},"class_list":["post-376","page","type-page","status-publish","hentry"],"_links":{"self":[{"href":"https:\/\/www.technik-akademie-tuebingen.de\/2023\/wp-json\/wp\/v2\/pages\/376","targetHints":{"allow":["GET"]}}],"collection":[{"href":"https:\/\/www.technik-akademie-tuebingen.de\/2023\/wp-json\/wp\/v2\/pages"}],"about":[{"href":"https:\/\/www.technik-akademie-tuebingen.de\/2023\/wp-json\/wp\/v2\/types\/page"}],"author":[{"embeddable":true,"href":"https:\/\/www.technik-akademie-tuebingen.de\/2023\/wp-json\/wp\/v2\/users\/2"}],"replies":[{"embeddable":true,"href":"https:\/\/www.technik-akademie-tuebingen.de\/2023\/wp-json\/wp\/v2\/comments?post=376"}],"version-history":[{"count":16,"href":"https:\/\/www.technik-akademie-tuebingen.de\/2023\/wp-json\/wp\/v2\/pages\/376\/revisions"}],"predecessor-version":[{"id":460,"href":"https:\/\/www.technik-akademie-tuebingen.de\/2023\/wp-json\/wp\/v2\/pages\/376\/revisions\/460"}],"up":[{"embeddable":true,"href":"https:\/\/www.technik-akademie-tuebingen.de\/2023\/wp-json\/wp\/v2\/pages\/227"}],"wp:attachment":[{"href":"https:\/\/www.technik-akademie-tuebingen.de\/2023\/wp-json\/wp\/v2\/media?parent=376"}],"curies":[{"name":"wp","href":"https:\/\/api.w.org\/{rel}","templated":true}]}}