{"id":434,"date":"2023-02-21T15:09:12","date_gmt":"2023-02-21T14:09:12","guid":{"rendered":"http:\/\/www.technik-akademie-tuebingen.de\/2023\/?page_id=434"},"modified":"2023-02-24T09:20:51","modified_gmt":"2023-02-24T08:20:51","slug":"artif","status":"publish","type":"page","link":"https:\/\/www.technik-akademie-tuebingen.de\/2023\/firmen\/artif\/","title":{"rendered":"artif GmbH &amp; Co. KG"},"content":{"rendered":"\t\t<div data-elementor-type=\"wp-page\" data-elementor-id=\"434\" class=\"elementor elementor-434\">\n\t\t\t\t\t\t<section class=\"elementor-section elementor-top-section elementor-element elementor-element-2162c89 elementor-section-boxed elementor-section-height-default elementor-section-height-default\" data-id=\"2162c89\" data-element_type=\"section\" data-e-type=\"section\">\n\t\t\t\t\t\t<div class=\"elementor-container elementor-column-gap-default\">\n\t\t\t\t\t<div class=\"elementor-column elementor-col-100 elementor-top-column elementor-element elementor-element-bffcb05\" data-id=\"bffcb05\" data-element_type=\"column\" data-e-type=\"column\">\n\t\t\t<div class=\"elementor-widget-wrap elementor-element-populated\">\n\t\t\t\t\t\t<div class=\"elementor-element elementor-element-4b79b50 elementor-widget elementor-widget-text-editor\" data-id=\"4b79b50\" data-element_type=\"widget\" data-e-type=\"widget\" data-widget_type=\"text-editor.default\">\n\t\t\t\t<div class=\"elementor-widget-container\">\n\t\t\t\t\t\t\t\t\t<p>artif ist eine Full-Service Internetagentur, das hei\u00dft sie k\u00fcmmert sich um alles, was der Kunde m\u00f6chte, dazu geh\u00f6rt die Konzeption, das Design, die Entwicklung und die Beratung. artif verwendet dabei Content Management Systeme (CMS) wie WordPress oder TYPO3. Wir sind in die Rolle eines Mediengestalters von artif geschl\u00fcpft und haben diese Website mit Hilfe von WordPress erstellt. artif war ab 2005 ein Teil von artif orange GmbH &amp; Co. KG. Herr Brus trennte sich 2013 allerdings wieder und daraus entstand artif GmbH &amp; Co. KG.<\/p>\t\t\t\t\t\t\t\t<\/div>\n\t\t\t\t<\/div>\n\t\t\t\t\t<\/div>\n\t\t<\/div>\n\t\t\t\t\t<\/div>\n\t\t<\/section>\n\t\t\t\t<section class=\"elementor-section elementor-top-section elementor-element elementor-element-768b55a elementor-section-boxed elementor-section-height-default elementor-section-height-default\" data-id=\"768b55a\" data-element_type=\"section\" data-e-type=\"section\">\n\t\t\t\t\t\t<div class=\"elementor-container elementor-column-gap-default\">\n\t\t\t\t\t<div class=\"elementor-column elementor-col-100 elementor-top-column elementor-element elementor-element-f677141\" data-id=\"f677141\" data-element_type=\"column\" data-e-type=\"column\">\n\t\t\t<div class=\"elementor-widget-wrap elementor-element-populated\">\n\t\t\t\t\t\t<div class=\"elementor-element elementor-element-ee327ac elementor-widget elementor-widget-video\" data-id=\"ee327ac\" data-element_type=\"widget\" data-e-type=\"widget\" data-settings=\"{&quot;video_type&quot;:&quot;vimeo&quot;,&quot;show_image_overlay&quot;:&quot;yes&quot;,&quot;image_overlay&quot;:{&quot;url&quot;:&quot;http:\\\/\\\/www.technik-akademie-tuebingen.de\\\/2023\\\/wp-content\\\/uploads\\\/2023\\\/02\\\/artif_.png&quot;,&quot;id&quot;:736,&quot;size&quot;:&quot;&quot;,&quot;alt&quot;:&quot;&quot;,&quot;source&quot;:&quot;library&quot;}}\" data-widget_type=\"video.default\">\n\t\t\t\t<div class=\"elementor-widget-container\">\n\t\t\t\t\t\t\t<div class=\"elementor-wrapper elementor-open-inline\">\n\t\t\t<iframe class=\"elementor-video-iframe\" allowfullscreen allow=\"clipboard-write\" title=\"vimeo Video Player\" src=\"https:\/\/player.vimeo.com\/video\/801582717?color&amp;autopause=0&amp;loop=0&amp;muted=0&amp;title=0&amp;portrait=0&amp;byline=0#t=\"><\/iframe>\t\t\t\t<div class=\"elementor-custom-embed-image-overlay\" style=\"background-image: url(http:\/\/www.technik-akademie-tuebingen.de\/2023\/wp-content\/uploads\/2023\/02\/artif_.png);\">\n\t\t\t\t\t\t\t\t\t\t\t\t\t\t\t\t<div class=\"elementor-custom-embed-play\" role=\"button\" aria-label=\"Video abspielen\" tabindex=\"0\">\n\t\t\t\t\t\t\t<i aria-hidden=\"true\" class=\"eicon-play\"><\/i>\t\t\t\t\t\t<\/div>\n\t\t\t\t\t\t\t\t\t<\/div>\n\t\t\t\t\t<\/div>\n\t\t\t\t\t\t<\/div>\n\t\t\t\t<\/div>\n\t\t\t\t<div class=\"elementor-element elementor-element-6013e57 elementor-widget elementor-widget-text-editor\" data-id=\"6013e57\" data-element_type=\"widget\" data-e-type=\"widget\" data-widget_type=\"text-editor.default\">\n\t\t\t\t<div class=\"elementor-widget-container\">\n\t\t\t\t\t\t\t\t\t<p>Teilnehmer bei artif: Michl, Nick<\/p>\t\t\t\t\t\t\t\t<\/div>\n\t\t\t\t<\/div>\n\t\t\t\t\t<\/div>\n\t\t<\/div>\n\t\t\t\t\t<\/div>\n\t\t<\/section>\n\t\t\t\t<section class=\"elementor-section elementor-top-section elementor-element elementor-element-7dea35a elementor-section-boxed elementor-section-height-default elementor-section-height-default\" data-id=\"7dea35a\" data-element_type=\"section\" data-e-type=\"section\">\n\t\t\t\t\t\t<div class=\"elementor-container elementor-column-gap-default\">\n\t\t\t\t\t<div class=\"elementor-column elementor-col-100 elementor-top-column elementor-element elementor-element-2ce43ad\" data-id=\"2ce43ad\" data-element_type=\"column\" data-e-type=\"column\">\n\t\t\t<div class=\"elementor-widget-wrap elementor-element-populated\">\n\t\t\t\t\t\t<div class=\"elementor-element elementor-element-c40cf15 elementor-widget elementor-widget-shortcode\" data-id=\"c40cf15\" data-element_type=\"widget\" data-e-type=\"widget\" data-widget_type=\"shortcode.default\">\n\t\t\t\t<div class=\"elementor-widget-container\">\n\t\t\t\t\t\t\t<div class=\"elementor-shortcode\"><div id=\"metaslider-id-436\" style=\"width: 100%;\" class=\"ml-slider-3-109-0 metaslider metaslider-flex metaslider-436 ml-slider has-dots-nav ms-theme-default\" role=\"region\" aria-label=\"artif\" data-height=\"800\" data-width=\"1400\">\n    <div id=\"metaslider_container_436\">\n        <div id=\"metaslider_436\">\n            <ul class='slides'>\n                <li style=\"display: block; width: 100%;\" class=\"slide-448 ms-image \" aria-roledescription=\"slide\" data-date=\"2023-02-21 15:20:38\" data-filename=\"DSC_0083-scaled-1400x800.jpg\" data-slide-type=\"image\"><img fetchpriority=\"high\" decoding=\"async\" src=\"https:\/\/www.technik-akademie-tuebingen.de\/2023\/wp-content\/uploads\/2023\/02\/DSC_0083-scaled-1400x800.jpg\" height=\"800\" width=\"1400\" alt=\"\" class=\"slider-436 slide-448 msDefaultImage\" title=\"DSC_0083\" \/><\/li>\n                <li style=\"display: none; width: 100%;\" class=\"slide-444 ms-image \" aria-roledescription=\"slide\" data-date=\"2023-02-21 15:20:30\" data-filename=\"DSC_0087-scaled-1400x800.jpg\" data-slide-type=\"image\"><img decoding=\"async\" src=\"https:\/\/www.technik-akademie-tuebingen.de\/2023\/wp-content\/uploads\/2023\/02\/DSC_0087-scaled-1400x800.jpg\" height=\"800\" width=\"1400\" alt=\"\" class=\"slider-436 slide-444 msDefaultImage\" title=\"DSC_0087\" \/><\/li>\n                <li style=\"display: none; width: 100%;\" class=\"slide-445 ms-image \" aria-roledescription=\"slide\" data-date=\"2023-02-21 15:20:32\" data-filename=\"DSC_0086-scaled-1400x800.jpg\" data-slide-type=\"image\"><img decoding=\"async\" src=\"https:\/\/www.technik-akademie-tuebingen.de\/2023\/wp-content\/uploads\/2023\/02\/DSC_0086-scaled-1400x800.jpg\" height=\"800\" width=\"1400\" alt=\"\" class=\"slider-436 slide-445 msDefaultImage\" title=\"DSC_0086\" \/><\/li>\n                <li style=\"display: none; width: 100%;\" class=\"slide-446 ms-image \" aria-roledescription=\"slide\" data-date=\"2023-02-21 15:20:34\" data-filename=\"DSC_0085-scaled-1400x800.jpg\" data-slide-type=\"image\"><img loading=\"lazy\" decoding=\"async\" src=\"https:\/\/www.technik-akademie-tuebingen.de\/2023\/wp-content\/uploads\/2023\/02\/DSC_0085-scaled-1400x800.jpg\" height=\"800\" width=\"1400\" alt=\"\" class=\"slider-436 slide-446 msDefaultImage\" title=\"DSC_0085\" \/><\/li>\n                <li style=\"display: none; width: 100%;\" class=\"slide-447 ms-image \" aria-roledescription=\"slide\" data-date=\"2023-02-21 15:20:36\" data-filename=\"DSC_0084-scaled-1400x800.jpg\" data-slide-type=\"image\"><img loading=\"lazy\" decoding=\"async\" src=\"https:\/\/www.technik-akademie-tuebingen.de\/2023\/wp-content\/uploads\/2023\/02\/DSC_0084-scaled-1400x800.jpg\" height=\"800\" width=\"1400\" alt=\"\" class=\"slider-436 slide-447 msDefaultImage\" title=\"DSC_0084\" \/><\/li>\n            <\/ul>\n        <\/div>\n        \n    <\/div>\n<\/div><\/div>\n\t\t\t\t\t\t<\/div>\n\t\t\t\t<\/div>\n\t\t\t\t\t<\/div>\n\t\t<\/div>\n\t\t\t\t\t<\/div>\n\t\t<\/section>\n\t\t\t\t<\/div>\n\t\t","protected":false},"excerpt":{"rendered":"<p>artif ist eine Full-Service Internetagentur, das hei\u00dft sie k\u00fcmmert sich um alles, was der Kunde m\u00f6chte, dazu geh\u00f6rt die Konzeption, das Design, die Entwicklung und die Beratung. artif verwendet dabei Content Management Systeme (CMS) wie WordPress oder TYPO3. Wir sind<\/p>\n","protected":false},"author":2,"featured_media":0,"parent":282,"menu_order":0,"comment_status":"closed","ping_status":"closed","template":"","meta":{"footnotes":""},"class_list":["post-434","page","type-page","status-publish","hentry"],"_links":{"self":[{"href":"https:\/\/www.technik-akademie-tuebingen.de\/2023\/wp-json\/wp\/v2\/pages\/434","targetHints":{"allow":["GET"]}}],"collection":[{"href":"https:\/\/www.technik-akademie-tuebingen.de\/2023\/wp-json\/wp\/v2\/pages"}],"about":[{"href":"https:\/\/www.technik-akademie-tuebingen.de\/2023\/wp-json\/wp\/v2\/types\/page"}],"author":[{"embeddable":true,"href":"https:\/\/www.technik-akademie-tuebingen.de\/2023\/wp-json\/wp\/v2\/users\/2"}],"replies":[{"embeddable":true,"href":"https:\/\/www.technik-akademie-tuebingen.de\/2023\/wp-json\/wp\/v2\/comments?post=434"}],"version-history":[{"count":16,"href":"https:\/\/www.technik-akademie-tuebingen.de\/2023\/wp-json\/wp\/v2\/pages\/434\/revisions"}],"predecessor-version":[{"id":838,"href":"https:\/\/www.technik-akademie-tuebingen.de\/2023\/wp-json\/wp\/v2\/pages\/434\/revisions\/838"}],"up":[{"embeddable":true,"href":"https:\/\/www.technik-akademie-tuebingen.de\/2023\/wp-json\/wp\/v2\/pages\/282"}],"wp:attachment":[{"href":"https:\/\/www.technik-akademie-tuebingen.de\/2023\/wp-json\/wp\/v2\/media?parent=434"}],"curies":[{"name":"wp","href":"https:\/\/api.w.org\/{rel}","templated":true}]}}