{"id":471,"date":"2023-02-22T09:11:09","date_gmt":"2023-02-22T08:11:09","guid":{"rendered":"http:\/\/www.technik-akademie-tuebingen.de\/2023\/?page_id=471"},"modified":"2023-02-22T12:57:54","modified_gmt":"2023-02-22T11:57:54","slug":"stadtfuehrung-durch-tuebingen","status":"publish","type":"page","link":"https:\/\/www.technik-akademie-tuebingen.de\/2023\/freizeit\/stadtfuehrung-durch-tuebingen\/","title":{"rendered":"Stadtf\u00fchrung durch T\u00fcbingen"},"content":{"rendered":"\t\t<div data-elementor-type=\"wp-page\" data-elementor-id=\"471\" class=\"elementor elementor-471\">\n\t\t\t\t\t\t<section class=\"elementor-section elementor-top-section elementor-element elementor-element-cc826fd elementor-section-boxed elementor-section-height-default elementor-section-height-default\" data-id=\"cc826fd\" data-element_type=\"section\" data-e-type=\"section\">\n\t\t\t\t\t\t<div class=\"elementor-container elementor-column-gap-default\">\n\t\t\t\t\t<div class=\"elementor-column elementor-col-100 elementor-top-column elementor-element elementor-element-a7bb28b\" data-id=\"a7bb28b\" data-element_type=\"column\" data-e-type=\"column\">\n\t\t\t<div class=\"elementor-widget-wrap elementor-element-populated\">\n\t\t\t\t\t\t<div class=\"elementor-element elementor-element-ae294d7 elementor-widget elementor-widget-text-editor\" data-id=\"ae294d7\" data-element_type=\"widget\" data-e-type=\"widget\" data-widget_type=\"text-editor.default\">\n\t\t\t\t<div class=\"elementor-widget-container\">\n\t\t\t\t\t\t\t\t\t<p>An unserem dritten Abend in der Technik-Akademie haben wir eine Stadtf\u00fchrung durch die Stadt T\u00fcbingen gemacht. Wir konnten viele alte Geb\u00e4ude sehen und viel \u00fcber die Geschichte der Stadt lernen. Wir sind bei unserer F\u00fchrung nat\u00fcrlich viel durch die wundersch\u00f6ne Altstadt gelaufen. Wir waren sogar im Schloss Hohent\u00fcbingen, wo wir durch einen alten Tunnel wieder hinaus gelaufen sind. Wir haben au\u00dferdem erfahren, dass viele der alten Geb\u00e4ude der Stadt von der Universit\u00e4t T\u00fcbingen genutzt werden.<\/p>\t\t\t\t\t\t\t\t<\/div>\n\t\t\t\t<\/div>\n\t\t\t\t\t<\/div>\n\t\t<\/div>\n\t\t\t\t\t<\/div>\n\t\t<\/section>\n\t\t\t\t<section class=\"elementor-section elementor-top-section elementor-element elementor-element-8ba742a elementor-section-boxed elementor-section-height-default elementor-section-height-default\" data-id=\"8ba742a\" data-element_type=\"section\" data-e-type=\"section\">\n\t\t\t\t\t\t<div class=\"elementor-container elementor-column-gap-default\">\n\t\t\t\t\t<div class=\"elementor-column elementor-col-100 elementor-top-column elementor-element elementor-element-182b93f\" data-id=\"182b93f\" data-element_type=\"column\" data-e-type=\"column\">\n\t\t\t<div class=\"elementor-widget-wrap elementor-element-populated\">\n\t\t\t\t\t\t<div class=\"elementor-element elementor-element-9aa0298 elementor-widget elementor-widget-shortcode\" data-id=\"9aa0298\" data-element_type=\"widget\" data-e-type=\"widget\" data-widget_type=\"shortcode.default\">\n\t\t\t\t<div class=\"elementor-widget-container\">\n\t\t\t\t\t\t\t<div class=\"elementor-shortcode\"><div id=\"metaslider-id-473\" style=\"width: 100%;\" class=\"ml-slider-3-109-0 metaslider metaslider-flex metaslider-473 ml-slider has-dots-nav ms-theme-default\" role=\"region\" aria-label=\"Die Stadt T\u00fcbingen\" data-height=\"800\" data-width=\"1400\">\n    <div id=\"metaslider_container_473\">\n        <div id=\"metaslider_473\">\n            <ul class='slides'>\n                <li style=\"display: block; width: 100%;\" class=\"slide-493 ms-image \" aria-roledescription=\"slide\" data-date=\"2023-02-22 09:24:00\" data-filename=\"DSC_0121-scaled-1400x800.jpg\" data-slide-type=\"image\"><img fetchpriority=\"high\" decoding=\"async\" src=\"https:\/\/www.technik-akademie-tuebingen.de\/2023\/wp-content\/uploads\/2023\/02\/DSC_0121-scaled-1400x800.jpg\" height=\"800\" width=\"1400\" alt=\"\" class=\"slider-473 slide-493 msDefaultImage\" title=\"DSC_0121\" \/><\/li>\n                <li style=\"display: none; width: 100%;\" class=\"slide-491 ms-image \" aria-roledescription=\"slide\" data-date=\"2023-02-22 09:23:55\" data-filename=\"DSC_0128-scaled-1400x800.jpg\" data-slide-type=\"image\"><img decoding=\"async\" src=\"https:\/\/www.technik-akademie-tuebingen.de\/2023\/wp-content\/uploads\/2023\/02\/DSC_0128-scaled-1400x800.jpg\" height=\"800\" width=\"1400\" alt=\"\" class=\"slider-473 slide-491 msDefaultImage\" title=\"DSC_0128\" \/><\/li>\n                <li style=\"display: none; width: 100%;\" class=\"slide-490 ms-image \" aria-roledescription=\"slide\" data-date=\"2023-02-22 09:23:53\" data-filename=\"DSC_0131-scaled-1400x800.jpg\" data-slide-type=\"image\"><img decoding=\"async\" src=\"https:\/\/www.technik-akademie-tuebingen.de\/2023\/wp-content\/uploads\/2023\/02\/DSC_0131-scaled-1400x800.jpg\" height=\"800\" width=\"1400\" alt=\"\" class=\"slider-473 slide-490 msDefaultImage\" title=\"DSC_0131\" \/><\/li>\n                <li style=\"display: none; width: 100%;\" class=\"slide-494 ms-image \" aria-roledescription=\"slide\" data-date=\"2023-02-22 09:24:21\" data-filename=\"DSC_0119-scaled-1400x800.jpg\" data-slide-type=\"image\"><img loading=\"lazy\" decoding=\"async\" src=\"https:\/\/www.technik-akademie-tuebingen.de\/2023\/wp-content\/uploads\/2023\/02\/DSC_0119-scaled-1400x800.jpg\" height=\"800\" width=\"1400\" alt=\"\" class=\"slider-473 slide-494 msDefaultImage\" title=\"DSC_0119\" \/><\/li>\n                <li style=\"display: none; width: 100%;\" class=\"slide-492 ms-image \" aria-roledescription=\"slide\" data-date=\"2023-02-22 09:23:57\" data-filename=\"DSC_0124-scaled-1400x800.jpg\" data-slide-type=\"image\"><img loading=\"lazy\" decoding=\"async\" src=\"https:\/\/www.technik-akademie-tuebingen.de\/2023\/wp-content\/uploads\/2023\/02\/DSC_0124-scaled-1400x800.jpg\" height=\"800\" width=\"1400\" alt=\"\" class=\"slider-473 slide-492 msDefaultImage\" title=\"DSC_0124\" \/><\/li>\n                <li style=\"display: none; width: 100%;\" class=\"slide-489 ms-image \" aria-roledescription=\"slide\" data-date=\"2023-02-22 09:23:51\" data-filename=\"DSC_0135-scaled-1400x800.jpg\" data-slide-type=\"image\"><img loading=\"lazy\" decoding=\"async\" src=\"https:\/\/www.technik-akademie-tuebingen.de\/2023\/wp-content\/uploads\/2023\/02\/DSC_0135-scaled-1400x800.jpg\" height=\"800\" width=\"1400\" alt=\"\" class=\"slider-473 slide-489 msDefaultImage\" title=\"DSC_0135\" \/><\/li>\n                <li style=\"display: none; width: 100%;\" class=\"slide-488 ms-image \" aria-roledescription=\"slide\" data-date=\"2023-02-22 09:23:48\" data-filename=\"DSC_0136-scaled-1400x800.jpg\" data-slide-type=\"image\"><img loading=\"lazy\" decoding=\"async\" src=\"https:\/\/www.technik-akademie-tuebingen.de\/2023\/wp-content\/uploads\/2023\/02\/DSC_0136-scaled-1400x800.jpg\" height=\"800\" width=\"1400\" alt=\"\" class=\"slider-473 slide-488 msDefaultImage\" title=\"DSC_0136\" \/><\/li>\n                <li style=\"display: none; width: 100%;\" class=\"slide-487 ms-image \" aria-roledescription=\"slide\" data-date=\"2023-02-22 09:23:46\" data-filename=\"DSC_0138-scaled-1400x800.jpg\" data-slide-type=\"image\"><img loading=\"lazy\" decoding=\"async\" src=\"https:\/\/www.technik-akademie-tuebingen.de\/2023\/wp-content\/uploads\/2023\/02\/DSC_0138-scaled-1400x800.jpg\" height=\"800\" width=\"1400\" alt=\"\" class=\"slider-473 slide-487 msDefaultImage\" title=\"DSC_0138\" \/><\/li>\n                <li style=\"display: none; width: 100%;\" class=\"slide-495 ms-image \" aria-roledescription=\"slide\" data-date=\"2023-02-22 09:24:24\" data-filename=\"DSC_0139-scaled-1400x800.jpg\" data-slide-type=\"image\"><img loading=\"lazy\" decoding=\"async\" src=\"https:\/\/www.technik-akademie-tuebingen.de\/2023\/wp-content\/uploads\/2023\/02\/DSC_0139-scaled-1400x800.jpg\" height=\"800\" width=\"1400\" alt=\"\" class=\"slider-473 slide-495 msDefaultImage\" title=\"DSC_0139\" \/><\/li>\n            <\/ul>\n        <\/div>\n        \n    <\/div>\n<\/div><\/div>\n\t\t\t\t\t\t<\/div>\n\t\t\t\t<\/div>\n\t\t\t\t\t<\/div>\n\t\t<\/div>\n\t\t\t\t\t<\/div>\n\t\t<\/section>\n\t\t\t\t<\/div>\n\t\t","protected":false},"excerpt":{"rendered":"<p>An unserem dritten Abend in der Technik-Akademie haben wir eine Stadtf\u00fchrung durch die Stadt T\u00fcbingen gemacht. Wir konnten viele alte Geb\u00e4ude sehen und viel \u00fcber die Geschichte der Stadt lernen. Wir sind bei unserer F\u00fchrung nat\u00fcrlich viel durch die wundersch\u00f6ne<\/p>\n","protected":false},"author":2,"featured_media":0,"parent":227,"menu_order":0,"comment_status":"closed","ping_status":"closed","template":"","meta":{"footnotes":""},"class_list":["post-471","page","type-page","status-publish","hentry"],"_links":{"self":[{"href":"https:\/\/www.technik-akademie-tuebingen.de\/2023\/wp-json\/wp\/v2\/pages\/471","targetHints":{"allow":["GET"]}}],"collection":[{"href":"https:\/\/www.technik-akademie-tuebingen.de\/2023\/wp-json\/wp\/v2\/pages"}],"about":[{"href":"https:\/\/www.technik-akademie-tuebingen.de\/2023\/wp-json\/wp\/v2\/types\/page"}],"author":[{"embeddable":true,"href":"https:\/\/www.technik-akademie-tuebingen.de\/2023\/wp-json\/wp\/v2\/users\/2"}],"replies":[{"embeddable":true,"href":"https:\/\/www.technik-akademie-tuebingen.de\/2023\/wp-json\/wp\/v2\/comments?post=471"}],"version-history":[{"count":8,"href":"https:\/\/www.technik-akademie-tuebingen.de\/2023\/wp-json\/wp\/v2\/pages\/471\/revisions"}],"predecessor-version":[{"id":567,"href":"https:\/\/www.technik-akademie-tuebingen.de\/2023\/wp-json\/wp\/v2\/pages\/471\/revisions\/567"}],"up":[{"embeddable":true,"href":"https:\/\/www.technik-akademie-tuebingen.de\/2023\/wp-json\/wp\/v2\/pages\/227"}],"wp:attachment":[{"href":"https:\/\/www.technik-akademie-tuebingen.de\/2023\/wp-json\/wp\/v2\/media?parent=471"}],"curies":[{"name":"wp","href":"https:\/\/api.w.org\/{rel}","templated":true}]}}