{"id":73,"date":"2023-02-20T10:38:44","date_gmt":"2023-02-20T09:38:44","guid":{"rendered":"http:\/\/www.technik-akademie-tuebingen.de\/2023\/?page_id=73"},"modified":"2023-02-23T13:05:44","modified_gmt":"2023-02-23T12:05:44","slug":"jugendherberge","status":"publish","type":"page","link":"https:\/\/www.technik-akademie-tuebingen.de\/2023\/allgemein\/jugendherberge\/","title":{"rendered":"Jugendherberge"},"content":{"rendered":"\t\t<div data-elementor-type=\"wp-page\" data-elementor-id=\"73\" class=\"elementor elementor-73\">\n\t\t\t\t\t\t<section class=\"elementor-section elementor-top-section elementor-element elementor-element-215e73dc elementor-section-boxed elementor-section-height-default elementor-section-height-default\" data-id=\"215e73dc\" data-element_type=\"section\" data-e-type=\"section\">\n\t\t\t\t\t\t<div class=\"elementor-container elementor-column-gap-default\">\n\t\t\t\t\t<div class=\"elementor-column elementor-col-100 elementor-top-column elementor-element elementor-element-7f70d505\" data-id=\"7f70d505\" data-element_type=\"column\" data-e-type=\"column\">\n\t\t\t<div class=\"elementor-widget-wrap elementor-element-populated\">\n\t\t\t\t\t\t<div class=\"elementor-element elementor-element-35ef5339 elementor-widget elementor-widget-text-editor\" data-id=\"35ef5339\" data-element_type=\"widget\" data-e-type=\"widget\" data-widget_type=\"text-editor.default\">\n\t\t\t\t<div class=\"elementor-widget-container\">\n\t\t\t\t\t\t\t\t\t<p><\/p>\n<p>W\u00e4hrend unserer Teilnahme an der Technik-Akademie waren wir in der Jugendherberge in T\u00fcbingen untergebracht. Die Jugendherberge wurde im Jahr 1936 erbaut und hat 200 Betten, 65 Zimmer und 7\u00a0 Gruppenr\u00e4ume. Sie liegt mitten im Zentrum von T\u00fcbingen und direkt am Neckar, sodass wir um an den Fluss zu gelangen nur 20 Meter von der T\u00fcre entfernt sein mussten. Fr\u00fchst\u00fcck gab es immer um 7 Uhr und Abendessen immer um 18 Uhr. Mittags haben wir nicht in der Jugendherberge gegessen, sondern immer bei unseren Firmen vor Ort.<\/p>\n<figure class=\"wp-block-gallery has-nested-images columns-default is-cropped\">\n<figure class=\"wp-block-image size-large\"><\/figure>\n<p><\/p>\n<\/figure>\n<p><!-- \/wp:gallery --><\/p>\t\t\t\t\t\t\t\t<\/div>\n\t\t\t\t<\/div>\n\t\t\t\t\t<\/div>\n\t\t<\/div>\n\t\t\t\t\t<\/div>\n\t\t<\/section>\n\t\t\t\t<section class=\"elementor-section elementor-top-section elementor-element elementor-element-af14442 elementor-section-boxed elementor-section-height-default elementor-section-height-default\" data-id=\"af14442\" data-element_type=\"section\" data-e-type=\"section\">\n\t\t\t\t\t\t<div class=\"elementor-container elementor-column-gap-default\">\n\t\t\t\t\t<div class=\"elementor-column elementor-col-100 elementor-top-column elementor-element elementor-element-bb69c5b\" data-id=\"bb69c5b\" data-element_type=\"column\" data-e-type=\"column\">\n\t\t\t<div class=\"elementor-widget-wrap elementor-element-populated\">\n\t\t\t\t\t\t<div class=\"elementor-element elementor-element-f616521 elementor-widget elementor-widget-shortcode\" data-id=\"f616521\" data-element_type=\"widget\" data-e-type=\"widget\" data-widget_type=\"shortcode.default\">\n\t\t\t\t<div class=\"elementor-widget-container\">\n\t\t\t\t\t\t\t<div class=\"elementor-shortcode\"><div id=\"metaslider-id-97\" style=\"width: 100%;\" class=\"ml-slider-3-109-0 metaslider metaslider-flex metaslider-97 ml-slider has-dots-nav ms-theme-default\" role=\"region\" aria-label=\"Jugendherberge\" data-height=\"800\" data-width=\"1400\">\n    <div id=\"metaslider_container_97\">\n        <div id=\"metaslider_97\">\n            <ul class='slides'>\n                <li style=\"display: block; width: 100%;\" class=\"slide-99 ms-image \" aria-roledescription=\"slide\" data-date=\"2023-02-20 10:19:41\" data-filename=\"DSC_0081-scaled-1400x800.jpg\" data-slide-type=\"image\"><img fetchpriority=\"high\" decoding=\"async\" src=\"https:\/\/www.technik-akademie-tuebingen.de\/2023\/wp-content\/uploads\/2023\/02\/DSC_0081-scaled-1400x800.jpg\" height=\"800\" width=\"1400\" alt=\"der Au\u00dfenbereich der Jugendherberge\" class=\"slider-97 slide-99 msDefaultImage\" title=\"DSC_0081\" \/><\/li>\n                <li style=\"display: none; width: 100%;\" class=\"slide-100 ms-image \" aria-roledescription=\"slide\" data-date=\"2023-02-20 10:19:42\" data-filename=\"DSC_0077-scaled-1400x800.jpg\" data-slide-type=\"image\"><img decoding=\"async\" src=\"https:\/\/www.technik-akademie-tuebingen.de\/2023\/wp-content\/uploads\/2023\/02\/DSC_0077-scaled-1400x800.jpg\" height=\"800\" width=\"1400\" alt=\"der Eingang der Jugendherberge\" class=\"slider-97 slide-100 msDefaultImage\" title=\"DSC_0077\" \/><\/li>\n                <li style=\"display: none; width: 100%;\" class=\"slide-101 ms-image \" aria-roledescription=\"slide\" data-date=\"2023-02-20 10:19:42\" data-filename=\"DSC_0080-scaled-1400x800.jpg\" data-slide-type=\"image\"><img decoding=\"async\" src=\"https:\/\/www.technik-akademie-tuebingen.de\/2023\/wp-content\/uploads\/2023\/02\/DSC_0080-scaled-1400x800.jpg\" height=\"800\" width=\"1400\" alt=\"Die Rezeption\" class=\"slider-97 slide-101 msDefaultImage\" title=\"DSC_0080\" \/><\/li>\n            <\/ul>\n        <\/div>\n        \n    <\/div>\n<\/div><\/div>\n\t\t\t\t\t\t<\/div>\n\t\t\t\t<\/div>\n\t\t\t\t\t<\/div>\n\t\t<\/div>\n\t\t\t\t\t<\/div>\n\t\t<\/section>\n\t\t\t\t<section class=\"elementor-section elementor-top-section elementor-element elementor-element-8a68bfa elementor-section-boxed elementor-section-height-default elementor-section-height-default\" data-id=\"8a68bfa\" data-element_type=\"section\" data-e-type=\"section\">\n\t\t\t\t\t\t<div class=\"elementor-container elementor-column-gap-default\">\n\t\t\t\t\t<div class=\"elementor-column elementor-col-100 elementor-top-column elementor-element elementor-element-502b818\" data-id=\"502b818\" data-element_type=\"column\" data-e-type=\"column\">\n\t\t\t<div class=\"elementor-widget-wrap elementor-element-populated\">\n\t\t\t\t\t\t<div class=\"elementor-element elementor-element-615e97d elementor-widget elementor-widget-google_maps\" data-id=\"615e97d\" data-element_type=\"widget\" data-e-type=\"widget\" data-widget_type=\"google_maps.default\">\n\t\t\t\t<div class=\"elementor-widget-container\">\n\t\t\t\t\t\t\t<div class=\"elementor-custom-embed\">\n\t\t\t<iframe loading=\"lazy\"\n\t\t\t\t\tsrc=\"https:\/\/maps.google.com\/maps?q=jugenherberge%20t%C3%BCbingen&#038;t=m&#038;z=10&#038;output=embed&#038;iwloc=near\"\n\t\t\t\t\ttitle=\"jugenherberge t\u00fcbingen\"\n\t\t\t\t\taria-label=\"jugenherberge t\u00fcbingen\"\n\t\t\t><\/iframe>\n\t\t<\/div>\n\t\t\t\t\t\t<\/div>\n\t\t\t\t<\/div>\n\t\t\t\t\t<\/div>\n\t\t<\/div>\n\t\t\t\t\t<\/div>\n\t\t<\/section>\n\t\t\t\t<\/div>\n\t\t","protected":false},"excerpt":{"rendered":"<p>W\u00e4hrend unserer Teilnahme an der Technik-Akademie waren wir in der Jugendherberge in T\u00fcbingen untergebracht. Die Jugendherberge wurde im Jahr 1936 erbaut und hat 200 Betten, 65 Zimmer und 7\u00a0 Gruppenr\u00e4ume. Sie liegt mitten im Zentrum von T\u00fcbingen und direkt am<\/p>\n","protected":false},"author":3,"featured_media":0,"parent":645,"menu_order":0,"comment_status":"closed","ping_status":"closed","template":"","meta":{"footnotes":""},"class_list":["post-73","page","type-page","status-publish","hentry"],"_links":{"self":[{"href":"https:\/\/www.technik-akademie-tuebingen.de\/2023\/wp-json\/wp\/v2\/pages\/73","targetHints":{"allow":["GET"]}}],"collection":[{"href":"https:\/\/www.technik-akademie-tuebingen.de\/2023\/wp-json\/wp\/v2\/pages"}],"about":[{"href":"https:\/\/www.technik-akademie-tuebingen.de\/2023\/wp-json\/wp\/v2\/types\/page"}],"author":[{"embeddable":true,"href":"https:\/\/www.technik-akademie-tuebingen.de\/2023\/wp-json\/wp\/v2\/users\/3"}],"replies":[{"embeddable":true,"href":"https:\/\/www.technik-akademie-tuebingen.de\/2023\/wp-json\/wp\/v2\/comments?post=73"}],"version-history":[{"count":51,"href":"https:\/\/www.technik-akademie-tuebingen.de\/2023\/wp-json\/wp\/v2\/pages\/73\/revisions"}],"predecessor-version":[{"id":721,"href":"https:\/\/www.technik-akademie-tuebingen.de\/2023\/wp-json\/wp\/v2\/pages\/73\/revisions\/721"}],"up":[{"embeddable":true,"href":"https:\/\/www.technik-akademie-tuebingen.de\/2023\/wp-json\/wp\/v2\/pages\/645"}],"wp:attachment":[{"href":"https:\/\/www.technik-akademie-tuebingen.de\/2023\/wp-json\/wp\/v2\/media?parent=73"}],"curies":[{"name":"wp","href":"https:\/\/api.w.org\/{rel}","templated":true}]}}