{"id":44,"date":"2024-03-25T10:49:22","date_gmt":"2024-03-25T09:49:22","guid":{"rendered":"http:\/\/www.technik-akademie-tuebingen.de\/2024\/?page_id=44"},"modified":"2024-03-28T08:36:38","modified_gmt":"2024-03-28T07:36:38","slug":"robert-bosch-gmbh","status":"publish","type":"page","link":"https:\/\/www.technik-akademie-tuebingen.de\/2024\/firmen\/robert-bosch-gmbh\/","title":{"rendered":"Robert Bosch GmbH"},"content":{"rendered":"\t\t<div data-elementor-type=\"wp-page\" data-elementor-id=\"44\" class=\"elementor elementor-44\">\n\t\t\t\t<div class=\"elementor-element elementor-element-7562ad5 e-flex e-con-boxed e-con e-parent\" data-id=\"7562ad5\" data-element_type=\"container\" data-e-type=\"container\">\n\t\t\t\t\t<div class=\"e-con-inner\">\n\t\t\t\t<div class=\"elementor-element elementor-element-9e4655f elementor-widget elementor-widget-image\" data-id=\"9e4655f\" data-element_type=\"widget\" data-e-type=\"widget\" data-widget_type=\"image.default\">\n\t\t\t\t<div class=\"elementor-widget-container\">\n\t\t\t\t\t\t\t\t\t\t\t\t\t\t\t<img fetchpriority=\"high\" decoding=\"async\" width=\"620\" height=\"138\" src=\"https:\/\/www.technik-akademie-tuebingen.de\/2024\/wp-content\/uploads\/2024\/03\/Bosch-1024x228.jpg\" class=\"attachment-large size-large wp-image-140\" alt=\"\" srcset=\"https:\/\/www.technik-akademie-tuebingen.de\/2024\/wp-content\/uploads\/2024\/03\/Bosch-1024x228.jpg 1024w, https:\/\/www.technik-akademie-tuebingen.de\/2024\/wp-content\/uploads\/2024\/03\/Bosch-300x67.jpg 300w, https:\/\/www.technik-akademie-tuebingen.de\/2024\/wp-content\/uploads\/2024\/03\/Bosch-768x171.jpg 768w, https:\/\/www.technik-akademie-tuebingen.de\/2024\/wp-content\/uploads\/2024\/03\/Bosch-1536x341.jpg 1536w, https:\/\/www.technik-akademie-tuebingen.de\/2024\/wp-content\/uploads\/2024\/03\/Bosch-380x84.jpg 380w, https:\/\/www.technik-akademie-tuebingen.de\/2024\/wp-content\/uploads\/2024\/03\/Bosch.jpg 1701w\" sizes=\"(max-width: 620px) 100vw, 620px\" \/>\t\t\t\t\t\t\t\t\t\t\t\t\t\t\t<\/div>\n\t\t\t\t<\/div>\n\t\t\t\t\t<\/div>\n\t\t\t\t<\/div>\n\t\t<div class=\"elementor-element elementor-element-2331573 e-flex e-con-boxed e-con e-parent\" data-id=\"2331573\" data-element_type=\"container\" data-e-type=\"container\">\n\t\t\t\t\t<div class=\"e-con-inner\">\n\t\t\t\t<div class=\"elementor-element elementor-element-54d5a25 elementor-widget elementor-widget-text-editor\" data-id=\"54d5a25\" data-element_type=\"widget\" data-e-type=\"widget\" data-widget_type=\"text-editor.default\">\n\t\t\t\t<div class=\"elementor-widget-container\">\n\t\t\t\t\t\t\t\t\t<p>Bosch wurde im Jahr 1886 von Robert Bosch in Stuttgart gegr\u00fcndet, heutzutage hat das Unternehmen 427.600 Mitarbeiter in 60 L\u00e4ndern, die sich mit den Bereichen Automobiltechnik, Industrietechnik, Gebrauchsg\u00fcter (Elektrowerkzeuge, Haushaltsger\u00e4te usw.) und Energie- und Geb\u00e4udetechnik (Thermotechnik, Sicherheitssysteme) besch\u00e4ftigen. So erwirtschaftete das Unternehmen im Jahr 2023 einen Umsatz von 91,6 Milliarden Euro. Mit ihrer Automobilsparte, die im Jahr 2020 f\u00fcr 59% des Konzernumsatzes verantwortlich war, ist die Robert Bosch GmbH der weltweit gr\u00f6\u00dfte Automobilzulieferer. Trotzdem legt Bosch gro\u00dfen Wert auf Umweltschutz und Nachhaltigkeit, deshalb ist Bosch schon seit Februar 2020 klimaneutral und somit das weltweit erste globale Industrieunternehmen, das keinen CO\u2082-Abdruck hinterl\u00e4sst.<\/p>\t\t\t\t\t\t\t\t<\/div>\n\t\t\t\t<\/div>\n\t\t\t\t\t<\/div>\n\t\t\t\t<\/div>\n\t\t<div class=\"elementor-element elementor-element-e0968d8 e-flex e-con-boxed e-con e-parent\" data-id=\"e0968d8\" data-element_type=\"container\" data-e-type=\"container\">\n\t\t\t\t\t<div class=\"e-con-inner\">\n\t\t\t\t<div class=\"elementor-element elementor-element-5eb76b1 elementor-widget elementor-widget-video\" data-id=\"5eb76b1\" data-element_type=\"widget\" data-e-type=\"widget\" data-settings=\"{&quot;video_type&quot;:&quot;hosted&quot;,&quot;controls&quot;:&quot;yes&quot;}\" data-widget_type=\"video.default\">\n\t\t\t\t<div class=\"elementor-widget-container\">\n\t\t\t\t\t\t\t<div class=\"e-hosted-video elementor-wrapper elementor-open-inline\">\n\t\t\t\t\t<video class=\"elementor-video\" src=\"http:\/\/www.technik-akademie-tuebingen.de\/2024\/wp-content\/uploads\/2024\/03\/TA2024-bosch.mp4\" controls=\"\" preload=\"metadata\" controlsList=\"nodownload\"><\/video>\n\t\t\t\t<\/div>\n\t\t\t\t\t\t<\/div>\n\t\t\t\t<\/div>\n\t\t\t\t\t<\/div>\n\t\t\t\t<\/div>\n\t\t<div class=\"elementor-element elementor-element-668feca e-flex e-con-boxed e-con e-parent\" data-id=\"668feca\" data-element_type=\"container\" data-e-type=\"container\">\n\t\t\t\t\t<div class=\"e-con-inner\">\n\t\t\t\t<div class=\"elementor-element elementor-element-833e894 elementor-widget elementor-widget-wp-widget-metaslider_widget\" data-id=\"833e894\" data-element_type=\"widget\" data-e-type=\"widget\" data-widget_type=\"wp-widget-metaslider_widget.default\">\n\t\t\t\t<div class=\"elementor-widget-container\">\n\t\t\t\t\t<div id=\"metaslider-id-772\" style=\"width: 100%;\" class=\"ml-slider-3-107-0 metaslider metaslider-flex metaslider-772 ml-slider ms-theme-default nav-hidden\" role=\"region\" aria-label=\"Bosch-slide\" data-height=\"200\" data-width=\"450\">\n    <div id=\"metaslider_container_772\">\n        <div id=\"metaslider_772\">\n            <ul class='slides'>\n                <li style=\"display: block; width: 100%;\" class=\"slide-773 ms-image \" aria-roledescription=\"slide\" data-date=\"2024-03-27 12:58:48\" data-filename=\"DSC_0056-1-scaled.jpg\" data-slide-type=\"image\"><img decoding=\"async\" width=\"2560\" height=\"1707\" src=\"https:\/\/www.technik-akademie-tuebingen.de\/2024\/wp-content\/uploads\/2024\/03\/DSC_0056-1-scaled.jpg\" class=\"slider-772 slide-773 msDefaultImage\" alt=\"\" rel=\"\" title=\"DSC_0056\" style=\"margin: 0 auto; width: 66.653648375968%\" srcset=\"https:\/\/www.technik-akademie-tuebingen.de\/2024\/wp-content\/uploads\/2024\/03\/DSC_0056-1-scaled.jpg 2560w, https:\/\/www.technik-akademie-tuebingen.de\/2024\/wp-content\/uploads\/2024\/03\/DSC_0056-1-300x200.jpg 300w, https:\/\/www.technik-akademie-tuebingen.de\/2024\/wp-content\/uploads\/2024\/03\/DSC_0056-1-1024x683.jpg 1024w, https:\/\/www.technik-akademie-tuebingen.de\/2024\/wp-content\/uploads\/2024\/03\/DSC_0056-1-768x512.jpg 768w, https:\/\/www.technik-akademie-tuebingen.de\/2024\/wp-content\/uploads\/2024\/03\/DSC_0056-1-1536x1024.jpg 1536w, https:\/\/www.technik-akademie-tuebingen.de\/2024\/wp-content\/uploads\/2024\/03\/DSC_0056-1-2048x1365.jpg 2048w, https:\/\/www.technik-akademie-tuebingen.de\/2024\/wp-content\/uploads\/2024\/03\/DSC_0056-1-150x100.jpg 150w\" sizes=\"(max-width: 2560px) 100vw, 2560px\" \/><\/li>\n                <li style=\"display: none; width: 100%;\" class=\"slide-774 ms-image \" aria-roledescription=\"slide\" data-date=\"2024-03-27 12:58:48\" data-filename=\"IMG_2125-1-scaled.jpg\" data-slide-type=\"image\"><img decoding=\"async\" width=\"2560\" height=\"1707\" src=\"https:\/\/www.technik-akademie-tuebingen.de\/2024\/wp-content\/uploads\/2024\/03\/IMG_2125-1-scaled.jpg\" class=\"slider-772 slide-774 msDefaultImage\" alt=\"\" rel=\"\" title=\"IMG_2125\" style=\"margin: 0 auto; width: 66.653648375968%\" srcset=\"https:\/\/www.technik-akademie-tuebingen.de\/2024\/wp-content\/uploads\/2024\/03\/IMG_2125-1-scaled.jpg 2560w, https:\/\/www.technik-akademie-tuebingen.de\/2024\/wp-content\/uploads\/2024\/03\/IMG_2125-1-300x200.jpg 300w, https:\/\/www.technik-akademie-tuebingen.de\/2024\/wp-content\/uploads\/2024\/03\/IMG_2125-1-1024x683.jpg 1024w, https:\/\/www.technik-akademie-tuebingen.de\/2024\/wp-content\/uploads\/2024\/03\/IMG_2125-1-768x512.jpg 768w, https:\/\/www.technik-akademie-tuebingen.de\/2024\/wp-content\/uploads\/2024\/03\/IMG_2125-1-1536x1024.jpg 1536w, https:\/\/www.technik-akademie-tuebingen.de\/2024\/wp-content\/uploads\/2024\/03\/IMG_2125-1-2048x1365.jpg 2048w, https:\/\/www.technik-akademie-tuebingen.de\/2024\/wp-content\/uploads\/2024\/03\/IMG_2125-1-150x100.jpg 150w\" sizes=\"(max-width: 2560px) 100vw, 2560px\" \/><\/li>\n                <li style=\"display: none; width: 100%;\" class=\"slide-775 ms-image \" aria-roledescription=\"slide\" data-date=\"2024-03-27 12:58:48\" data-filename=\"DSC_0016-scaled.jpg\" data-slide-type=\"image\"><img loading=\"lazy\" decoding=\"async\" width=\"2560\" height=\"1707\" src=\"https:\/\/www.technik-akademie-tuebingen.de\/2024\/wp-content\/uploads\/2024\/03\/DSC_0016-scaled.jpg\" class=\"slider-772 slide-775 msDefaultImage\" alt=\"\" rel=\"\" title=\"DSC_0016\" style=\"margin: 0 auto; width: 66.653648375968%\" srcset=\"https:\/\/www.technik-akademie-tuebingen.de\/2024\/wp-content\/uploads\/2024\/03\/DSC_0016-scaled.jpg 2560w, https:\/\/www.technik-akademie-tuebingen.de\/2024\/wp-content\/uploads\/2024\/03\/DSC_0016-300x200.jpg 300w, https:\/\/www.technik-akademie-tuebingen.de\/2024\/wp-content\/uploads\/2024\/03\/DSC_0016-1024x683.jpg 1024w, https:\/\/www.technik-akademie-tuebingen.de\/2024\/wp-content\/uploads\/2024\/03\/DSC_0016-768x512.jpg 768w, https:\/\/www.technik-akademie-tuebingen.de\/2024\/wp-content\/uploads\/2024\/03\/DSC_0016-1536x1024.jpg 1536w, https:\/\/www.technik-akademie-tuebingen.de\/2024\/wp-content\/uploads\/2024\/03\/DSC_0016-2048x1365.jpg 2048w, https:\/\/www.technik-akademie-tuebingen.de\/2024\/wp-content\/uploads\/2024\/03\/DSC_0016-150x100.jpg 150w\" sizes=\"(max-width: 2560px) 100vw, 2560px\" \/><\/li>\n                <li style=\"display: none; width: 100%;\" class=\"slide-776 ms-image \" aria-roledescription=\"slide\" data-date=\"2024-03-27 12:58:48\" data-filename=\"DSC_0002-scaled.jpg\" data-slide-type=\"image\"><img loading=\"lazy\" decoding=\"async\" width=\"2560\" height=\"1707\" src=\"https:\/\/www.technik-akademie-tuebingen.de\/2024\/wp-content\/uploads\/2024\/03\/DSC_0002-scaled.jpg\" class=\"slider-772 slide-776 msDefaultImage\" alt=\"\" rel=\"\" title=\"DSC_0002\" style=\"margin: 0 auto; width: 66.653648375968%\" srcset=\"https:\/\/www.technik-akademie-tuebingen.de\/2024\/wp-content\/uploads\/2024\/03\/DSC_0002-scaled.jpg 2560w, https:\/\/www.technik-akademie-tuebingen.de\/2024\/wp-content\/uploads\/2024\/03\/DSC_0002-300x200.jpg 300w, https:\/\/www.technik-akademie-tuebingen.de\/2024\/wp-content\/uploads\/2024\/03\/DSC_0002-1024x683.jpg 1024w, https:\/\/www.technik-akademie-tuebingen.de\/2024\/wp-content\/uploads\/2024\/03\/DSC_0002-768x512.jpg 768w, https:\/\/www.technik-akademie-tuebingen.de\/2024\/wp-content\/uploads\/2024\/03\/DSC_0002-1536x1024.jpg 1536w, https:\/\/www.technik-akademie-tuebingen.de\/2024\/wp-content\/uploads\/2024\/03\/DSC_0002-2048x1365.jpg 2048w, https:\/\/www.technik-akademie-tuebingen.de\/2024\/wp-content\/uploads\/2024\/03\/DSC_0002-150x100.jpg 150w\" sizes=\"(max-width: 2560px) 100vw, 2560px\" \/><\/li>\n                <li style=\"display: none; width: 100%;\" class=\"slide-777 ms-image \" aria-roledescription=\"slide\" data-date=\"2024-03-27 12:58:48\" data-filename=\"DSC_0014-scaled.jpg\" data-slide-type=\"image\"><img loading=\"lazy\" decoding=\"async\" width=\"2560\" height=\"1707\" src=\"https:\/\/www.technik-akademie-tuebingen.de\/2024\/wp-content\/uploads\/2024\/03\/DSC_0014-scaled.jpg\" class=\"slider-772 slide-777 msDefaultImage\" alt=\"\" rel=\"\" title=\"DSC_0014\" style=\"margin: 0 auto; width: 66.653648375968%\" srcset=\"https:\/\/www.technik-akademie-tuebingen.de\/2024\/wp-content\/uploads\/2024\/03\/DSC_0014-scaled.jpg 2560w, https:\/\/www.technik-akademie-tuebingen.de\/2024\/wp-content\/uploads\/2024\/03\/DSC_0014-300x200.jpg 300w, https:\/\/www.technik-akademie-tuebingen.de\/2024\/wp-content\/uploads\/2024\/03\/DSC_0014-1024x683.jpg 1024w, https:\/\/www.technik-akademie-tuebingen.de\/2024\/wp-content\/uploads\/2024\/03\/DSC_0014-768x512.jpg 768w, https:\/\/www.technik-akademie-tuebingen.de\/2024\/wp-content\/uploads\/2024\/03\/DSC_0014-1536x1024.jpg 1536w, https:\/\/www.technik-akademie-tuebingen.de\/2024\/wp-content\/uploads\/2024\/03\/DSC_0014-2048x1365.jpg 2048w, https:\/\/www.technik-akademie-tuebingen.de\/2024\/wp-content\/uploads\/2024\/03\/DSC_0014-150x100.jpg 150w\" sizes=\"(max-width: 2560px) 100vw, 2560px\" \/><\/li>\n                <li style=\"display: none; width: 100%;\" class=\"slide-778 ms-image \" aria-roledescription=\"slide\" data-date=\"2024-03-27 12:58:49\" data-filename=\"DSC_0011-scaled.jpg\" data-slide-type=\"image\"><img loading=\"lazy\" decoding=\"async\" width=\"2560\" height=\"1707\" src=\"https:\/\/www.technik-akademie-tuebingen.de\/2024\/wp-content\/uploads\/2024\/03\/DSC_0011-scaled.jpg\" class=\"slider-772 slide-778 msDefaultImage\" alt=\"\" rel=\"\" title=\"DSC_0011\" style=\"margin: 0 auto; width: 66.653648375968%\" srcset=\"https:\/\/www.technik-akademie-tuebingen.de\/2024\/wp-content\/uploads\/2024\/03\/DSC_0011-scaled.jpg 2560w, https:\/\/www.technik-akademie-tuebingen.de\/2024\/wp-content\/uploads\/2024\/03\/DSC_0011-300x200.jpg 300w, https:\/\/www.technik-akademie-tuebingen.de\/2024\/wp-content\/uploads\/2024\/03\/DSC_0011-1024x683.jpg 1024w, https:\/\/www.technik-akademie-tuebingen.de\/2024\/wp-content\/uploads\/2024\/03\/DSC_0011-768x512.jpg 768w, https:\/\/www.technik-akademie-tuebingen.de\/2024\/wp-content\/uploads\/2024\/03\/DSC_0011-1536x1024.jpg 1536w, https:\/\/www.technik-akademie-tuebingen.de\/2024\/wp-content\/uploads\/2024\/03\/DSC_0011-2048x1365.jpg 2048w, https:\/\/www.technik-akademie-tuebingen.de\/2024\/wp-content\/uploads\/2024\/03\/DSC_0011-150x100.jpg 150w\" sizes=\"(max-width: 2560px) 100vw, 2560px\" \/><\/li>\n                <li style=\"display: none; width: 100%;\" class=\"slide-779 ms-image \" aria-roledescription=\"slide\" data-date=\"2024-03-27 12:58:49\" data-filename=\"DSC_0020-scaled.jpg\" data-slide-type=\"image\"><img loading=\"lazy\" decoding=\"async\" width=\"2560\" height=\"1707\" src=\"https:\/\/www.technik-akademie-tuebingen.de\/2024\/wp-content\/uploads\/2024\/03\/DSC_0020-scaled.jpg\" class=\"slider-772 slide-779 msDefaultImage\" alt=\"\" rel=\"\" title=\"DSC_0020\" style=\"margin: 0 auto; width: 66.653648375968%\" srcset=\"https:\/\/www.technik-akademie-tuebingen.de\/2024\/wp-content\/uploads\/2024\/03\/DSC_0020-scaled.jpg 2560w, https:\/\/www.technik-akademie-tuebingen.de\/2024\/wp-content\/uploads\/2024\/03\/DSC_0020-300x200.jpg 300w, https:\/\/www.technik-akademie-tuebingen.de\/2024\/wp-content\/uploads\/2024\/03\/DSC_0020-1024x683.jpg 1024w, https:\/\/www.technik-akademie-tuebingen.de\/2024\/wp-content\/uploads\/2024\/03\/DSC_0020-768x512.jpg 768w, https:\/\/www.technik-akademie-tuebingen.de\/2024\/wp-content\/uploads\/2024\/03\/DSC_0020-1536x1024.jpg 1536w, https:\/\/www.technik-akademie-tuebingen.de\/2024\/wp-content\/uploads\/2024\/03\/DSC_0020-2048x1365.jpg 2048w, https:\/\/www.technik-akademie-tuebingen.de\/2024\/wp-content\/uploads\/2024\/03\/DSC_0020-150x100.jpg 150w\" sizes=\"(max-width: 2560px) 100vw, 2560px\" \/><\/li>\n            <\/ul>\n        <\/div>\n        \n    <\/div>\n<\/div>\t\t\t\t<\/div>\n\t\t\t\t<\/div>\n\t\t\t\t\t<\/div>\n\t\t\t\t<\/div>\n\t\t<div class=\"elementor-element elementor-element-078067b e-flex e-con-boxed e-con e-parent\" data-id=\"078067b\" data-element_type=\"container\" data-e-type=\"container\">\n\t\t\t\t\t<div class=\"e-con-inner\">\n\t\t\t\t<div class=\"elementor-element elementor-element-83a5608 elementor-widget elementor-widget-heading\" data-id=\"83a5608\" data-element_type=\"widget\" data-e-type=\"widget\" data-widget_type=\"heading.default\">\n\t\t\t\t<div class=\"elementor-widget-container\">\n\t\t\t\t\t<h2 class=\"elementor-heading-title elementor-size-default\">Unser Team<\/h2>\t\t\t\t<\/div>\n\t\t\t\t<\/div>\n\t\t\t\t\t<\/div>\n\t\t\t\t<\/div>\n\t\t<div class=\"elementor-element elementor-element-a7d8ffb e-flex e-con-boxed e-con e-parent\" data-id=\"a7d8ffb\" data-element_type=\"container\" data-e-type=\"container\">\n\t\t\t\t\t<div class=\"e-con-inner\">\n\t\t\t\t<div class=\"elementor-element elementor-element-f5a8ace elementor-widget elementor-widget-image\" data-id=\"f5a8ace\" data-element_type=\"widget\" data-e-type=\"widget\" data-widget_type=\"image.default\">\n\t\t\t\t<div class=\"elementor-widget-container\">\n\t\t\t\t\t\t\t\t\t\t\t\t\t\t\t<img loading=\"lazy\" decoding=\"async\" width=\"300\" height=\"262\" src=\"https:\/\/www.technik-akademie-tuebingen.de\/2024\/wp-content\/uploads\/2024\/03\/DSC_0006-1-300x262.jpg\" class=\"attachment-medium size-medium wp-image-759\" alt=\"\" srcset=\"https:\/\/www.technik-akademie-tuebingen.de\/2024\/wp-content\/uploads\/2024\/03\/DSC_0006-1-300x262.jpg 300w, https:\/\/www.technik-akademie-tuebingen.de\/2024\/wp-content\/uploads\/2024\/03\/DSC_0006-1-1024x893.jpg 1024w, https:\/\/www.technik-akademie-tuebingen.de\/2024\/wp-content\/uploads\/2024\/03\/DSC_0006-1-768x670.jpg 768w, https:\/\/www.technik-akademie-tuebingen.de\/2024\/wp-content\/uploads\/2024\/03\/DSC_0006-1-1536x1340.jpg 1536w, https:\/\/www.technik-akademie-tuebingen.de\/2024\/wp-content\/uploads\/2024\/03\/DSC_0006-1-2048x1786.jpg 2048w, https:\/\/www.technik-akademie-tuebingen.de\/2024\/wp-content\/uploads\/2024\/03\/DSC_0006-1-115x100.jpg 115w\" sizes=\"(max-width: 300px) 100vw, 300px\" \/>\t\t\t\t\t\t\t\t\t\t\t\t\t\t\t<\/div>\n\t\t\t\t<\/div>\n\t\t\t\t<div class=\"elementor-element elementor-element-fad8cc9 elementor-widget elementor-widget-text-editor\" data-id=\"fad8cc9\" data-element_type=\"widget\" data-e-type=\"widget\" data-widget_type=\"text-editor.default\">\n\t\t\t\t<div class=\"elementor-widget-container\">\n\t\t\t\t\t\t\t\t\t<p>Name: Theresa<br \/>Spitzname: tollpatschige Theresa<br \/>Alter: 15<br \/>Dieses Tier w\u00e4re ich gerne: Quokka<br \/>Lieblingsf\u00e4cher: Mathe, Physik, Chemie<\/p>\t\t\t\t\t\t\t\t<\/div>\n\t\t\t\t<\/div>\n\t\t\t\t<div class=\"elementor-element elementor-element-e7c7d37 elementor-widget elementor-widget-image\" data-id=\"e7c7d37\" data-element_type=\"widget\" data-e-type=\"widget\" data-widget_type=\"image.default\">\n\t\t\t\t<div class=\"elementor-widget-container\">\n\t\t\t\t\t\t\t\t\t\t\t\t\t\t\t<img loading=\"lazy\" decoding=\"async\" width=\"300\" height=\"257\" src=\"https:\/\/www.technik-akademie-tuebingen.de\/2024\/wp-content\/uploads\/2024\/03\/DSC_0003-2-300x257.jpg\" class=\"attachment-medium size-medium wp-image-761\" alt=\"\" srcset=\"https:\/\/www.technik-akademie-tuebingen.de\/2024\/wp-content\/uploads\/2024\/03\/DSC_0003-2-300x257.jpg 300w, https:\/\/www.technik-akademie-tuebingen.de\/2024\/wp-content\/uploads\/2024\/03\/DSC_0003-2-1024x879.jpg 1024w, https:\/\/www.technik-akademie-tuebingen.de\/2024\/wp-content\/uploads\/2024\/03\/DSC_0003-2-768x659.jpg 768w, https:\/\/www.technik-akademie-tuebingen.de\/2024\/wp-content\/uploads\/2024\/03\/DSC_0003-2-1536x1318.jpg 1536w, https:\/\/www.technik-akademie-tuebingen.de\/2024\/wp-content\/uploads\/2024\/03\/DSC_0003-2-2048x1758.jpg 2048w, https:\/\/www.technik-akademie-tuebingen.de\/2024\/wp-content\/uploads\/2024\/03\/DSC_0003-2-117x100.jpg 117w\" sizes=\"(max-width: 300px) 100vw, 300px\" \/>\t\t\t\t\t\t\t\t\t\t\t\t\t\t\t<\/div>\n\t\t\t\t<\/div>\n\t\t\t\t<div class=\"elementor-element elementor-element-2d968eb elementor-widget elementor-widget-text-editor\" data-id=\"2d968eb\" data-element_type=\"widget\" data-e-type=\"widget\" data-widget_type=\"text-editor.default\">\n\t\t\t\t<div class=\"elementor-widget-container\">\n\t\t\t\t\t\t\t\t\t<p>Name: David<br \/>Spitzname: demokratischer David<br \/>Alter: 15<br \/>Dieses Tier w\u00e4re ich gerne: Schwalbe<br \/>Lieblingsf\u00e4cher: Ethik, NWT, Informatik<\/p>\t\t\t\t\t\t\t\t<\/div>\n\t\t\t\t<\/div>\n\t\t\t\t<div class=\"elementor-element elementor-element-6c889a5 elementor-widget elementor-widget-image\" data-id=\"6c889a5\" data-element_type=\"widget\" data-e-type=\"widget\" data-widget_type=\"image.default\">\n\t\t\t\t<div class=\"elementor-widget-container\">\n\t\t\t\t\t\t\t\t\t\t\t\t\t\t\t<img loading=\"lazy\" decoding=\"async\" width=\"300\" height=\"289\" src=\"https:\/\/www.technik-akademie-tuebingen.de\/2024\/wp-content\/uploads\/2024\/03\/DSC_0024-1-300x289.jpg\" class=\"attachment-medium size-medium wp-image-762\" alt=\"\" srcset=\"https:\/\/www.technik-akademie-tuebingen.de\/2024\/wp-content\/uploads\/2024\/03\/DSC_0024-1-300x289.jpg 300w, https:\/\/www.technik-akademie-tuebingen.de\/2024\/wp-content\/uploads\/2024\/03\/DSC_0024-1-1024x988.jpg 1024w, https:\/\/www.technik-akademie-tuebingen.de\/2024\/wp-content\/uploads\/2024\/03\/DSC_0024-1-768x741.jpg 768w, https:\/\/www.technik-akademie-tuebingen.de\/2024\/wp-content\/uploads\/2024\/03\/DSC_0024-1-1536x1482.jpg 1536w, https:\/\/www.technik-akademie-tuebingen.de\/2024\/wp-content\/uploads\/2024\/03\/DSC_0024-1-2048x1975.jpg 2048w, https:\/\/www.technik-akademie-tuebingen.de\/2024\/wp-content\/uploads\/2024\/03\/DSC_0024-1-104x100.jpg 104w\" sizes=\"(max-width: 300px) 100vw, 300px\" \/>\t\t\t\t\t\t\t\t\t\t\t\t\t\t\t<\/div>\n\t\t\t\t<\/div>\n\t\t\t\t<div class=\"elementor-element elementor-element-eae5a31 elementor-widget elementor-widget-text-editor\" data-id=\"eae5a31\" data-element_type=\"widget\" data-e-type=\"widget\" data-widget_type=\"text-editor.default\">\n\t\t\t\t<div class=\"elementor-widget-container\">\n\t\t\t\t\t\t\t\t\t<p>Name: Gleb<br \/>Spitzname: leutseliger Gleb<br \/>Alter: 16<br \/>Dieses Tier w\u00e4re ich gerne: Adler <br \/>Lieblingsf\u00e4cher: Mathe, Franz\u00f6sisch, Chemie<\/p>\t\t\t\t\t\t\t\t<\/div>\n\t\t\t\t<\/div>\n\t\t\t\t<div class=\"elementor-element elementor-element-63568b6 elementor-widget elementor-widget-image\" data-id=\"63568b6\" data-element_type=\"widget\" data-e-type=\"widget\" data-widget_type=\"image.default\">\n\t\t\t\t<div class=\"elementor-widget-container\">\n\t\t\t\t\t\t\t\t\t\t\t\t\t\t\t<img loading=\"lazy\" decoding=\"async\" width=\"300\" height=\"200\" src=\"https:\/\/www.technik-akademie-tuebingen.de\/2024\/wp-content\/uploads\/2024\/03\/DSC_0027-300x200.jpg\" class=\"attachment-medium size-medium wp-image-732\" alt=\"\" srcset=\"https:\/\/www.technik-akademie-tuebingen.de\/2024\/wp-content\/uploads\/2024\/03\/DSC_0027-300x200.jpg 300w, https:\/\/www.technik-akademie-tuebingen.de\/2024\/wp-content\/uploads\/2024\/03\/DSC_0027-1024x683.jpg 1024w, https:\/\/www.technik-akademie-tuebingen.de\/2024\/wp-content\/uploads\/2024\/03\/DSC_0027-768x512.jpg 768w, https:\/\/www.technik-akademie-tuebingen.de\/2024\/wp-content\/uploads\/2024\/03\/DSC_0027-1536x1024.jpg 1536w, https:\/\/www.technik-akademie-tuebingen.de\/2024\/wp-content\/uploads\/2024\/03\/DSC_0027-2048x1365.jpg 2048w, https:\/\/www.technik-akademie-tuebingen.de\/2024\/wp-content\/uploads\/2024\/03\/DSC_0027-150x100.jpg 150w\" sizes=\"(max-width: 300px) 100vw, 300px\" \/>\t\t\t\t\t\t\t\t\t\t\t\t\t\t\t<\/div>\n\t\t\t\t<\/div>\n\t\t\t\t<div class=\"elementor-element elementor-element-04f5f5f elementor-widget elementor-widget-text-editor\" data-id=\"04f5f5f\" data-element_type=\"widget\" data-e-type=\"widget\" data-widget_type=\"text-editor.default\">\n\t\t\t\t<div class=\"elementor-widget-container\">\n\t\t\t\t\t\t\t\t\t<p>Name: Raphael<br \/>Spitzname: raffinierter Raphael<br \/>Alter: 15<br \/>Dieses Tier w\u00e4re ich gerne: L\u00f6we<br \/>Lieblingsf\u00e4cher: Biologie, Deutsch<\/p>\t\t\t\t\t\t\t\t<\/div>\n\t\t\t\t<\/div>\n\t\t\t\t\t<\/div>\n\t\t\t\t<\/div>\n\t\t\t\t<\/div>\n\t\t","protected":false},"excerpt":{"rendered":"<p>Bosch wurde im Jahr 1886 von Robert Bosch in Stuttgart gegr\u00fcndet, heutzutage hat das Unternehmen 427.600 Mitarbeiter in 60 L\u00e4ndern, die sich mit den Bereichen Automobiltechnik, Industrietechnik, Gebrauchsg\u00fcter (Elektrowerkzeuge, Haushaltsger\u00e4te usw.) und Energie- und Geb\u00e4udetechnik (Thermotechnik, Sicherheitssysteme) besch\u00e4ftigen. So erwirtschaftete das Unternehmen im Jahr 2023 einen Umsatz von 91,6 Milliarden Euro. Mit ihrer Automobilsparte, die [&hellip;]<\/p>\n","protected":false},"author":1,"featured_media":0,"parent":15,"menu_order":0,"comment_status":"closed","ping_status":"closed","template":"","meta":{"footnotes":""},"class_list":["post-44","page","type-page","status-publish","hentry"],"_links":{"self":[{"href":"https:\/\/www.technik-akademie-tuebingen.de\/2024\/wp-json\/wp\/v2\/pages\/44","targetHints":{"allow":["GET"]}}],"collection":[{"href":"https:\/\/www.technik-akademie-tuebingen.de\/2024\/wp-json\/wp\/v2\/pages"}],"about":[{"href":"https:\/\/www.technik-akademie-tuebingen.de\/2024\/wp-json\/wp\/v2\/types\/page"}],"author":[{"embeddable":true,"href":"https:\/\/www.technik-akademie-tuebingen.de\/2024\/wp-json\/wp\/v2\/users\/1"}],"replies":[{"embeddable":true,"href":"https:\/\/www.technik-akademie-tuebingen.de\/2024\/wp-json\/wp\/v2\/comments?post=44"}],"version-history":[{"count":37,"href":"https:\/\/www.technik-akademie-tuebingen.de\/2024\/wp-json\/wp\/v2\/pages\/44\/revisions"}],"predecessor-version":[{"id":823,"href":"https:\/\/www.technik-akademie-tuebingen.de\/2024\/wp-json\/wp\/v2\/pages\/44\/revisions\/823"}],"up":[{"embeddable":true,"href":"https:\/\/www.technik-akademie-tuebingen.de\/2024\/wp-json\/wp\/v2\/pages\/15"}],"wp:attachment":[{"href":"https:\/\/www.technik-akademie-tuebingen.de\/2024\/wp-json\/wp\/v2\/media?parent=44"}],"curies":[{"name":"wp","href":"https:\/\/api.w.org\/{rel}","templated":true}]}}