{"id":46,"date":"2024-03-25T10:52:39","date_gmt":"2024-03-25T09:52:39","guid":{"rendered":"http:\/\/www.technik-akademie-tuebingen.de\/2024\/?page_id=46"},"modified":"2024-03-28T08:38:45","modified_gmt":"2024-03-28T07:38:45","slug":"swr-4","status":"publish","type":"page","link":"https:\/\/www.technik-akademie-tuebingen.de\/2024\/firmen\/swr-4\/","title":{"rendered":"SWR 4"},"content":{"rendered":"\t\t<div data-elementor-type=\"wp-page\" data-elementor-id=\"46\" class=\"elementor elementor-46\">\n\t\t\t\t<div class=\"elementor-element elementor-element-db4c43b e-flex e-con-boxed e-con e-parent\" data-id=\"db4c43b\" data-element_type=\"container\" data-e-type=\"container\">\n\t\t\t\t\t<div class=\"e-con-inner\">\n\t\t\t\t<div class=\"elementor-element elementor-element-a3ce446 elementor-widget elementor-widget-image\" data-id=\"a3ce446\" data-element_type=\"widget\" data-e-type=\"widget\" data-widget_type=\"image.default\">\n\t\t\t\t<div class=\"elementor-widget-container\">\n\t\t\t\t\t\t\t\t\t\t\t\t\t\t\t<img decoding=\"async\" width=\"160\" height=\"160\" src=\"https:\/\/www.technik-akademie-tuebingen.de\/2024\/wp-content\/uploads\/2024\/03\/swr-4-rp.jpg\" class=\"attachment-large size-large wp-image-324\" alt=\"\" srcset=\"https:\/\/www.technik-akademie-tuebingen.de\/2024\/wp-content\/uploads\/2024\/03\/swr-4-rp.jpg 160w, https:\/\/www.technik-akademie-tuebingen.de\/2024\/wp-content\/uploads\/2024\/03\/swr-4-rp-150x150.jpg 150w, https:\/\/www.technik-akademie-tuebingen.de\/2024\/wp-content\/uploads\/2024\/03\/swr-4-rp-90x90.jpg 90w, https:\/\/www.technik-akademie-tuebingen.de\/2024\/wp-content\/uploads\/2024\/03\/swr-4-rp-100x100.jpg 100w\" sizes=\"(max-width: 160px) 100vw, 160px\" \/>\t\t\t\t\t\t\t\t\t\t\t\t\t\t\t<\/div>\n\t\t\t\t<\/div>\n\t\t\t\t<div class=\"elementor-element elementor-element-dd5b3d4 elementor-widget elementor-widget-text-editor\" data-id=\"dd5b3d4\" data-element_type=\"widget\" data-e-type=\"widget\" data-widget_type=\"text-editor.default\">\n\t\t\t\t<div class=\"elementor-widget-container\">\n\t\t\t\t\t\t\t\t\t<p>Der SWR4 wurde im Jahr 1998 von Martin Born und Helmut Wandres gegr\u00fcndet. Er entstand aus der Fusion des SDR und SWF und ist seitdem ein Radiosender, der eine Vielzahl von Inhalten ausstrahlt. Dazu geh\u00f6ren Musik (insbesondere Schlager), Berichterstattungen, Regionalprogramme, H\u00f6rspiele sowie Service- und Ratgebersendungen. Der SWR4 organisiert auch Events wie die Tour de L\u00e4ndle und den Hitmarathon von 1999 bis 2014.<\/p>\t\t\t\t\t\t\t\t<\/div>\n\t\t\t\t<\/div>\n\t\t\t\t<div class=\"elementor-element elementor-element-812eb11 elementor-widget elementor-widget-video\" data-id=\"812eb11\" data-element_type=\"widget\" data-e-type=\"widget\" data-settings=\"{&quot;video_type&quot;:&quot;hosted&quot;,&quot;controls&quot;:&quot;yes&quot;}\" data-widget_type=\"video.default\">\n\t\t\t\t<div class=\"elementor-widget-container\">\n\t\t\t\t\t\t\t<div class=\"e-hosted-video elementor-wrapper elementor-open-inline\">\n\t\t\t\t\t<video class=\"elementor-video\" src=\"http:\/\/www.technik-akademie-tuebingen.de\/2024\/wp-content\/uploads\/2024\/03\/TA2024-swr.mp4\" controls=\"\" preload=\"metadata\" controlsList=\"nodownload\"><\/video>\n\t\t\t\t<\/div>\n\t\t\t\t\t\t<\/div>\n\t\t\t\t<\/div>\n\t\t\t\t<div class=\"elementor-element elementor-element-9963829 elementor-widget elementor-widget-image\" data-id=\"9963829\" data-element_type=\"widget\" data-e-type=\"widget\" data-widget_type=\"image.default\">\n\t\t\t\t<div class=\"elementor-widget-container\">\n\t\t\t\t\t\t\t\t\t\t\t\t\t\t\t<img decoding=\"async\" src=\"https:\/\/www.technik-akademie-tuebingen.de\/2024\/wp-content\/plugins\/elementor\/assets\/images\/placeholder.png\" title=\"\" alt=\"\" loading=\"lazy\" \/>\t\t\t\t\t\t\t\t\t\t\t\t\t\t\t<\/div>\n\t\t\t\t<\/div>\n\t\t\t\t<div class=\"elementor-element elementor-element-109dbfa elementor-widget elementor-widget-heading\" data-id=\"109dbfa\" data-element_type=\"widget\" data-e-type=\"widget\" data-widget_type=\"heading.default\">\n\t\t\t\t<div class=\"elementor-widget-container\">\n\t\t\t\t\t<h2 class=\"elementor-heading-title elementor-size-default\">Unser Team<\/h2>\t\t\t\t<\/div>\n\t\t\t\t<\/div>\n\t\t\t\t<div class=\"elementor-element elementor-element-ae4cb21 elementor-widget elementor-widget-image\" data-id=\"ae4cb21\" data-element_type=\"widget\" data-e-type=\"widget\" data-widget_type=\"image.default\">\n\t\t\t\t<div class=\"elementor-widget-container\">\n\t\t\t\t\t\t\t\t\t\t\t\t\t\t\t<img fetchpriority=\"high\" decoding=\"async\" width=\"300\" height=\"200\" src=\"https:\/\/www.technik-akademie-tuebingen.de\/2024\/wp-content\/uploads\/2024\/03\/IMG_2356-300x200.jpg\" class=\"attachment-medium size-medium wp-image-579\" alt=\"\" srcset=\"https:\/\/www.technik-akademie-tuebingen.de\/2024\/wp-content\/uploads\/2024\/03\/IMG_2356-300x200.jpg 300w, https:\/\/www.technik-akademie-tuebingen.de\/2024\/wp-content\/uploads\/2024\/03\/IMG_2356-1024x683.jpg 1024w, https:\/\/www.technik-akademie-tuebingen.de\/2024\/wp-content\/uploads\/2024\/03\/IMG_2356-768x512.jpg 768w, https:\/\/www.technik-akademie-tuebingen.de\/2024\/wp-content\/uploads\/2024\/03\/IMG_2356-1536x1024.jpg 1536w, https:\/\/www.technik-akademie-tuebingen.de\/2024\/wp-content\/uploads\/2024\/03\/IMG_2356-2048x1365.jpg 2048w, https:\/\/www.technik-akademie-tuebingen.de\/2024\/wp-content\/uploads\/2024\/03\/IMG_2356-150x100.jpg 150w\" sizes=\"(max-width: 300px) 100vw, 300px\" \/>\t\t\t\t\t\t\t\t\t\t\t\t\t\t\t<\/div>\n\t\t\t\t<\/div>\n\t\t\t\t<div class=\"elementor-element elementor-element-bb1bef4 elementor-widget elementor-widget-text-editor\" data-id=\"bb1bef4\" data-element_type=\"widget\" data-e-type=\"widget\" data-widget_type=\"text-editor.default\">\n\t\t\t\t<div class=\"elementor-widget-container\">\n\t\t\t\t\t\t\t\t\t<p>Name: Sina<br \/>Spitzname: schlaue Sina<br \/>Alter: 15<br \/>Dieses Tier w\u00e4re ich gerne: Adler<br \/>Lieblingsf\u00e4cher: Mathe, Physik<\/p>\t\t\t\t\t\t\t\t<\/div>\n\t\t\t\t<\/div>\n\t\t\t\t<div class=\"elementor-element elementor-element-1a8a16f elementor-widget elementor-widget-image\" data-id=\"1a8a16f\" data-element_type=\"widget\" data-e-type=\"widget\" data-widget_type=\"image.default\">\n\t\t\t\t<div class=\"elementor-widget-container\">\n\t\t\t\t\t\t\t\t\t\t\t\t\t\t\t<img decoding=\"async\" width=\"300\" height=\"200\" src=\"https:\/\/www.technik-akademie-tuebingen.de\/2024\/wp-content\/uploads\/2024\/03\/IMG_2348-300x200.jpg\" class=\"attachment-medium size-medium wp-image-578\" alt=\"\" srcset=\"https:\/\/www.technik-akademie-tuebingen.de\/2024\/wp-content\/uploads\/2024\/03\/IMG_2348-300x200.jpg 300w, https:\/\/www.technik-akademie-tuebingen.de\/2024\/wp-content\/uploads\/2024\/03\/IMG_2348-1024x683.jpg 1024w, https:\/\/www.technik-akademie-tuebingen.de\/2024\/wp-content\/uploads\/2024\/03\/IMG_2348-768x512.jpg 768w, https:\/\/www.technik-akademie-tuebingen.de\/2024\/wp-content\/uploads\/2024\/03\/IMG_2348-1536x1024.jpg 1536w, https:\/\/www.technik-akademie-tuebingen.de\/2024\/wp-content\/uploads\/2024\/03\/IMG_2348-2048x1365.jpg 2048w, https:\/\/www.technik-akademie-tuebingen.de\/2024\/wp-content\/uploads\/2024\/03\/IMG_2348-150x100.jpg 150w\" sizes=\"(max-width: 300px) 100vw, 300px\" \/>\t\t\t\t\t\t\t\t\t\t\t\t\t\t\t<\/div>\n\t\t\t\t<\/div>\n\t\t\t\t<div class=\"elementor-element elementor-element-ba88ae2 elementor-widget elementor-widget-text-editor\" data-id=\"ba88ae2\" data-element_type=\"widget\" data-e-type=\"widget\" data-widget_type=\"text-editor.default\">\n\t\t\t\t<div class=\"elementor-widget-container\">\n\t\t\t\t\t\t\t\t\t<p>Name: Are<br \/>Spitzname: abenteuerlustiger Are<br \/>Alter: 14<br \/>Dieses Tier w\u00e4re ich gerne: Fischadler<br \/>Lieblingsf\u00e4cher: Mathe, Sport, NWT<\/p>\t\t\t\t\t\t\t\t<\/div>\n\t\t\t\t<\/div>\n\t\t\t\t<div class=\"elementor-element elementor-element-f365163 elementor-widget elementor-widget-image\" data-id=\"f365163\" data-element_type=\"widget\" data-e-type=\"widget\" data-widget_type=\"image.default\">\n\t\t\t\t<div class=\"elementor-widget-container\">\n\t\t\t\t\t\t\t\t\t\t\t\t\t\t\t<img loading=\"lazy\" decoding=\"async\" width=\"300\" height=\"200\" src=\"https:\/\/www.technik-akademie-tuebingen.de\/2024\/wp-content\/uploads\/2024\/03\/IMG_2342-300x200.jpg\" class=\"attachment-medium size-medium wp-image-577\" alt=\"\" srcset=\"https:\/\/www.technik-akademie-tuebingen.de\/2024\/wp-content\/uploads\/2024\/03\/IMG_2342-300x200.jpg 300w, https:\/\/www.technik-akademie-tuebingen.de\/2024\/wp-content\/uploads\/2024\/03\/IMG_2342-1024x683.jpg 1024w, https:\/\/www.technik-akademie-tuebingen.de\/2024\/wp-content\/uploads\/2024\/03\/IMG_2342-768x512.jpg 768w, https:\/\/www.technik-akademie-tuebingen.de\/2024\/wp-content\/uploads\/2024\/03\/IMG_2342-1536x1024.jpg 1536w, https:\/\/www.technik-akademie-tuebingen.de\/2024\/wp-content\/uploads\/2024\/03\/IMG_2342-2048x1365.jpg 2048w, https:\/\/www.technik-akademie-tuebingen.de\/2024\/wp-content\/uploads\/2024\/03\/IMG_2342-150x100.jpg 150w\" sizes=\"(max-width: 300px) 100vw, 300px\" \/>\t\t\t\t\t\t\t\t\t\t\t\t\t\t\t<\/div>\n\t\t\t\t<\/div>\n\t\t\t\t<div class=\"elementor-element elementor-element-dd3eee0 elementor-widget elementor-widget-text-editor\" data-id=\"dd3eee0\" data-element_type=\"widget\" data-e-type=\"widget\" data-widget_type=\"text-editor.default\">\n\t\t\t\t<div class=\"elementor-widget-container\">\n\t\t\t\t\t\t\t\t\t<p>Name: Levin<br \/>Spitzname: lustiger Levin<br \/>Alter: 13<br \/>Dieses Tier w\u00e4re ich gerne: Blauwal<br \/>Lieblingsf\u00e4cher: Mathe<\/p>\t\t\t\t\t\t\t\t<\/div>\n\t\t\t\t<\/div>\n\t\t\t\t\t<\/div>\n\t\t\t\t<\/div>\n\t\t\t\t<\/div>\n\t\t","protected":false},"excerpt":{"rendered":"<p>Der SWR4 wurde im Jahr 1998 von Martin Born und Helmut Wandres gegr\u00fcndet. Er entstand aus der Fusion des SDR und SWF und ist seitdem ein Radiosender, der eine Vielzahl von Inhalten ausstrahlt. Dazu geh\u00f6ren Musik (insbesondere Schlager), Berichterstattungen, Regionalprogramme, H\u00f6rspiele sowie Service- und Ratgebersendungen. Der SWR4 organisiert auch Events wie die Tour de L\u00e4ndle [&hellip;]<\/p>\n","protected":false},"author":1,"featured_media":0,"parent":15,"menu_order":0,"comment_status":"closed","ping_status":"closed","template":"","meta":{"footnotes":""},"class_list":["post-46","page","type-page","status-publish","hentry"],"_links":{"self":[{"href":"https:\/\/www.technik-akademie-tuebingen.de\/2024\/wp-json\/wp\/v2\/pages\/46","targetHints":{"allow":["GET"]}}],"collection":[{"href":"https:\/\/www.technik-akademie-tuebingen.de\/2024\/wp-json\/wp\/v2\/pages"}],"about":[{"href":"https:\/\/www.technik-akademie-tuebingen.de\/2024\/wp-json\/wp\/v2\/types\/page"}],"author":[{"embeddable":true,"href":"https:\/\/www.technik-akademie-tuebingen.de\/2024\/wp-json\/wp\/v2\/users\/1"}],"replies":[{"embeddable":true,"href":"https:\/\/www.technik-akademie-tuebingen.de\/2024\/wp-json\/wp\/v2\/comments?post=46"}],"version-history":[{"count":25,"href":"https:\/\/www.technik-akademie-tuebingen.de\/2024\/wp-json\/wp\/v2\/pages\/46\/revisions"}],"predecessor-version":[{"id":829,"href":"https:\/\/www.technik-akademie-tuebingen.de\/2024\/wp-json\/wp\/v2\/pages\/46\/revisions\/829"}],"up":[{"embeddable":true,"href":"https:\/\/www.technik-akademie-tuebingen.de\/2024\/wp-json\/wp\/v2\/pages\/15"}],"wp:attachment":[{"href":"https:\/\/www.technik-akademie-tuebingen.de\/2024\/wp-json\/wp\/v2\/media?parent=46"}],"curies":[{"name":"wp","href":"https:\/\/api.w.org\/{rel}","templated":true}]}}