{"id":62,"date":"2024-03-25T10:55:32","date_gmt":"2024-03-25T09:55:32","guid":{"rendered":"http:\/\/www.technik-akademie-tuebingen.de\/2024\/?page_id=62"},"modified":"2024-03-28T08:39:49","modified_gmt":"2024-03-28T07:39:49","slug":"zeltwanger-maschinenbau-gmbh","status":"publish","type":"page","link":"https:\/\/www.technik-akademie-tuebingen.de\/2024\/firmen\/zeltwanger-maschinenbau-gmbh\/","title":{"rendered":"Zeltwanger Maschinenbau GmbH"},"content":{"rendered":"\t\t<div data-elementor-type=\"wp-page\" data-elementor-id=\"62\" class=\"elementor elementor-62\">\n\t\t\t\t<div class=\"elementor-element elementor-element-54019f5 e-flex e-con-boxed e-con e-parent\" data-id=\"54019f5\" data-element_type=\"container\" data-e-type=\"container\">\n\t\t\t\t\t<div class=\"e-con-inner\">\n\t\t\t\t<div class=\"elementor-element elementor-element-a5f66ef elementor-widget elementor-widget-image\" data-id=\"a5f66ef\" data-element_type=\"widget\" data-e-type=\"widget\" data-widget_type=\"image.default\">\n\t\t\t\t<div class=\"elementor-widget-container\">\n\t\t\t\t\t\t\t\t\t\t\t\t\t\t\t<img fetchpriority=\"high\" decoding=\"async\" width=\"474\" height=\"237\" src=\"https:\/\/www.technik-akademie-tuebingen.de\/2024\/wp-content\/uploads\/2024\/03\/Zeltwanger-1.jpg\" class=\"attachment-large size-large wp-image-325\" alt=\"\" srcset=\"https:\/\/www.technik-akademie-tuebingen.de\/2024\/wp-content\/uploads\/2024\/03\/Zeltwanger-1.jpg 474w, https:\/\/www.technik-akademie-tuebingen.de\/2024\/wp-content\/uploads\/2024\/03\/Zeltwanger-1-300x150.jpg 300w, https:\/\/www.technik-akademie-tuebingen.de\/2024\/wp-content\/uploads\/2024\/03\/Zeltwanger-1-200x100.jpg 200w\" sizes=\"(max-width: 474px) 100vw, 474px\" \/>\t\t\t\t\t\t\t\t\t\t\t\t\t\t\t<\/div>\n\t\t\t\t<\/div>\n\t\t\t\t<div class=\"elementor-element elementor-element-66fa97c elementor-widget elementor-widget-text-editor\" data-id=\"66fa97c\" data-element_type=\"widget\" data-e-type=\"widget\" data-widget_type=\"text-editor.default\">\n\t\t\t\t<div class=\"elementor-widget-container\">\n\t\t\t\t\t\t\t\t\t<p>Die Firma Zeltwanger wurde im Jahr 1982 von Ulrich Zeltwanger in Dusslingen gegr\u00fcndet, bevor sie 1999 an ihren heutigen Standort umzog. In den 8 Gesellschaften weltweit arbeiten ca. 470 Mitarbeiter in L\u00e4ndern wie zum Beispiel Tschechien, den USA und China f\u00fcr Zeltwanger und besch\u00e4ftigen sich mit der Pr\u00e4zisionsfertigung anspruchsvoller Maschinenbauteile, Baugruppen bis hin zur Endmontage und Dichtheitspr\u00fcfung sowie Thermomanagement. 2023 hat sie einen Umsatz von 81 Mio. Euro erwirtschaftet.<\/p>\t\t\t\t\t\t\t\t<\/div>\n\t\t\t\t<\/div>\n\t\t\t\t<div class=\"elementor-element elementor-element-47dbf01 elementor-widget elementor-widget-video\" data-id=\"47dbf01\" data-element_type=\"widget\" data-e-type=\"widget\" data-settings=\"{&quot;video_type&quot;:&quot;hosted&quot;,&quot;controls&quot;:&quot;yes&quot;}\" data-widget_type=\"video.default\">\n\t\t\t\t<div class=\"elementor-widget-container\">\n\t\t\t\t\t\t\t<div class=\"e-hosted-video elementor-wrapper elementor-open-inline\">\n\t\t\t\t\t<video class=\"elementor-video\" src=\"http:\/\/www.technik-akademie-tuebingen.de\/2024\/wp-content\/uploads\/2024\/03\/TA2024-Zeltwanger.mp4\" controls=\"\" preload=\"metadata\" controlsList=\"nodownload\"><\/video>\n\t\t\t\t<\/div>\n\t\t\t\t\t\t<\/div>\n\t\t\t\t<\/div>\n\t\t\t\t<div class=\"elementor-element elementor-element-47ea1e9 elementor-widget elementor-widget-wp-widget-metaslider_widget\" data-id=\"47ea1e9\" data-element_type=\"widget\" data-e-type=\"widget\" data-widget_type=\"wp-widget-metaslider_widget.default\">\n\t\t\t\t<div class=\"elementor-widget-container\">\n\t\t\t\t\t<div id=\"metaslider-id-664\" style=\"width: 100%;\" class=\"ml-slider-3-107-0 metaslider metaslider-flex metaslider-664 ml-slider ms-theme-default nav-hidden\" role=\"region\" aria-label=\"Zeltwanger-slide\" data-height=\"200\" data-width=\"450\">\n    <div id=\"metaslider_container_664\">\n        <div id=\"metaslider_664\">\n            <ul class='slides'>\n                <li style=\"display: block; width: 100%;\" class=\"slide-677 ms-image \" aria-roledescription=\"slide\" data-date=\"2024-03-26 15:15:21\" data-filename=\"IMG_2476-scaled.jpg\" data-slide-type=\"image\"><img decoding=\"async\" width=\"2560\" height=\"1707\" src=\"https:\/\/www.technik-akademie-tuebingen.de\/2024\/wp-content\/uploads\/2024\/03\/IMG_2476-scaled.jpg\" class=\"slider-664 slide-677 msDefaultImage\" alt=\"\" rel=\"\" title=\"IMG_2476\" style=\"margin: 0 auto; width: 66.653648375968%\" srcset=\"https:\/\/www.technik-akademie-tuebingen.de\/2024\/wp-content\/uploads\/2024\/03\/IMG_2476-scaled.jpg 2560w, https:\/\/www.technik-akademie-tuebingen.de\/2024\/wp-content\/uploads\/2024\/03\/IMG_2476-300x200.jpg 300w, https:\/\/www.technik-akademie-tuebingen.de\/2024\/wp-content\/uploads\/2024\/03\/IMG_2476-1024x683.jpg 1024w, https:\/\/www.technik-akademie-tuebingen.de\/2024\/wp-content\/uploads\/2024\/03\/IMG_2476-768x512.jpg 768w, https:\/\/www.technik-akademie-tuebingen.de\/2024\/wp-content\/uploads\/2024\/03\/IMG_2476-1536x1024.jpg 1536w, https:\/\/www.technik-akademie-tuebingen.de\/2024\/wp-content\/uploads\/2024\/03\/IMG_2476-2048x1365.jpg 2048w, https:\/\/www.technik-akademie-tuebingen.de\/2024\/wp-content\/uploads\/2024\/03\/IMG_2476-150x100.jpg 150w\" sizes=\"(max-width: 2560px) 100vw, 2560px\" \/><\/li>\n                <li style=\"display: none; width: 100%;\" class=\"slide-666 ms-image \" aria-roledescription=\"slide\" data-date=\"2024-03-26 15:13:37\" data-filename=\"IMG_2479-scaled.jpg\" data-slide-type=\"image\"><img decoding=\"async\" width=\"2560\" height=\"1707\" src=\"https:\/\/www.technik-akademie-tuebingen.de\/2024\/wp-content\/uploads\/2024\/03\/IMG_2479-scaled.jpg\" class=\"slider-664 slide-666 msDefaultImage\" alt=\"\" rel=\"\" title=\"IMG_2479\" style=\"margin: 0 auto; width: 66.653648375968%\" srcset=\"https:\/\/www.technik-akademie-tuebingen.de\/2024\/wp-content\/uploads\/2024\/03\/IMG_2479-scaled.jpg 2560w, https:\/\/www.technik-akademie-tuebingen.de\/2024\/wp-content\/uploads\/2024\/03\/IMG_2479-300x200.jpg 300w, https:\/\/www.technik-akademie-tuebingen.de\/2024\/wp-content\/uploads\/2024\/03\/IMG_2479-1024x683.jpg 1024w, https:\/\/www.technik-akademie-tuebingen.de\/2024\/wp-content\/uploads\/2024\/03\/IMG_2479-768x512.jpg 768w, https:\/\/www.technik-akademie-tuebingen.de\/2024\/wp-content\/uploads\/2024\/03\/IMG_2479-1536x1024.jpg 1536w, https:\/\/www.technik-akademie-tuebingen.de\/2024\/wp-content\/uploads\/2024\/03\/IMG_2479-2048x1365.jpg 2048w, https:\/\/www.technik-akademie-tuebingen.de\/2024\/wp-content\/uploads\/2024\/03\/IMG_2479-150x100.jpg 150w\" sizes=\"(max-width: 2560px) 100vw, 2560px\" \/><\/li>\n                <li style=\"display: none; width: 100%;\" class=\"slide-667 ms-image \" aria-roledescription=\"slide\" data-date=\"2024-03-26 15:13:37\" data-filename=\"IMG_2481-scaled.jpg\" data-slide-type=\"image\"><img loading=\"lazy\" decoding=\"async\" width=\"2560\" height=\"1707\" src=\"https:\/\/www.technik-akademie-tuebingen.de\/2024\/wp-content\/uploads\/2024\/03\/IMG_2481-scaled.jpg\" class=\"slider-664 slide-667 msDefaultImage\" alt=\"\" rel=\"\" title=\"IMG_2481\" style=\"margin: 0 auto; width: 66.653648375968%\" srcset=\"https:\/\/www.technik-akademie-tuebingen.de\/2024\/wp-content\/uploads\/2024\/03\/IMG_2481-scaled.jpg 2560w, https:\/\/www.technik-akademie-tuebingen.de\/2024\/wp-content\/uploads\/2024\/03\/IMG_2481-300x200.jpg 300w, https:\/\/www.technik-akademie-tuebingen.de\/2024\/wp-content\/uploads\/2024\/03\/IMG_2481-1024x683.jpg 1024w, https:\/\/www.technik-akademie-tuebingen.de\/2024\/wp-content\/uploads\/2024\/03\/IMG_2481-768x512.jpg 768w, https:\/\/www.technik-akademie-tuebingen.de\/2024\/wp-content\/uploads\/2024\/03\/IMG_2481-1536x1024.jpg 1536w, https:\/\/www.technik-akademie-tuebingen.de\/2024\/wp-content\/uploads\/2024\/03\/IMG_2481-2048x1365.jpg 2048w, https:\/\/www.technik-akademie-tuebingen.de\/2024\/wp-content\/uploads\/2024\/03\/IMG_2481-150x100.jpg 150w\" sizes=\"(max-width: 2560px) 100vw, 2560px\" \/><\/li>\n                <li style=\"display: none; width: 100%;\" class=\"slide-665 ms-image \" aria-roledescription=\"slide\" data-date=\"2024-03-26 15:13:37\" data-filename=\"IMG_2485-scaled.jpg\" data-slide-type=\"image\"><img loading=\"lazy\" decoding=\"async\" width=\"2560\" height=\"1707\" src=\"https:\/\/www.technik-akademie-tuebingen.de\/2024\/wp-content\/uploads\/2024\/03\/IMG_2485-scaled.jpg\" class=\"slider-664 slide-665 msDefaultImage\" alt=\"\" rel=\"\" title=\"IMG_2485\" style=\"margin: 0 auto; width: 66.653648375968%\" srcset=\"https:\/\/www.technik-akademie-tuebingen.de\/2024\/wp-content\/uploads\/2024\/03\/IMG_2485-scaled.jpg 2560w, https:\/\/www.technik-akademie-tuebingen.de\/2024\/wp-content\/uploads\/2024\/03\/IMG_2485-300x200.jpg 300w, https:\/\/www.technik-akademie-tuebingen.de\/2024\/wp-content\/uploads\/2024\/03\/IMG_2485-1024x683.jpg 1024w, https:\/\/www.technik-akademie-tuebingen.de\/2024\/wp-content\/uploads\/2024\/03\/IMG_2485-768x512.jpg 768w, https:\/\/www.technik-akademie-tuebingen.de\/2024\/wp-content\/uploads\/2024\/03\/IMG_2485-1536x1024.jpg 1536w, https:\/\/www.technik-akademie-tuebingen.de\/2024\/wp-content\/uploads\/2024\/03\/IMG_2485-2048x1365.jpg 2048w, https:\/\/www.technik-akademie-tuebingen.de\/2024\/wp-content\/uploads\/2024\/03\/IMG_2485-150x100.jpg 150w\" sizes=\"(max-width: 2560px) 100vw, 2560px\" \/><\/li>\n                <li style=\"display: none; width: 100%;\" class=\"slide-668 ms-image \" aria-roledescription=\"slide\" data-date=\"2024-03-26 15:13:37\" data-filename=\"IMG_2482-scaled.jpg\" data-slide-type=\"image\"><img loading=\"lazy\" decoding=\"async\" width=\"2560\" height=\"1707\" src=\"https:\/\/www.technik-akademie-tuebingen.de\/2024\/wp-content\/uploads\/2024\/03\/IMG_2482-scaled.jpg\" class=\"slider-664 slide-668 msDefaultImage\" alt=\"\" rel=\"\" title=\"IMG_2482\" style=\"margin: 0 auto; width: 66.653648375968%\" srcset=\"https:\/\/www.technik-akademie-tuebingen.de\/2024\/wp-content\/uploads\/2024\/03\/IMG_2482-scaled.jpg 2560w, https:\/\/www.technik-akademie-tuebingen.de\/2024\/wp-content\/uploads\/2024\/03\/IMG_2482-300x200.jpg 300w, https:\/\/www.technik-akademie-tuebingen.de\/2024\/wp-content\/uploads\/2024\/03\/IMG_2482-1024x683.jpg 1024w, https:\/\/www.technik-akademie-tuebingen.de\/2024\/wp-content\/uploads\/2024\/03\/IMG_2482-768x512.jpg 768w, https:\/\/www.technik-akademie-tuebingen.de\/2024\/wp-content\/uploads\/2024\/03\/IMG_2482-1536x1024.jpg 1536w, https:\/\/www.technik-akademie-tuebingen.de\/2024\/wp-content\/uploads\/2024\/03\/IMG_2482-2048x1365.jpg 2048w, https:\/\/www.technik-akademie-tuebingen.de\/2024\/wp-content\/uploads\/2024\/03\/IMG_2482-150x100.jpg 150w\" sizes=\"(max-width: 2560px) 100vw, 2560px\" \/><\/li>\n                <li style=\"display: none; width: 100%;\" class=\"slide-669 ms-image \" aria-roledescription=\"slide\" data-date=\"2024-03-26 15:13:37\" data-filename=\"IMG_2130-scaled.jpg\" data-slide-type=\"image\"><img loading=\"lazy\" decoding=\"async\" width=\"2560\" height=\"1707\" src=\"https:\/\/www.technik-akademie-tuebingen.de\/2024\/wp-content\/uploads\/2024\/03\/IMG_2130-scaled.jpg\" class=\"slider-664 slide-669 msDefaultImage\" alt=\"\" rel=\"\" title=\"Zeltwanger1#\" style=\"margin: 0 auto; width: 66.653648375968%\" srcset=\"https:\/\/www.technik-akademie-tuebingen.de\/2024\/wp-content\/uploads\/2024\/03\/IMG_2130-scaled.jpg 2560w, https:\/\/www.technik-akademie-tuebingen.de\/2024\/wp-content\/uploads\/2024\/03\/IMG_2130-300x200.jpg 300w, https:\/\/www.technik-akademie-tuebingen.de\/2024\/wp-content\/uploads\/2024\/03\/IMG_2130-1024x683.jpg 1024w, https:\/\/www.technik-akademie-tuebingen.de\/2024\/wp-content\/uploads\/2024\/03\/IMG_2130-768x512.jpg 768w, https:\/\/www.technik-akademie-tuebingen.de\/2024\/wp-content\/uploads\/2024\/03\/IMG_2130-1536x1024.jpg 1536w, https:\/\/www.technik-akademie-tuebingen.de\/2024\/wp-content\/uploads\/2024\/03\/IMG_2130-2048x1365.jpg 2048w, https:\/\/www.technik-akademie-tuebingen.de\/2024\/wp-content\/uploads\/2024\/03\/IMG_2130-150x100.jpg 150w\" sizes=\"(max-width: 2560px) 100vw, 2560px\" \/><\/li>\n            <\/ul>\n        <\/div>\n        \n    <\/div>\n<\/div>\t\t\t\t<\/div>\n\t\t\t\t<\/div>\n\t\t\t\t<div class=\"elementor-element elementor-element-48f899d elementor-widget elementor-widget-heading\" data-id=\"48f899d\" data-element_type=\"widget\" data-e-type=\"widget\" data-widget_type=\"heading.default\">\n\t\t\t\t<div class=\"elementor-widget-container\">\n\t\t\t\t\t<h2 class=\"elementor-heading-title elementor-size-default\">Unser Team<\/h2>\t\t\t\t<\/div>\n\t\t\t\t<\/div>\n\t\t\t\t<div class=\"elementor-element elementor-element-5a0dcfc elementor-widget elementor-widget-image\" data-id=\"5a0dcfc\" data-element_type=\"widget\" data-e-type=\"widget\" data-widget_type=\"image.default\">\n\t\t\t\t<div class=\"elementor-widget-container\">\n\t\t\t\t\t\t\t\t\t\t\t\t\t\t\t<img loading=\"lazy\" decoding=\"async\" width=\"300\" height=\"200\" src=\"https:\/\/www.technik-akademie-tuebingen.de\/2024\/wp-content\/uploads\/2024\/03\/IMG_2468-300x200.jpg\" class=\"attachment-medium size-medium wp-image-653\" alt=\"\" srcset=\"https:\/\/www.technik-akademie-tuebingen.de\/2024\/wp-content\/uploads\/2024\/03\/IMG_2468-300x200.jpg 300w, https:\/\/www.technik-akademie-tuebingen.de\/2024\/wp-content\/uploads\/2024\/03\/IMG_2468-1024x683.jpg 1024w, https:\/\/www.technik-akademie-tuebingen.de\/2024\/wp-content\/uploads\/2024\/03\/IMG_2468-768x512.jpg 768w, https:\/\/www.technik-akademie-tuebingen.de\/2024\/wp-content\/uploads\/2024\/03\/IMG_2468-1536x1024.jpg 1536w, https:\/\/www.technik-akademie-tuebingen.de\/2024\/wp-content\/uploads\/2024\/03\/IMG_2468-2048x1365.jpg 2048w, https:\/\/www.technik-akademie-tuebingen.de\/2024\/wp-content\/uploads\/2024\/03\/IMG_2468-150x100.jpg 150w\" sizes=\"(max-width: 300px) 100vw, 300px\" \/>\t\t\t\t\t\t\t\t\t\t\t\t\t\t\t<\/div>\n\t\t\t\t<\/div>\n\t\t\t\t<div class=\"elementor-element elementor-element-de45605 elementor-widget elementor-widget-text-editor\" data-id=\"de45605\" data-element_type=\"widget\" data-e-type=\"widget\" data-widget_type=\"text-editor.default\">\n\t\t\t\t<div class=\"elementor-widget-container\">\n\t\t\t\t\t\t\t\t\t<p>Name: Inken<br \/>Spitzname: interessierte Inken<br \/>Alter: 14<br \/>Dieses Tier w\u00e4re ich gerne: Cham\u00e4leon<br \/>Lieblingsf\u00e4cher: Mathe, Physik, WBS<\/p>\t\t\t\t\t\t\t\t<\/div>\n\t\t\t\t<\/div>\n\t\t\t\t<div class=\"elementor-element elementor-element-100a063 elementor-widget elementor-widget-image\" data-id=\"100a063\" data-element_type=\"widget\" data-e-type=\"widget\" data-widget_type=\"image.default\">\n\t\t\t\t<div class=\"elementor-widget-container\">\n\t\t\t\t\t\t\t\t\t\t\t\t\t\t\t<img loading=\"lazy\" decoding=\"async\" width=\"300\" height=\"200\" src=\"https:\/\/www.technik-akademie-tuebingen.de\/2024\/wp-content\/uploads\/2024\/03\/IMG_2474-300x200.jpg\" class=\"attachment-medium size-medium wp-image-654\" alt=\"\" srcset=\"https:\/\/www.technik-akademie-tuebingen.de\/2024\/wp-content\/uploads\/2024\/03\/IMG_2474-300x200.jpg 300w, https:\/\/www.technik-akademie-tuebingen.de\/2024\/wp-content\/uploads\/2024\/03\/IMG_2474-1024x683.jpg 1024w, https:\/\/www.technik-akademie-tuebingen.de\/2024\/wp-content\/uploads\/2024\/03\/IMG_2474-768x512.jpg 768w, https:\/\/www.technik-akademie-tuebingen.de\/2024\/wp-content\/uploads\/2024\/03\/IMG_2474-1536x1024.jpg 1536w, https:\/\/www.technik-akademie-tuebingen.de\/2024\/wp-content\/uploads\/2024\/03\/IMG_2474-2048x1365.jpg 2048w, https:\/\/www.technik-akademie-tuebingen.de\/2024\/wp-content\/uploads\/2024\/03\/IMG_2474-150x100.jpg 150w\" sizes=\"(max-width: 300px) 100vw, 300px\" \/>\t\t\t\t\t\t\t\t\t\t\t\t\t\t\t<\/div>\n\t\t\t\t<\/div>\n\t\t\t\t<div class=\"elementor-element elementor-element-f8f1dc8 elementor-widget elementor-widget-text-editor\" data-id=\"f8f1dc8\" data-element_type=\"widget\" data-e-type=\"widget\" data-widget_type=\"text-editor.default\">\n\t\t\t\t<div class=\"elementor-widget-container\">\n\t\t\t\t\t\t\t\t\t<p>Name: Arved<br \/>Spitzname: ahnungsloser Arved<br \/>Alter: 14<br \/>Dieses Tier w\u00e4re ich gerne: Jaguar<br \/>Lieblingsf\u00e4cher: NWT, Sport<\/p>\t\t\t\t\t\t\t\t<\/div>\n\t\t\t\t<\/div>\n\t\t\t\t<div class=\"elementor-element elementor-element-d9ec1ef elementor-widget elementor-widget-image\" data-id=\"d9ec1ef\" data-element_type=\"widget\" data-e-type=\"widget\" data-widget_type=\"image.default\">\n\t\t\t\t<div class=\"elementor-widget-container\">\n\t\t\t\t\t\t\t\t\t\t\t\t\t\t\t<img loading=\"lazy\" decoding=\"async\" width=\"300\" height=\"200\" src=\"https:\/\/www.technik-akademie-tuebingen.de\/2024\/wp-content\/uploads\/2024\/03\/IMG_2487-300x200.jpg\" class=\"attachment-medium size-medium wp-image-659\" alt=\"\" srcset=\"https:\/\/www.technik-akademie-tuebingen.de\/2024\/wp-content\/uploads\/2024\/03\/IMG_2487-300x200.jpg 300w, https:\/\/www.technik-akademie-tuebingen.de\/2024\/wp-content\/uploads\/2024\/03\/IMG_2487-1024x683.jpg 1024w, https:\/\/www.technik-akademie-tuebingen.de\/2024\/wp-content\/uploads\/2024\/03\/IMG_2487-768x512.jpg 768w, https:\/\/www.technik-akademie-tuebingen.de\/2024\/wp-content\/uploads\/2024\/03\/IMG_2487-1536x1024.jpg 1536w, https:\/\/www.technik-akademie-tuebingen.de\/2024\/wp-content\/uploads\/2024\/03\/IMG_2487-2048x1365.jpg 2048w, https:\/\/www.technik-akademie-tuebingen.de\/2024\/wp-content\/uploads\/2024\/03\/IMG_2487-150x100.jpg 150w\" sizes=\"(max-width: 300px) 100vw, 300px\" \/>\t\t\t\t\t\t\t\t\t\t\t\t\t\t\t<\/div>\n\t\t\t\t<\/div>\n\t\t\t\t<div class=\"elementor-element elementor-element-b0c3498 elementor-widget elementor-widget-text-editor\" data-id=\"b0c3498\" data-element_type=\"widget\" data-e-type=\"widget\" data-widget_type=\"text-editor.default\">\n\t\t\t\t<div class=\"elementor-widget-container\">\n\t\t\t\t\t\t\t\t\t<p>Name: Eduardo<br \/>Spitzname: ehrgeiziger Eduardo<br \/>Alter: 14<br \/>Dieses Tier w\u00e4re ich gerne: L\u00f6we<br \/>Lieblingsf\u00e4cher: Mathe, NWT, Englisch<\/p>\t\t\t\t\t\t\t\t<\/div>\n\t\t\t\t<\/div>\n\t\t\t\t<div class=\"elementor-element elementor-element-870e683 elementor-widget elementor-widget-image\" data-id=\"870e683\" data-element_type=\"widget\" data-e-type=\"widget\" data-widget_type=\"image.default\">\n\t\t\t\t<div class=\"elementor-widget-container\">\n\t\t\t\t\t\t\t\t\t\t\t\t\t\t\t<img loading=\"lazy\" decoding=\"async\" width=\"300\" height=\"200\" src=\"https:\/\/www.technik-akademie-tuebingen.de\/2024\/wp-content\/uploads\/2024\/03\/IMG_2489-300x200.jpg\" class=\"attachment-medium size-medium wp-image-660\" alt=\"\" srcset=\"https:\/\/www.technik-akademie-tuebingen.de\/2024\/wp-content\/uploads\/2024\/03\/IMG_2489-300x200.jpg 300w, https:\/\/www.technik-akademie-tuebingen.de\/2024\/wp-content\/uploads\/2024\/03\/IMG_2489-1024x683.jpg 1024w, https:\/\/www.technik-akademie-tuebingen.de\/2024\/wp-content\/uploads\/2024\/03\/IMG_2489-768x512.jpg 768w, https:\/\/www.technik-akademie-tuebingen.de\/2024\/wp-content\/uploads\/2024\/03\/IMG_2489-1536x1024.jpg 1536w, https:\/\/www.technik-akademie-tuebingen.de\/2024\/wp-content\/uploads\/2024\/03\/IMG_2489-2048x1365.jpg 2048w, https:\/\/www.technik-akademie-tuebingen.de\/2024\/wp-content\/uploads\/2024\/03\/IMG_2489-150x100.jpg 150w\" sizes=\"(max-width: 300px) 100vw, 300px\" \/>\t\t\t\t\t\t\t\t\t\t\t\t\t\t\t<\/div>\n\t\t\t\t<\/div>\n\t\t\t\t<div class=\"elementor-element elementor-element-84bf39a elementor-widget elementor-widget-text-editor\" data-id=\"84bf39a\" data-element_type=\"widget\" data-e-type=\"widget\" data-widget_type=\"text-editor.default\">\n\t\t\t\t<div class=\"elementor-widget-container\">\n\t\t\t\t\t\t\t\t\t<p>Name: Matthias<br \/>Spitzname: mutiger Mathias<br \/>Alter: 14<br \/>Dieses Tier w\u00e4re ich gerne: Krabbe<br \/>Lieblingsf\u00e4cher: NWT, Mathe, Physik<\/p>\t\t\t\t\t\t\t\t<\/div>\n\t\t\t\t<\/div>\n\t\t\t\t\t<\/div>\n\t\t\t\t<\/div>\n\t\t\t\t<\/div>\n\t\t","protected":false},"excerpt":{"rendered":"<p>Die Firma Zeltwanger wurde im Jahr 1982 von Ulrich Zeltwanger in Dusslingen gegr\u00fcndet, bevor sie 1999 an ihren heutigen Standort umzog. In den 8 Gesellschaften weltweit arbeiten ca. 470 Mitarbeiter in L\u00e4ndern wie zum Beispiel Tschechien, den USA und China f\u00fcr Zeltwanger und besch\u00e4ftigen sich mit der Pr\u00e4zisionsfertigung anspruchsvoller Maschinenbauteile, Baugruppen bis hin zur Endmontage [&hellip;]<\/p>\n","protected":false},"author":1,"featured_media":0,"parent":15,"menu_order":0,"comment_status":"closed","ping_status":"closed","template":"","meta":{"footnotes":""},"class_list":["post-62","page","type-page","status-publish","hentry"],"_links":{"self":[{"href":"https:\/\/www.technik-akademie-tuebingen.de\/2024\/wp-json\/wp\/v2\/pages\/62","targetHints":{"allow":["GET"]}}],"collection":[{"href":"https:\/\/www.technik-akademie-tuebingen.de\/2024\/wp-json\/wp\/v2\/pages"}],"about":[{"href":"https:\/\/www.technik-akademie-tuebingen.de\/2024\/wp-json\/wp\/v2\/types\/page"}],"author":[{"embeddable":true,"href":"https:\/\/www.technik-akademie-tuebingen.de\/2024\/wp-json\/wp\/v2\/users\/1"}],"replies":[{"embeddable":true,"href":"https:\/\/www.technik-akademie-tuebingen.de\/2024\/wp-json\/wp\/v2\/comments?post=62"}],"version-history":[{"count":37,"href":"https:\/\/www.technik-akademie-tuebingen.de\/2024\/wp-json\/wp\/v2\/pages\/62\/revisions"}],"predecessor-version":[{"id":835,"href":"https:\/\/www.technik-akademie-tuebingen.de\/2024\/wp-json\/wp\/v2\/pages\/62\/revisions\/835"}],"up":[{"embeddable":true,"href":"https:\/\/www.technik-akademie-tuebingen.de\/2024\/wp-json\/wp\/v2\/pages\/15"}],"wp:attachment":[{"href":"https:\/\/www.technik-akademie-tuebingen.de\/2024\/wp-json\/wp\/v2\/media?parent=62"}],"curies":[{"name":"wp","href":"https:\/\/api.w.org\/{rel}","templated":true}]}}