{"id":20,"date":"2025-04-13T16:11:46","date_gmt":"2025-04-13T14:11:46","guid":{"rendered":"https:\/\/www.technik-akademie-tuebingen.de\/2025\/?page_id=20"},"modified":"2025-04-17T09:33:22","modified_gmt":"2025-04-17T07:33:22","slug":"beispiel-hauptseite","status":"publish","type":"page","link":"https:\/\/www.technik-akademie-tuebingen.de\/2025\/","title":{"rendered":"Startseite"},"content":{"rendered":"\t\t<div data-elementor-type=\"wp-page\" data-elementor-id=\"20\" class=\"elementor elementor-20\">\n\t\t\t\t<div class=\"elementor-element elementor-element-c5a1bd3 e-flex e-con-boxed e-con e-parent\" data-id=\"c5a1bd3\" data-element_type=\"container\" data-e-type=\"container\">\n\t\t\t\t\t<div class=\"e-con-inner\">\n\t\t\t\t<div class=\"elementor-element elementor-element-4252f48 elementor-widget elementor-widget-heading\" data-id=\"4252f48\" data-element_type=\"widget\" data-e-type=\"widget\" data-widget_type=\"heading.default\">\n\t\t\t\t<div class=\"elementor-widget-container\">\n\t\t\t\t\t<h2 class=\"elementor-heading-title elementor-size-default\">Technik Akademie T\u00fcbingen<\/h2>\t\t\t\t<\/div>\n\t\t\t\t<\/div>\n\t\t\t\t\t<\/div>\n\t\t\t\t<\/div>\n\t\t<div class=\"elementor-element elementor-element-4948405 e-con-full e-flex e-con e-parent\" data-id=\"4948405\" data-element_type=\"container\" data-e-type=\"container\">\n\t\t\t\t<div class=\"elementor-element elementor-element-49705e2 elementor-widget elementor-widget-text-editor\" data-id=\"49705e2\" data-element_type=\"widget\" data-e-type=\"widget\" data-widget_type=\"text-editor.default\">\n\t\t\t\t<div class=\"elementor-widget-container\">\n\t\t\t\t\t\t\t\t\t<div class=\"wpaicg-chat-shortcode-content\"><p><span id=\"wpaicg-chat-message-5358\" class=\"wpaicg-chat-message\">Die Technik Akademie T\u00fcbingen ist eine Bildungseinrichtung, die sich auf die Entwicklung technischer und naturwissenschaftlicher Kompetenzen spezialisiert hat. Sie bietet eine Vielzahl von Programmen, Workshops und Kursen an, die sich an Sch\u00fcler der neunten Klasse richten. Das Hauptziel besteht darin, den Teilnehmern technisches Wissen sowie praktische F\u00e4higkeiten zu vermitteln, um sie optimal auf die Anforderungen des Arbeitsmarktes vorzubereiten. Zu den Unternehmen, die die Sch\u00fcler besuchen k\u00f6nnen, geh\u00f6ren\u00a0 Artif GmbH &amp; Co., Robert Bosch GmbH, CHT GmbH, SWR4, Wafios und Zeltwanger Holding GmbH.<\/span><\/p><\/div><div class=\"wpaicg-chat-shortcode-type\">\u00a0<\/div>\t\t\t\t\t\t\t\t<\/div>\n\t\t\t\t<\/div>\n\t\t\t\t<div class=\"elementor-element elementor-element-73940b6 elementor-widget__width-initial elementor-widget elementor-widget-image\" data-id=\"73940b6\" data-element_type=\"widget\" data-e-type=\"widget\" data-widget_type=\"image.default\">\n\t\t\t\t<div class=\"elementor-widget-container\">\n\t\t\t\t\t\t\t\t\t\t\t\t\t\t\t<img fetchpriority=\"high\" decoding=\"async\" width=\"600\" height=\"399\" src=\"https:\/\/www.technik-akademie-tuebingen.de\/2025\/wp-content\/uploads\/2025\/04\/logo-2.png\" class=\"attachment-large size-large wp-image-1064\" alt=\"\" srcset=\"https:\/\/www.technik-akademie-tuebingen.de\/2025\/wp-content\/uploads\/2025\/04\/logo-2.png 600w, https:\/\/www.technik-akademie-tuebingen.de\/2025\/wp-content\/uploads\/2025\/04\/logo-2-300x200.png 300w\" sizes=\"(max-width: 600px) 100vw, 600px\" \/>\t\t\t\t\t\t\t\t\t\t\t\t\t\t\t<\/div>\n\t\t\t\t<\/div>\n\t\t\t\t<\/div>\n\t\t<div class=\"elementor-element elementor-element-4e8f465 e-con-full e-flex e-con e-parent\" data-id=\"4e8f465\" data-element_type=\"container\" data-e-type=\"container\">\n\t\t\t\t<div class=\"elementor-element elementor-element-783d8c3 elementor-widget elementor-widget-heading\" data-id=\"783d8c3\" data-element_type=\"widget\" data-e-type=\"widget\" data-widget_type=\"heading.default\">\n\t\t\t\t<div class=\"elementor-widget-container\">\n\t\t\t\t\t<h2 class=\"elementor-heading-title elementor-size-default\">Unsere Unterkunft<\/h2>\t\t\t\t<\/div>\n\t\t\t\t<\/div>\n\t\t\t\t<div class=\"elementor-element elementor-element-3600455 elementor-widget elementor-widget-image\" data-id=\"3600455\" data-element_type=\"widget\" data-e-type=\"widget\" data-widget_type=\"image.default\">\n\t\t\t\t<div class=\"elementor-widget-container\">\n\t\t\t\t\t\t\t\t\t\t\t\t\t\t\t<img decoding=\"async\" width=\"1024\" height=\"685\" src=\"https:\/\/www.technik-akademie-tuebingen.de\/2025\/wp-content\/uploads\/2025\/04\/JHB_01-1024x685.jpg\" class=\"attachment-large size-large wp-image-696\" alt=\"\" srcset=\"https:\/\/www.technik-akademie-tuebingen.de\/2025\/wp-content\/uploads\/2025\/04\/JHB_01-1024x685.jpg 1024w, https:\/\/www.technik-akademie-tuebingen.de\/2025\/wp-content\/uploads\/2025\/04\/JHB_01-300x201.jpg 300w, https:\/\/www.technik-akademie-tuebingen.de\/2025\/wp-content\/uploads\/2025\/04\/JHB_01-768x514.jpg 768w, https:\/\/www.technik-akademie-tuebingen.de\/2025\/wp-content\/uploads\/2025\/04\/JHB_01.jpg 1200w\" sizes=\"(max-width: 1024px) 100vw, 1024px\" \/>\t\t\t\t\t\t\t\t\t\t\t\t\t\t\t<\/div>\n\t\t\t\t<\/div>\n\t\t\t\t<div class=\"elementor-element elementor-element-da6d41b elementor-widget elementor-widget-text-editor\" data-id=\"da6d41b\" data-element_type=\"widget\" data-e-type=\"widget\" data-widget_type=\"text-editor.default\">\n\t\t\t\t<div class=\"elementor-widget-container\">\n\t\t\t\t\t\t\t\t\t<p>W\u00e4hrend ihrer Zeit in T\u00fcbingen schliefen die Teilnehmer der Technik Akademie in der Jugendherberge T\u00fcbingen. Diese bietet ihren G\u00e4sten Fr\u00fchst\u00fcck, Mittagessen wie auch Abendessen mit Blick auf den Neckar. Ebenfalls findet man auf dem Gel\u00e4nde eine Tischtennisplatte, einen Tischkicker, Riesenschach und viele weitere M\u00f6glichkeiten sich auszutoben. Auch zwei kleinere Aufenthaltsr\u00e4ume hat die Jugendherberge der Technik Akademie\u00a0 bereitgestellt,\u00a0 in denen die Teilnehmer ihre Pr\u00e4sentationen vorbereitet haben. Die Aufenthaltsr\u00e4ume wurden aber auch zum gemeinsamen Brett-oder Kartenspielen genutzt.<\/p>\t\t\t\t\t\t\t\t<\/div>\n\t\t\t\t<\/div>\n\t\t\t\t<div class=\"elementor-element elementor-element-1baea0d elementor-widget elementor-widget-shortcode\" data-id=\"1baea0d\" data-element_type=\"widget\" data-e-type=\"widget\" data-widget_type=\"shortcode.default\">\n\t\t\t\t<div class=\"elementor-widget-container\">\n\t\t\t\t\t\t\t<div class=\"elementor-shortcode\"><div id=\"metaslider-id-737\" style=\"width: 100%;\" class=\"ml-slider-3-107-0 metaslider metaslider-flex metaslider-737 ml-slider has-dots-nav ms-theme-default-base\" role=\"region\" aria-label=\"Jugendherberge\" data-height=\"1000\" data-width=\"1200\">\n    <div id=\"metaslider_container_737\">\n        <div id=\"metaslider_737\">\n            <ul class='slides'>\n                <li style=\"display: block; width: 100%;\" class=\"slide-739 ms-image \" aria-roledescription=\"slide\" data-date=\"2025-04-15 17:30:41\" data-filename=\"JHB_05-963x803.jpg\" data-slide-type=\"image\"><img decoding=\"async\" src=\"https:\/\/www.technik-akademie-tuebingen.de\/2025\/wp-content\/uploads\/2025\/04\/JHB_05-963x803.jpg\" height=\"1000\" width=\"1200\" alt=\"\" class=\"slider-737 slide-739 msDefaultImage\" title=\"JHB_05\" \/><\/li>\n                <li style=\"display: none; width: 100%;\" class=\"slide-740 ms-image \" aria-roledescription=\"slide\" data-date=\"2025-04-15 17:30:50\" data-filename=\"JHB_04-963x803.jpg\" data-slide-type=\"image\"><img loading=\"lazy\" decoding=\"async\" src=\"https:\/\/www.technik-akademie-tuebingen.de\/2025\/wp-content\/uploads\/2025\/04\/JHB_04-963x803.jpg\" height=\"1000\" width=\"1200\" alt=\"\" class=\"slider-737 slide-740 msDefaultImage\" title=\"JHB_04\" \/><\/li>\n                <li style=\"display: none; width: 100%;\" class=\"slide-1152 ms-image \" aria-roledescription=\"slide\" data-date=\"2025-04-16 16:56:50\" data-filename=\"DSC_0376-1-1200x1000.jpg\" data-slide-type=\"image\"><img loading=\"lazy\" decoding=\"async\" src=\"https:\/\/www.technik-akademie-tuebingen.de\/2025\/wp-content\/uploads\/2025\/04\/DSC_0376-1-1200x1000.jpg\" height=\"1000\" width=\"1200\" alt=\"\" class=\"slider-737 slide-1152 msDefaultImage\" title=\"DSC_0376\" \/><\/li>\n                <li style=\"display: none; width: 100%;\" class=\"slide-741 ms-image \" aria-roledescription=\"slide\" data-date=\"2025-04-15 17:31:00\" data-filename=\"JHB_02-963x803.jpg\" data-slide-type=\"image\"><img loading=\"lazy\" decoding=\"async\" src=\"https:\/\/www.technik-akademie-tuebingen.de\/2025\/wp-content\/uploads\/2025\/04\/JHB_02-963x803.jpg\" height=\"1000\" width=\"1200\" alt=\"\" class=\"slider-737 slide-741 msDefaultImage\" title=\"JHB_02\" \/><\/li>\n                <li style=\"display: none; width: 100%;\" class=\"slide-1151 ms-image \" aria-roledescription=\"slide\" data-date=\"2025-04-16 16:55:52\" data-filename=\"DSC_0369-1-1200x1000.jpg\" data-slide-type=\"image\"><img loading=\"lazy\" decoding=\"async\" src=\"https:\/\/www.technik-akademie-tuebingen.de\/2025\/wp-content\/uploads\/2025\/04\/DSC_0369-1-1200x1000.jpg\" height=\"1000\" width=\"1200\" alt=\"\" class=\"slider-737 slide-1151 msDefaultImage\" title=\"DSC_0369\" \/><\/li>\n                <li style=\"display: none; width: 100%;\" class=\"slide-742 ms-image \" aria-roledescription=\"slide\" data-date=\"2025-04-15 17:31:04\" data-filename=\"JHB_03-963x803.jpg\" data-slide-type=\"image\"><img loading=\"lazy\" decoding=\"async\" src=\"https:\/\/www.technik-akademie-tuebingen.de\/2025\/wp-content\/uploads\/2025\/04\/JHB_03-963x803.jpg\" height=\"1000\" width=\"1200\" alt=\"\" class=\"slider-737 slide-742 msDefaultImage\" title=\"JHB_03\" \/><\/li>\n            <\/ul>\n        <\/div>\n        \n    <\/div>\n<\/div><\/div>\n\t\t\t\t\t\t<\/div>\n\t\t\t\t<\/div>\n\t\t\t\t<\/div>\n\t\t<div class=\"elementor-element elementor-element-7bea8f7 e-flex e-con-boxed e-con e-parent\" data-id=\"7bea8f7\" data-element_type=\"container\" data-e-type=\"container\">\n\t\t\t\t\t<div class=\"e-con-inner\">\n\t\t\t\t<div class=\"elementor-element elementor-element-383a36d elementor-widget elementor-widget-google_maps\" data-id=\"383a36d\" data-element_type=\"widget\" data-e-type=\"widget\" data-widget_type=\"google_maps.default\">\n\t\t\t\t<div class=\"elementor-widget-container\">\n\t\t\t\t\t\t\t<div class=\"elementor-custom-embed\">\n\t\t\t<iframe loading=\"lazy\"\n\t\t\t\t\tsrc=\"https:\/\/maps.google.com\/maps?q=Jugendherberge%20T%C3%BCbingen&#038;t=m&#038;z=10&#038;output=embed&#038;iwloc=near\"\n\t\t\t\t\ttitle=\"Jugendherberge T\u00fcbingen\"\n\t\t\t\t\taria-label=\"Jugendherberge T\u00fcbingen\"\n\t\t\t><\/iframe>\n\t\t<\/div>\n\t\t\t\t\t\t<\/div>\n\t\t\t\t<\/div>\n\t\t\t\t\t<\/div>\n\t\t\t\t<\/div>\n\t\t\t\t<\/div>\n\t\t","protected":false},"excerpt":{"rendered":"<p>Technik Akademie T\u00fcbingen Die Technik Akademie T\u00fcbingen ist eine Bildungseinrichtung, die sich auf die Entwicklung technischer und naturwissenschaftlicher Kompetenzen spezialisiert hat. Sie bietet eine Vielzahl von Programmen, Workshops und Kursen an, die sich an Sch\u00fcler der neunten Klasse richten. Das Hauptziel besteht darin, den Teilnehmern technisches Wissen sowie praktische F\u00e4higkeiten zu vermitteln, um sie optimal [&hellip;]<\/p>\n","protected":false},"author":1,"featured_media":0,"parent":0,"menu_order":0,"comment_status":"closed","ping_status":"closed","template":"","meta":{"footnotes":""},"class_list":["post-20","page","type-page","status-publish","hentry"],"jetpack_sharing_enabled":true,"_links":{"self":[{"href":"https:\/\/www.technik-akademie-tuebingen.de\/2025\/wp-json\/wp\/v2\/pages\/20","targetHints":{"allow":["GET"]}}],"collection":[{"href":"https:\/\/www.technik-akademie-tuebingen.de\/2025\/wp-json\/wp\/v2\/pages"}],"about":[{"href":"https:\/\/www.technik-akademie-tuebingen.de\/2025\/wp-json\/wp\/v2\/types\/page"}],"author":[{"embeddable":true,"href":"https:\/\/www.technik-akademie-tuebingen.de\/2025\/wp-json\/wp\/v2\/users\/1"}],"replies":[{"embeddable":true,"href":"https:\/\/www.technik-akademie-tuebingen.de\/2025\/wp-json\/wp\/v2\/comments?post=20"}],"version-history":[{"count":72,"href":"https:\/\/www.technik-akademie-tuebingen.de\/2025\/wp-json\/wp\/v2\/pages\/20\/revisions"}],"predecessor-version":[{"id":1298,"href":"https:\/\/www.technik-akademie-tuebingen.de\/2025\/wp-json\/wp\/v2\/pages\/20\/revisions\/1298"}],"wp:attachment":[{"href":"https:\/\/www.technik-akademie-tuebingen.de\/2025\/wp-json\/wp\/v2\/media?parent=20"}],"curies":[{"name":"wp","href":"https:\/\/api.w.org\/{rel}","templated":true}]}}