{"id":290,"date":"2025-04-15T08:43:27","date_gmt":"2025-04-15T06:43:27","guid":{"rendered":"https:\/\/www.technik-akademie-tuebingen.de\/2025\/?page_id=290"},"modified":"2025-04-17T09:43:18","modified_gmt":"2025-04-17T07:43:18","slug":"cht","status":"publish","type":"page","link":"https:\/\/www.technik-akademie-tuebingen.de\/2025\/cht\/","title":{"rendered":"CHT Germany GmbH"},"content":{"rendered":"\t\t<div data-elementor-type=\"wp-page\" data-elementor-id=\"290\" class=\"elementor elementor-290\">\n\t\t\t\t<div class=\"elementor-element elementor-element-c3c5a1f e-flex e-con-boxed e-con e-parent\" data-id=\"c3c5a1f\" data-element_type=\"container\" data-e-type=\"container\">\n\t\t\t\t\t<div class=\"e-con-inner\">\n\t\t\t\t<div class=\"elementor-element elementor-element-9099037 elementor-widget elementor-widget-heading\" data-id=\"9099037\" data-element_type=\"widget\" data-e-type=\"widget\" data-widget_type=\"heading.default\">\n\t\t\t\t<div class=\"elementor-widget-container\">\n\t\t\t\t\t<h2 class=\"elementor-heading-title elementor-size-default\">CHT Germany GmbH<\/h2>\t\t\t\t<\/div>\n\t\t\t\t<\/div>\n\t\t\t\t<div class=\"elementor-element elementor-element-2aad96b elementor-widget__width-initial elementor-widget elementor-widget-image\" data-id=\"2aad96b\" data-element_type=\"widget\" data-e-type=\"widget\" data-widget_type=\"image.default\">\n\t\t\t\t<div class=\"elementor-widget-container\">\n\t\t\t\t\t\t\t\t\t\t\t\t\t\t\t<img fetchpriority=\"high\" decoding=\"async\" width=\"1024\" height=\"776\" src=\"https:\/\/www.technik-akademie-tuebingen.de\/2025\/wp-content\/uploads\/2025\/04\/CHT_06-1024x776.jpg\" class=\"attachment-large size-large wp-image-491\" alt=\"\" srcset=\"https:\/\/www.technik-akademie-tuebingen.de\/2025\/wp-content\/uploads\/2025\/04\/CHT_06-1024x776.jpg 1024w, https:\/\/www.technik-akademie-tuebingen.de\/2025\/wp-content\/uploads\/2025\/04\/CHT_06-300x227.jpg 300w, https:\/\/www.technik-akademie-tuebingen.de\/2025\/wp-content\/uploads\/2025\/04\/CHT_06-768x582.jpg 768w, https:\/\/www.technik-akademie-tuebingen.de\/2025\/wp-content\/uploads\/2025\/04\/CHT_06.jpg 1220w\" sizes=\"(max-width: 1024px) 100vw, 1024px\" \/>\t\t\t\t\t\t\t\t\t\t\t\t\t\t\t<\/div>\n\t\t\t\t<\/div>\n\t\t\t\t<div class=\"elementor-element elementor-element-ddd6881 elementor-widget elementor-widget-text-editor\" data-id=\"ddd6881\" data-element_type=\"widget\" data-e-type=\"widget\" data-widget_type=\"text-editor.default\">\n\t\t\t\t<div class=\"elementor-widget-container\">\n\t\t\t\t\t\t\t\t\t<p>Die CHT-Gruppe ist eine weltweit agierende Unternehmensgruppe mit Sitz in T\u00fcbingen, die sich auf Spezialchemikalien spezialisiert hat. Gegr\u00fcndet 1953, besch\u00e4ftigt CHT weltweit etwa 2.500 Mitarbeiter und bietet Produkte in \u00fcber 120 L\u00e4ndern an. Die Gruppe ist in vier Hauptgesch\u00e4ftsfeldern t\u00e4tig: Textil, Textilpflege, Bauwesen und General Industries.<\/p>\t\t\t\t\t\t\t\t<\/div>\n\t\t\t\t<\/div>\n\t\t\t\t<div class=\"elementor-element elementor-element-a0db549 elementor-widget elementor-widget-heading\" data-id=\"a0db549\" data-element_type=\"widget\" data-e-type=\"widget\" data-widget_type=\"heading.default\">\n\t\t\t\t<div class=\"elementor-widget-container\">\n\t\t\t\t\t<h2 class=\"elementor-heading-title elementor-size-default\">Unser Projekt<\/h2>\t\t\t\t<\/div>\n\t\t\t\t<\/div>\n\t\t\t\t<div class=\"elementor-element elementor-element-2af273e elementor-widget elementor-widget-image\" data-id=\"2af273e\" data-element_type=\"widget\" data-e-type=\"widget\" data-widget_type=\"image.default\">\n\t\t\t\t<div class=\"elementor-widget-container\">\n\t\t\t\t\t\t\t\t\t\t\t\t\t\t\t<img decoding=\"async\" width=\"1024\" height=\"563\" src=\"https:\/\/www.technik-akademie-tuebingen.de\/2025\/wp-content\/uploads\/2025\/04\/CHT_05-1024x563.jpg\" class=\"attachment-large size-large wp-image-486\" alt=\"\" srcset=\"https:\/\/www.technik-akademie-tuebingen.de\/2025\/wp-content\/uploads\/2025\/04\/CHT_05-1024x563.jpg 1024w, https:\/\/www.technik-akademie-tuebingen.de\/2025\/wp-content\/uploads\/2025\/04\/CHT_05-300x165.jpg 300w, https:\/\/www.technik-akademie-tuebingen.de\/2025\/wp-content\/uploads\/2025\/04\/CHT_05-768x422.jpg 768w, https:\/\/www.technik-akademie-tuebingen.de\/2025\/wp-content\/uploads\/2025\/04\/CHT_05-1536x844.jpg 1536w, https:\/\/www.technik-akademie-tuebingen.de\/2025\/wp-content\/uploads\/2025\/04\/CHT_05-2048x1125.jpg 2048w\" sizes=\"(max-width: 1024px) 100vw, 1024px\" \/>\t\t\t\t\t\t\t\t\t\t\t\t\t\t\t<\/div>\n\t\t\t\t<\/div>\n\t\t\t\t<div class=\"elementor-element elementor-element-4aa3aef elementor-widget elementor-widget-text-editor\" data-id=\"4aa3aef\" data-element_type=\"widget\" data-e-type=\"widget\" data-widget_type=\"text-editor.default\">\n\t\t\t\t<div class=\"elementor-widget-container\">\n\t\t\t\t\t\t\t\t\t<p>Seit 2015 ist die CHT R. Beitlich GmbH Teil der Technik-Akademie T\u00fcbingen und vermittelt den Teilnehmern das sichere Verarbeiten von Baumwolltaschen. Dabei durchlaufen die Sch\u00fcler die Schritte Bleichen, Entst\u00e4rken, F\u00e4rben und Bedrucken der Taschen. Neben den chemischen Prozessen lernen sie auch den sicheren Umgang mit Chemikalien und den richtigen Schutz im Labor. Das Programm verbindet praktische Anwendung mit theoretischem Wissen und f\u00f6rdert die Berufsorientierung im Bereich Chemie.<\/p>\t\t\t\t\t\t\t\t<\/div>\n\t\t\t\t<\/div>\n\t\t\t\t<div class=\"elementor-element elementor-element-fa2ca6f elementor-widget elementor-widget-video\" data-id=\"fa2ca6f\" data-element_type=\"widget\" data-e-type=\"widget\" data-settings=\"{&quot;video_type&quot;:&quot;hosted&quot;,&quot;controls&quot;:&quot;yes&quot;}\" data-widget_type=\"video.default\">\n\t\t\t\t<div class=\"elementor-widget-container\">\n\t\t\t\t\t\t\t<div class=\"e-hosted-video elementor-wrapper elementor-open-inline\">\n\t\t\t\t\t<video class=\"elementor-video\" src=\"https:\/\/www.technik-akademie-tuebingen.de\/2025\/wp-content\/uploads\/2025\/04\/CHT.mp4\" controls=\"\" preload=\"metadata\" controlsList=\"nodownload\"><\/video>\n\t\t\t\t<\/div>\n\t\t\t\t\t\t<\/div>\n\t\t\t\t<\/div>\n\t\t\t\t<div class=\"elementor-element elementor-element-29ec90e elementor-widget__width-inherit elementor-widget elementor-widget-shortcode\" data-id=\"29ec90e\" data-element_type=\"widget\" data-e-type=\"widget\" data-widget_type=\"shortcode.default\">\n\t\t\t\t<div class=\"elementor-widget-container\">\n\t\t\t\t\t\t\t<div class=\"elementor-shortcode\">\t<div id=\"metaslider-id-612\" style=\"width: 100%;\" class=\"ml-slider-3-108-0 metaslider metaslider-flex metaslider-612 ml-slider has-dots-nav ms-theme-default-base\" role=\"region\" aria-label=\"CHT\" data-height=\"1000\" data-width=\"1200\">\n    <div id=\"metaslider_container_612\">\n        <div id=\"metaslider_612\">\n            <ul class='slides'>\n                <li style=\"display: block; width: 100%;\" class=\"slide-645 ms-image \" aria-roledescription=\"slide\" data-date=\"2025-04-15 15:18:57\" data-filename=\"DSC_0203-963x803.jpg\" data-slide-type=\"image\"><img decoding=\"async\" src=\"https:\/\/www.technik-akademie-tuebingen.de\/2025\/wp-content\/uploads\/2025\/04\/DSC_0203-963x803.jpg\" height=\"1000\" width=\"1200\" alt=\"\" class=\"slider-612 slide-645 msDefaultImage\" title=\"CHT_09\" \/><\/li>\n                <li style=\"display: none; width: 100%;\" class=\"slide-641 ms-image \" aria-roledescription=\"slide\" data-date=\"2025-04-15 15:16:51\" data-filename=\"DSC_0209-963x803.jpg\" data-slide-type=\"image\"><img loading=\"lazy\" decoding=\"async\" src=\"https:\/\/www.technik-akademie-tuebingen.de\/2025\/wp-content\/uploads\/2025\/04\/DSC_0209-963x803.jpg\" height=\"1000\" width=\"1200\" alt=\"\" class=\"slider-612 slide-641 msDefaultImage\" title=\"CHT_07\" \/><\/li>\n                <li style=\"display: none; width: 100%;\" class=\"slide-642 ms-image \" aria-roledescription=\"slide\" data-date=\"2025-04-15 15:16:59\" data-filename=\"DSC_0205-963x803.jpg\" data-slide-type=\"image\"><img loading=\"lazy\" decoding=\"async\" src=\"https:\/\/www.technik-akademie-tuebingen.de\/2025\/wp-content\/uploads\/2025\/04\/DSC_0205-963x803.jpg\" height=\"1000\" width=\"1200\" alt=\"\" class=\"slider-612 slide-642 msDefaultImage\" title=\"CHT_08\" \/><\/li>\n                <li style=\"display: none; width: 100%;\" class=\"slide-643 ms-image \" aria-roledescription=\"slide\" data-date=\"2025-04-15 15:17:16\" data-filename=\"DSC_0202-963x803.jpg\" data-slide-type=\"image\"><img loading=\"lazy\" decoding=\"async\" src=\"https:\/\/www.technik-akademie-tuebingen.de\/2025\/wp-content\/uploads\/2025\/04\/DSC_0202-963x803.jpg\" height=\"1000\" width=\"1200\" alt=\"\" class=\"slider-612 slide-643 msDefaultImage\" title=\"CHT_10\" \/><\/li>\n                <li style=\"display: none; width: 100%;\" class=\"slide-640 ms-image \" aria-roledescription=\"slide\" data-date=\"2025-04-15 15:16:42\" data-filename=\"DSC_0201-963x803.jpg\" data-slide-type=\"image\"><img loading=\"lazy\" decoding=\"async\" src=\"https:\/\/www.technik-akademie-tuebingen.de\/2025\/wp-content\/uploads\/2025\/04\/DSC_0201-963x803.jpg\" height=\"1000\" width=\"1200\" alt=\"\" class=\"slider-612 slide-640 msDefaultImage\" title=\"CHT_11\" \/><\/li>\n            <\/ul>\n        <\/div>\n        \n    <\/div>\n<\/div>\n<\/div>\n\t\t\t\t\t\t<\/div>\n\t\t\t\t<\/div>\n\t\t\t\t\t<\/div>\n\t\t\t\t<\/div>\n\t\t\t\t<\/div>\n\t\t","protected":false},"excerpt":{"rendered":"<p>CHT Germany GmbH Die CHT-Gruppe ist eine weltweit agierende Unternehmensgruppe mit Sitz in T\u00fcbingen, die sich auf Spezialchemikalien spezialisiert hat. Gegr\u00fcndet 1953, besch\u00e4ftigt CHT weltweit etwa 2.500 Mitarbeiter und bietet Produkte in \u00fcber 120 L\u00e4ndern an. Die Gruppe ist in vier Hauptgesch\u00e4ftsfeldern t\u00e4tig: Textil, Textilpflege, Bauwesen und General Industries. Unser Projekt Seit 2015 ist die [&hellip;]<\/p>\n","protected":false},"author":1,"featured_media":0,"parent":0,"menu_order":0,"comment_status":"closed","ping_status":"closed","template":"","meta":{"footnotes":""},"class_list":["post-290","page","type-page","status-publish","hentry"],"jetpack_sharing_enabled":true,"_links":{"self":[{"href":"https:\/\/www.technik-akademie-tuebingen.de\/2025\/wp-json\/wp\/v2\/pages\/290","targetHints":{"allow":["GET"]}}],"collection":[{"href":"https:\/\/www.technik-akademie-tuebingen.de\/2025\/wp-json\/wp\/v2\/pages"}],"about":[{"href":"https:\/\/www.technik-akademie-tuebingen.de\/2025\/wp-json\/wp\/v2\/types\/page"}],"author":[{"embeddable":true,"href":"https:\/\/www.technik-akademie-tuebingen.de\/2025\/wp-json\/wp\/v2\/users\/1"}],"replies":[{"embeddable":true,"href":"https:\/\/www.technik-akademie-tuebingen.de\/2025\/wp-json\/wp\/v2\/comments?post=290"}],"version-history":[{"count":35,"href":"https:\/\/www.technik-akademie-tuebingen.de\/2025\/wp-json\/wp\/v2\/pages\/290\/revisions"}],"predecessor-version":[{"id":1301,"href":"https:\/\/www.technik-akademie-tuebingen.de\/2025\/wp-json\/wp\/v2\/pages\/290\/revisions\/1301"}],"wp:attachment":[{"href":"https:\/\/www.technik-akademie-tuebingen.de\/2025\/wp-json\/wp\/v2\/media?parent=290"}],"curies":[{"name":"wp","href":"https:\/\/api.w.org\/{rel}","templated":true}]}}