{"id":42,"date":"2026-03-30T09:07:31","date_gmt":"2026-03-30T07:07:31","guid":{"rendered":"https:\/\/www.technik-akademie-tuebingen.de\/2026\/?page_id=42"},"modified":"2026-04-01T15:18:14","modified_gmt":"2026-04-01T13:18:14","slug":"cht-germany","status":"publish","type":"page","link":"https:\/\/www.technik-akademie-tuebingen.de\/2026\/cht-germany\/","title":{"rendered":"CHT Germany"},"content":{"rendered":"\t\t<div data-elementor-type=\"wp-page\" data-elementor-id=\"42\" class=\"elementor elementor-42\">\n\t\t\t\t<div class=\"elementor-element elementor-element-cfd6d8f e-flex e-con-boxed e-con e-parent\" data-id=\"cfd6d8f\" data-element_type=\"container\" data-e-type=\"container\" data-settings=\"{&quot;background_background&quot;:&quot;classic&quot;}\">\n\t\t\t\t\t<div class=\"e-con-inner\">\n\t\t\t\t\t<\/div>\n\t\t\t\t<\/div>\n\t\t<div class=\"elementor-element elementor-element-c0ad0c5 e-flex e-con-boxed e-con e-parent\" data-id=\"c0ad0c5\" data-element_type=\"container\" data-e-type=\"container\" data-settings=\"{&quot;background_background&quot;:&quot;classic&quot;}\">\n\t\t\t\t\t<div class=\"e-con-inner\">\n\t\t\t\t<div class=\"elementor-element elementor-element-aea3a26 elementor-widget elementor-widget-text-editor\" data-id=\"aea3a26\" data-element_type=\"widget\" data-e-type=\"widget\" data-widget_type=\"text-editor.default\">\n\t\t\t\t\t\t\t\t\t<p>CHT steht f\u00fcr chemische Fabrik T\u00fcbingen. Die CHT Gruppe ist ein Unternehmen aus T\u00fcbingen, das Spezialchemikalien wie Zusatzstoffe und Silikone entwickelt, die z.B. in Textilien, Farben und Kosmetik eingesetzt werden.\u00a0<\/p>\t\t\t\t\t\t\t\t<\/div>\n\t\t\t\t<div class=\"elementor-element elementor-element-e31106e elementor-widget elementor-widget-heading\" data-id=\"e31106e\" data-element_type=\"widget\" data-e-type=\"widget\" data-widget_type=\"heading.default\">\n\t\t\t\t\t<h2 class=\"elementor-heading-title elementor-size-default\">Das Team von CHT<\/h2>\t\t\t\t<\/div>\n\t\t<div class=\"elementor-element elementor-element-5167961 e-con-full e-flex e-con e-child\" data-id=\"5167961\" data-element_type=\"container\" data-e-type=\"container\">\n\t\t<div class=\"elementor-element elementor-element-5c836ca e-con-full e-flex e-con e-child\" data-id=\"5c836ca\" data-element_type=\"container\" data-e-type=\"container\" data-settings=\"{&quot;background_background&quot;:&quot;classic&quot;}\">\n\t\t\t\t<\/div>\n\t\t\t\t<div class=\"elementor-element elementor-element-cea927d elementor-widget elementor-widget-text-editor\" data-id=\"cea927d\" data-element_type=\"widget\" data-e-type=\"widget\" data-widget_type=\"text-editor.default\">\n\t\t\t\t\t\t\t\t\t<p>von links nach rechts: Alexander, Jule, Mila, Leonie, Anna<\/p>\t\t\t\t\t\t\t\t<\/div>\n\t\t\t\t<\/div>\n\t\t\t\t<div class=\"elementor-element elementor-element-4c4b355 elementor-widget elementor-widget-heading\" data-id=\"4c4b355\" data-element_type=\"widget\" data-e-type=\"widget\" data-widget_type=\"heading.default\">\n\t\t\t\t\t<h2 class=\"elementor-heading-title elementor-size-default\">Projekt CHT<\/h2>\t\t\t\t<\/div>\n\t\t\t\t<div class=\"elementor-element elementor-element-cef7f49 elementor-widget elementor-widget-video\" data-id=\"cef7f49\" data-element_type=\"widget\" data-e-type=\"widget\" data-settings=\"{&quot;video_type&quot;:&quot;hosted&quot;,&quot;controls&quot;:&quot;yes&quot;}\" data-widget_type=\"video.default\">\n\t\t\t\t\t\t\t<div class=\"e-hosted-video elementor-wrapper elementor-open-inline\">\n\t\t\t\t\t<video class=\"elementor-video\" src=\"https:\/\/www.technik-akademie-tuebingen.de\/2026\/wp-content\/uploads\/2026\/04\/00023.mp4\" controls=\"\" preload=\"metadata\" controlsList=\"nodownload\"><\/video>\n\t\t\t\t<\/div>\n\t\t\t\t\t\t<\/div>\n\t\t\t\t\t<\/div>\n\t\t\t\t<\/div>\n\t\t<div class=\"elementor-element elementor-element-2b4f797 e-flex e-con-boxed e-con e-parent\" data-id=\"2b4f797\" data-element_type=\"container\" data-e-type=\"container\" data-settings=\"{&quot;background_background&quot;:&quot;classic&quot;}\">\n\t\t\t\t\t<div class=\"e-con-inner\">\n\t\t\t\t<div class=\"elementor-element elementor-element-823d57f elementor-widget elementor-widget-shortcode\" data-id=\"823d57f\" data-element_type=\"widget\" data-e-type=\"widget\" data-widget_type=\"shortcode.default\">\n\t\t\t\t\t\t\t<div class=\"elementor-shortcode\"><div id=\"metaslider-id-822\" style=\"width: 100%;\" class=\"ml-slider-3-108-0 metaslider metaslider-flex metaslider-822 ml-slider has-dots-nav ms-theme-default-base\" role=\"region\" aria-label=\"CHT\" data-height=\"400\" data-width=\"700\">\n    <div id=\"metaslider_container_822\">\n        <div id=\"metaslider_822\">\n            <ul aria-live='off' class='slides'>\n                <li style=\"display: block; width: 100%;\" class=\"slide-823 ms-image \" aria-roledescription=\"slide\" data-date=\"2026-03-31 13:44:27\" data-filename=\"DSC_0162-scaled-1400x800.jpg\" data-slide-type=\"image\"><img fetchpriority=\"high\" decoding=\"async\" src=\"https:\/\/www.technik-akademie-tuebingen.de\/2026\/wp-content\/uploads\/2026\/03\/DSC_0162-scaled-1400x800.jpg\" height=\"400\" width=\"700\" alt=\"\" class=\"slider-822 slide-823 msDefaultImage\" title=\"DSC_0162\" \/><\/li>\n                <li style=\"display: none; width: 100%;\" class=\"slide-831 ms-image \" aria-roledescription=\"slide\" data-date=\"2026-03-31 13:51:13\" data-filename=\"DSC_0148-scaled-1400x800.jpg\" data-slide-type=\"image\"><img decoding=\"async\" src=\"https:\/\/www.technik-akademie-tuebingen.de\/2026\/wp-content\/uploads\/2026\/03\/DSC_0148-scaled-1400x800.jpg\" height=\"400\" width=\"700\" alt=\"\" class=\"slider-822 slide-831 msDefaultImage\" title=\"DSC_0148\" \/><\/li>\n                <li style=\"display: none; width: 100%;\" class=\"slide-832 ms-image \" aria-roledescription=\"slide\" data-date=\"2026-03-31 13:51:21\" data-filename=\"DSC_0150-scaled-1400x800.jpg\" data-slide-type=\"image\"><img decoding=\"async\" src=\"https:\/\/www.technik-akademie-tuebingen.de\/2026\/wp-content\/uploads\/2026\/03\/DSC_0150-scaled-1400x800.jpg\" height=\"400\" width=\"700\" alt=\"\" class=\"slider-822 slide-832 msDefaultImage\" title=\"DSC_0150\" \/><\/li>\n                <li style=\"display: none; width: 100%;\" class=\"slide-834 ms-image \" aria-roledescription=\"slide\" data-date=\"2026-03-31 13:51:40\" data-filename=\"DSC_0157-scaled-1400x800.jpg\" data-slide-type=\"image\"><img loading=\"lazy\" decoding=\"async\" src=\"https:\/\/www.technik-akademie-tuebingen.de\/2026\/wp-content\/uploads\/2026\/03\/DSC_0157-scaled-1400x800.jpg\" height=\"400\" width=\"700\" alt=\"\" class=\"slider-822 slide-834 msDefaultImage\" title=\"DSC_0157\" \/><\/li>\n            <\/ul>\n        <\/div>\n        \n    <\/div>\n<\/div><\/div>\n\t\t\t\t\t\t<\/div>\n\t\t\t\t\t<\/div>\n\t\t\t\t<\/div>\n\t\t\t\t<\/div>\n\t\t","protected":false},"excerpt":{"rendered":"<p>CHT steht f\u00fcr chemische Fabrik T\u00fcbingen. Die CHT Gruppe ist ein Unternehmen aus T\u00fcbingen, das Spezialchemikalien wie Zusatzstoffe und Silikone entwickelt, die z.B. in Textilien, Farben und Kosmetik eingesetzt werden.\u00a0 Das Team von CHT von links nach rechts: Alexander, Jule, Mila, Leonie, Anna Projekt CHT https:\/\/www.technik-akademie-tuebingen.de\/2026\/wp-content\/uploads\/2026\/04\/00023.mp4<\/p>\n","protected":false},"author":3,"featured_media":0,"parent":0,"menu_order":0,"comment_status":"closed","ping_status":"closed","template":"","meta":{"footnotes":""},"class_list":["post-42","page","type-page","status-publish","hentry"],"_links":{"self":[{"href":"https:\/\/www.technik-akademie-tuebingen.de\/2026\/wp-json\/wp\/v2\/pages\/42","targetHints":{"allow":["GET"]}}],"collection":[{"href":"https:\/\/www.technik-akademie-tuebingen.de\/2026\/wp-json\/wp\/v2\/pages"}],"about":[{"href":"https:\/\/www.technik-akademie-tuebingen.de\/2026\/wp-json\/wp\/v2\/types\/page"}],"author":[{"embeddable":true,"href":"https:\/\/www.technik-akademie-tuebingen.de\/2026\/wp-json\/wp\/v2\/users\/3"}],"replies":[{"embeddable":true,"href":"https:\/\/www.technik-akademie-tuebingen.de\/2026\/wp-json\/wp\/v2\/comments?post=42"}],"version-history":[{"count":61,"href":"https:\/\/www.technik-akademie-tuebingen.de\/2026\/wp-json\/wp\/v2\/pages\/42\/revisions"}],"predecessor-version":[{"id":1703,"href":"https:\/\/www.technik-akademie-tuebingen.de\/2026\/wp-json\/wp\/v2\/pages\/42\/revisions\/1703"}],"wp:attachment":[{"href":"https:\/\/www.technik-akademie-tuebingen.de\/2026\/wp-json\/wp\/v2\/media?parent=42"}],"curies":[{"name":"wp","href":"https:\/\/api.w.org\/{rel}","templated":true}]}}