{"id":46,"date":"2026-03-30T09:07:44","date_gmt":"2026-03-30T07:07:44","guid":{"rendered":"https:\/\/www.technik-akademie-tuebingen.de\/2026\/?page_id=46"},"modified":"2026-04-01T15:27:11","modified_gmt":"2026-04-01T13:27:11","slug":"robert-bosch","status":"publish","type":"page","link":"https:\/\/www.technik-akademie-tuebingen.de\/2026\/robert-bosch\/","title":{"rendered":"Robert Bosch"},"content":{"rendered":"\t\t<div data-elementor-type=\"wp-page\" data-elementor-id=\"46\" class=\"elementor elementor-46\">\n\t\t\t\t<div class=\"elementor-element elementor-element-3268a2d e-con-full e-flex e-con e-parent\" data-id=\"3268a2d\" data-element_type=\"container\" data-e-type=\"container\" data-settings=\"{&quot;background_background&quot;:&quot;classic&quot;}\">\n\t\t\t\t<\/div>\n\t\t<div class=\"elementor-element elementor-element-42550ac e-flex e-con-boxed e-con e-parent\" data-id=\"42550ac\" data-element_type=\"container\" data-e-type=\"container\" data-settings=\"{&quot;background_background&quot;:&quot;classic&quot;}\">\n\t\t\t\t\t<div class=\"e-con-inner\">\n\t\t\t\t<div class=\"elementor-element elementor-element-b06bf54 elementor-widget elementor-widget-text-editor\" data-id=\"b06bf54\" data-element_type=\"widget\" data-e-type=\"widget\" data-widget_type=\"text-editor.default\">\n\t\t\t\t\t\t\t\t\t<p>Die Robert Bosch GmbH ist ein weltweit f\u00fchrendes Technologie- und Dienstleistungsunternehmen mit Sitz in Deutschland, das 1886 von Robert Bosch in Stuttgart gegr\u00fcndet wurde. Das Unternehmen ist in vier Hauptbereichen t\u00e4tig: Mobilit\u00e4t, Hausger\u00e4te, Industrie- und Handwerkstechnik sowie Geb\u00e4ude- und Energietechnik.<\/p>\t\t\t\t\t\t\t\t<\/div>\n\t\t\t\t<div class=\"elementor-element elementor-element-3100f69 elementor-widget elementor-widget-heading\" data-id=\"3100f69\" data-element_type=\"widget\" data-e-type=\"widget\" data-widget_type=\"heading.default\">\n\t\t\t\t\t<h2 class=\"elementor-heading-title elementor-size-default\">Das Team von Robert Bosch<\/h2>\t\t\t\t<\/div>\n\t\t<div class=\"elementor-element elementor-element-f326c3c e-con-full e-flex e-con e-child\" data-id=\"f326c3c\" data-element_type=\"container\" data-e-type=\"container\">\n\t\t\t\t<div class=\"elementor-element elementor-element-5931f2e elementor-widget elementor-widget-image\" data-id=\"5931f2e\" data-element_type=\"widget\" data-e-type=\"widget\" data-widget_type=\"image.default\">\n\t\t\t\t\t\t\t\t\t\t\t\t\t\t\t<img fetchpriority=\"high\" decoding=\"async\" width=\"800\" height=\"470\" src=\"https:\/\/www.technik-akademie-tuebingen.de\/2026\/wp-content\/uploads\/2026\/04\/DSC_0324-scaled-e1775036528597-1024x602.jpg\" class=\"attachment-large size-large wp-image-1459\" alt=\"\" srcset=\"https:\/\/www.technik-akademie-tuebingen.de\/2026\/wp-content\/uploads\/2026\/04\/DSC_0324-scaled-e1775036528597-1024x602.jpg 1024w, https:\/\/www.technik-akademie-tuebingen.de\/2026\/wp-content\/uploads\/2026\/04\/DSC_0324-scaled-e1775036528597-300x176.jpg 300w, https:\/\/www.technik-akademie-tuebingen.de\/2026\/wp-content\/uploads\/2026\/04\/DSC_0324-scaled-e1775036528597-768x451.jpg 768w, https:\/\/www.technik-akademie-tuebingen.de\/2026\/wp-content\/uploads\/2026\/04\/DSC_0324-scaled-e1775036528597-1536x903.jpg 1536w, https:\/\/www.technik-akademie-tuebingen.de\/2026\/wp-content\/uploads\/2026\/04\/DSC_0324-scaled-e1775036528597-2048x1203.jpg 2048w\" sizes=\"(max-width: 800px) 100vw, 800px\" \/>\t\t\t\t\t\t\t\t\t\t\t\t\t\t\t<\/div>\n\t\t\t\t<\/div>\n\t\t\t\t\t<\/div>\n\t\t\t\t<\/div>\n\t\t<div class=\"elementor-element elementor-element-7b4bc75 e-flex e-con-boxed e-con e-parent\" data-id=\"7b4bc75\" data-element_type=\"container\" data-e-type=\"container\" data-settings=\"{&quot;background_background&quot;:&quot;classic&quot;}\">\n\t\t\t\t\t<div class=\"e-con-inner\">\n\t\t\t\t<div class=\"elementor-element elementor-element-2198934 elementor-widget elementor-widget-text-editor\" data-id=\"2198934\" data-element_type=\"widget\" data-e-type=\"widget\" data-widget_type=\"text-editor.default\">\n\t\t\t\t\t\t\t\t\t<p>von links nach rechts: Jakob, Danylo, Florine, es fehlt David<\/p>\t\t\t\t\t\t\t\t<\/div>\n\t\t\t\t<div class=\"elementor-element elementor-element-a9c62ac elementor-widget elementor-widget-heading\" data-id=\"a9c62ac\" data-element_type=\"widget\" data-e-type=\"widget\" data-widget_type=\"heading.default\">\n\t\t\t\t\t<h2 class=\"elementor-heading-title elementor-size-default\">Projekt Bosch<\/h2>\t\t\t\t<\/div>\n\t\t\t\t<div class=\"elementor-element elementor-element-420a046 elementor-widget__width-initial elementor-widget elementor-widget-video\" data-id=\"420a046\" data-element_type=\"widget\" data-e-type=\"widget\" data-settings=\"{&quot;video_type&quot;:&quot;hosted&quot;,&quot;controls&quot;:&quot;yes&quot;}\" data-widget_type=\"video.default\">\n\t\t\t\t\t\t\t<div class=\"e-hosted-video elementor-wrapper elementor-open-inline\">\n\t\t\t\t\t<video class=\"elementor-video\" src=\"https:\/\/www.technik-akademie-tuebingen.de\/2026\/wp-content\/uploads\/2026\/04\/Bosch.mp4\" controls=\"\" preload=\"metadata\" controlsList=\"nodownload\"><\/video>\n\t\t\t\t<\/div>\n\t\t\t\t\t\t<\/div>\n\t\t<div class=\"elementor-element elementor-element-48e40d1 e-con-full e-flex e-con e-child\" data-id=\"48e40d1\" data-element_type=\"container\" data-e-type=\"container\">\n\t\t\t\t<div class=\"elementor-element elementor-element-568c5b2 elementor-widget elementor-widget-shortcode\" data-id=\"568c5b2\" data-element_type=\"widget\" data-e-type=\"widget\" data-widget_type=\"shortcode.default\">\n\t\t\t\t\t\t\t<div class=\"elementor-shortcode\"><div id=\"metaslider-id-1468\" style=\"width: 100%;\" class=\"ml-slider-3-108-0 metaslider metaslider-flex metaslider-1468 ml-slider has-dots-nav ms-theme-default-base\" role=\"region\" aria-label=\"Bosch\" data-height=\"500\" data-width=\"700\">\n    <div id=\"metaslider_container_1468\">\n        <div id=\"metaslider_1468\">\n            <ul aria-live='off' class='slides'>\n                <li style=\"display: block; width: 100%;\" class=\"slide-1473 ms-image \" aria-roledescription=\"slide\" data-date=\"2026-04-01 11:48:45\" data-filename=\"DSC_0305-scaled-1400x1000.jpg\" data-slide-type=\"image\"><img decoding=\"async\" src=\"https:\/\/www.technik-akademie-tuebingen.de\/2026\/wp-content\/uploads\/2026\/04\/DSC_0305-scaled-1400x1000.jpg\" height=\"500\" width=\"700\" alt=\"\" class=\"slider-1468 slide-1473 msDefaultImage\" title=\"DSC_0305\" \/><\/li>\n                <li style=\"display: none; width: 100%;\" class=\"slide-1479 ms-image \" aria-roledescription=\"slide\" data-date=\"2026-04-01 11:49:38\" data-filename=\"DSC_0325-scaled-1400x1000.jpg\" data-slide-type=\"image\"><img decoding=\"async\" src=\"https:\/\/www.technik-akademie-tuebingen.de\/2026\/wp-content\/uploads\/2026\/04\/DSC_0325-scaled-1400x1000.jpg\" height=\"500\" width=\"700\" alt=\"\" class=\"slider-1468 slide-1479 msDefaultImage\" title=\"DSC_0325\" \/><\/li>\n                <li style=\"display: none; width: 100%;\" class=\"slide-1483 ms-image \" aria-roledescription=\"slide\" data-date=\"2026-04-01 11:49:44\" data-filename=\"DSC_0328-scaled-1400x1000.jpg\" data-slide-type=\"image\"><img loading=\"lazy\" decoding=\"async\" src=\"https:\/\/www.technik-akademie-tuebingen.de\/2026\/wp-content\/uploads\/2026\/04\/DSC_0328-scaled-1400x1000.jpg\" height=\"500\" width=\"700\" alt=\"\" class=\"slider-1468 slide-1483 msDefaultImage\" title=\"DSC_0328\" \/><\/li>\n                <li style=\"display: none; width: 100%;\" class=\"slide-1486 ms-image \" aria-roledescription=\"slide\" data-date=\"2026-04-01 11:49:49\" data-filename=\"DSC_0329-scaled-1400x1000.jpg\" data-slide-type=\"image\"><img loading=\"lazy\" decoding=\"async\" src=\"https:\/\/www.technik-akademie-tuebingen.de\/2026\/wp-content\/uploads\/2026\/04\/DSC_0329-scaled-1400x1000.jpg\" height=\"500\" width=\"700\" alt=\"\" class=\"slider-1468 slide-1486 msDefaultImage\" title=\"DSC_0329\" \/><\/li>\n                <li style=\"display: none; width: 100%;\" class=\"slide-1487 ms-image \" aria-roledescription=\"slide\" data-date=\"2026-04-01 11:49:55\" data-filename=\"DSC_0332-scaled-1400x1000.jpg\" data-slide-type=\"image\"><img loading=\"lazy\" decoding=\"async\" src=\"https:\/\/www.technik-akademie-tuebingen.de\/2026\/wp-content\/uploads\/2026\/04\/DSC_0332-scaled-1400x1000.jpg\" height=\"500\" width=\"700\" alt=\"\" class=\"slider-1468 slide-1487 msDefaultImage\" title=\"DSC_0332\" \/><\/li>\n            <\/ul>\n        <\/div>\n        \n    <\/div>\n<\/div><\/div>\n\t\t\t\t\t\t<\/div>\n\t\t\t\t<\/div>\n\t\t\t\t\t<\/div>\n\t\t\t\t<\/div>\n\t\t<div class=\"elementor-element elementor-element-07fafa8 e-flex e-con-boxed e-con e-parent\" data-id=\"07fafa8\" data-element_type=\"container\" data-e-type=\"container\" data-settings=\"{&quot;background_background&quot;:&quot;classic&quot;}\">\n\t\t\t\t\t<div class=\"e-con-inner\">\n\t\t\t\t\t<\/div>\n\t\t\t\t<\/div>\n\t\t\t\t<\/div>\n\t\t","protected":false},"excerpt":{"rendered":"<p>Die Robert Bosch GmbH ist ein weltweit f\u00fchrendes Technologie- und Dienstleistungsunternehmen mit Sitz in Deutschland, das 1886 von Robert Bosch in Stuttgart gegr\u00fcndet wurde. Das Unternehmen ist in vier Hauptbereichen t\u00e4tig: Mobilit\u00e4t, Hausger\u00e4te, Industrie- und Handwerkstechnik sowie Geb\u00e4ude- und Energietechnik. Das Team von Robert Bosch von links nach rechts: Jakob, Danylo, Florine, es fehlt David [&hellip;]<\/p>\n","protected":false},"author":3,"featured_media":0,"parent":0,"menu_order":0,"comment_status":"closed","ping_status":"closed","template":"","meta":{"footnotes":""},"class_list":["post-46","page","type-page","status-publish","hentry"],"_links":{"self":[{"href":"https:\/\/www.technik-akademie-tuebingen.de\/2026\/wp-json\/wp\/v2\/pages\/46","targetHints":{"allow":["GET"]}}],"collection":[{"href":"https:\/\/www.technik-akademie-tuebingen.de\/2026\/wp-json\/wp\/v2\/pages"}],"about":[{"href":"https:\/\/www.technik-akademie-tuebingen.de\/2026\/wp-json\/wp\/v2\/types\/page"}],"author":[{"embeddable":true,"href":"https:\/\/www.technik-akademie-tuebingen.de\/2026\/wp-json\/wp\/v2\/users\/3"}],"replies":[{"embeddable":true,"href":"https:\/\/www.technik-akademie-tuebingen.de\/2026\/wp-json\/wp\/v2\/comments?post=46"}],"version-history":[{"count":25,"href":"https:\/\/www.technik-akademie-tuebingen.de\/2026\/wp-json\/wp\/v2\/pages\/46\/revisions"}],"predecessor-version":[{"id":1741,"href":"https:\/\/www.technik-akademie-tuebingen.de\/2026\/wp-json\/wp\/v2\/pages\/46\/revisions\/1741"}],"wp:attachment":[{"href":"https:\/\/www.technik-akademie-tuebingen.de\/2026\/wp-json\/wp\/v2\/media?parent=46"}],"curies":[{"name":"wp","href":"https:\/\/api.w.org\/{rel}","templated":true}]}}