{"id":55,"date":"2026-03-30T09:07:56","date_gmt":"2026-03-30T07:07:56","guid":{"rendered":"https:\/\/www.technik-akademie-tuebingen.de\/2026\/?page_id=55"},"modified":"2026-04-02T08:46:48","modified_gmt":"2026-04-02T06:46:48","slug":"swr-studio","status":"publish","type":"page","link":"https:\/\/www.technik-akademie-tuebingen.de\/2026\/swr-studio\/","title":{"rendered":"SWR Studio"},"content":{"rendered":"\t\t<div data-elementor-type=\"wp-page\" data-elementor-id=\"55\" class=\"elementor elementor-55\">\n\t\t\t\t<div class=\"elementor-element elementor-element-69a5376 e-con-full e-flex e-con e-parent\" data-id=\"69a5376\" data-element_type=\"container\" data-e-type=\"container\" data-settings=\"{&quot;background_background&quot;:&quot;classic&quot;}\">\n\t\t\t\t<\/div>\n\t\t<div class=\"elementor-element elementor-element-8f68310 e-con-full e-flex e-con e-parent\" data-id=\"8f68310\" data-element_type=\"container\" data-e-type=\"container\" data-settings=\"{&quot;background_background&quot;:&quot;classic&quot;}\">\n\t\t\t\t<div class=\"elementor-element elementor-element-d94ed2f elementor-widget elementor-widget-text-editor\" data-id=\"d94ed2f\" data-element_type=\"widget\" data-e-type=\"widget\" data-widget_type=\"text-editor.default\">\n\t\t\t\t\t\t\t\t\t<p>Der S\u00fcdwestrundfunk, kurz SWR, ist die \u00f6ffentlich-rechtliche Rundfunkanstalt f\u00fcr Baden-W\u00fcrttemberg und Rheinland-Pfalz. Der SWR berichtet t\u00e4glich in Radio, Fernsehen und auch Online.<\/p>\t\t\t\t\t\t\t\t<\/div>\n\t\t\t\t<div class=\"elementor-element elementor-element-50d9b2d elementor-widget elementor-widget-text-editor\" data-id=\"50d9b2d\" data-element_type=\"widget\" data-e-type=\"widget\" data-widget_type=\"text-editor.default\">\n\t\t\t\t\t\t\t\t\t<p>https:\/\/www.deutschlandfunk.de\/fdp-scheitert-mit-klage-auf-teilnahme-an-tv-triell-beim-swr-vor-der-landtagswahl-in-einem-monat-100.html<\/p>\t\t\t\t\t\t\t\t<\/div>\n\t\t\t\t<div class=\"elementor-element elementor-element-e51669a elementor-widget elementor-widget-heading\" data-id=\"e51669a\" data-element_type=\"widget\" data-e-type=\"widget\" data-widget_type=\"heading.default\">\n\t\t\t\t\t<h2 class=\"elementor-heading-title elementor-size-default\">Das Team vom SWR<\/h2>\t\t\t\t<\/div>\n\t\t\t\t<div class=\"elementor-element elementor-element-91cbb83 elementor-widget__width-inherit elementor-widget elementor-widget-image\" data-id=\"91cbb83\" data-element_type=\"widget\" data-e-type=\"widget\" data-widget_type=\"image.default\">\n\t\t\t\t\t\t\t\t\t\t\t\t\t\t\t<img fetchpriority=\"high\" decoding=\"async\" width=\"800\" height=\"452\" src=\"https:\/\/www.technik-akademie-tuebingen.de\/2026\/wp-content\/uploads\/2026\/04\/DSC_0370-scaled-e1775050020949-1024x578.jpg\" class=\"attachment-large size-large wp-image-1731\" alt=\"\" srcset=\"https:\/\/www.technik-akademie-tuebingen.de\/2026\/wp-content\/uploads\/2026\/04\/DSC_0370-scaled-e1775050020949-1024x578.jpg 1024w, https:\/\/www.technik-akademie-tuebingen.de\/2026\/wp-content\/uploads\/2026\/04\/DSC_0370-scaled-e1775050020949-300x169.jpg 300w, https:\/\/www.technik-akademie-tuebingen.de\/2026\/wp-content\/uploads\/2026\/04\/DSC_0370-scaled-e1775050020949-768x434.jpg 768w, https:\/\/www.technik-akademie-tuebingen.de\/2026\/wp-content\/uploads\/2026\/04\/DSC_0370-scaled-e1775050020949-1536x868.jpg 1536w, https:\/\/www.technik-akademie-tuebingen.de\/2026\/wp-content\/uploads\/2026\/04\/DSC_0370-scaled-e1775050020949-2048x1157.jpg 2048w\" sizes=\"(max-width: 800px) 100vw, 800px\" \/>\t\t\t\t\t\t\t\t\t\t\t\t\t\t\t<\/div>\n\t\t\t\t<div class=\"elementor-element elementor-element-de78e39 elementor-widget elementor-widget-text-editor\" data-id=\"de78e39\" data-element_type=\"widget\" data-e-type=\"widget\" data-widget_type=\"text-editor.default\">\n\t\t\t\t\t\t\t\t\t<p>Von links nach rechts: Lena, Lotta, Elisa, Nika<\/p>\t\t\t\t\t\t\t\t<\/div>\n\t\t<div class=\"elementor-element elementor-element-8d5070a e-con-full e-flex e-con e-child\" data-id=\"8d5070a\" data-element_type=\"container\" data-e-type=\"container\">\n\t\t\t\t<div class=\"elementor-element elementor-element-5c7ca64 elementor-widget elementor-widget-heading\" data-id=\"5c7ca64\" data-element_type=\"widget\" data-e-type=\"widget\" data-widget_type=\"heading.default\">\n\t\t\t\t\t<h2 class=\"elementor-heading-title elementor-size-default\">Projekt SWR<\/h2>\t\t\t\t<\/div>\n\t\t\t\t<div class=\"elementor-element elementor-element-04e280b elementor-widget__width-initial elementor-widget elementor-widget-video\" data-id=\"04e280b\" data-element_type=\"widget\" data-e-type=\"widget\" data-settings=\"{&quot;video_type&quot;:&quot;hosted&quot;,&quot;controls&quot;:&quot;yes&quot;}\" data-widget_type=\"video.default\">\n\t\t\t\t\t\t\t<div class=\"e-hosted-video elementor-wrapper elementor-open-inline\">\n\t\t\t\t\t<video class=\"elementor-video\" src=\"https:\/\/www.technik-akademie-tuebingen.de\/2026\/wp-content\/uploads\/2026\/04\/copy_3B58CB9E-6E37-4C74-B42E-66AEFD791E5C-1.mov\" controls=\"\" preload=\"metadata\" controlsList=\"nodownload\"><\/video>\n\t\t\t\t<\/div>\n\t\t\t\t\t\t<\/div>\n\t\t\t\t<\/div>\n\t\t\t\t<\/div>\n\t\t<div class=\"elementor-element elementor-element-c9375d8 e-flex e-con-boxed e-con e-parent\" data-id=\"c9375d8\" data-element_type=\"container\" data-e-type=\"container\" data-settings=\"{&quot;background_background&quot;:&quot;classic&quot;}\">\n\t\t\t\t\t<div class=\"e-con-inner\">\n\t\t\t\t<div class=\"elementor-element elementor-element-f4007f6 elementor-widget elementor-widget-shortcode\" data-id=\"f4007f6\" data-element_type=\"widget\" data-e-type=\"widget\" data-widget_type=\"shortcode.default\">\n\t\t\t\t\t\t\t<div class=\"elementor-shortcode\"><div id=\"metaslider-id-1755\" style=\"width: 100%;\" class=\"ml-slider-3-108-0 metaslider metaslider-flex metaslider-1755 ml-slider has-dots-nav ms-theme-default-base\" role=\"region\" aria-label=\"SWR\" data-height=\"500\" data-width=\"700\">\n    <div id=\"metaslider_container_1755\">\n        <div id=\"metaslider_1755\">\n            <ul aria-live='off' class='slides'>\n                <li style=\"display: block; width: 100%;\" class=\"slide-1763 ms-image \" aria-roledescription=\"slide\" data-date=\"2026-04-01 15:32:01\" data-filename=\"DSC_0334-scaled-1400x1000.jpg\" data-slide-type=\"image\"><img decoding=\"async\" src=\"https:\/\/www.technik-akademie-tuebingen.de\/2026\/wp-content\/uploads\/2026\/04\/DSC_0334-scaled-1400x1000.jpg\" height=\"500\" width=\"700\" alt=\"\" class=\"slider-1755 slide-1763 msDefaultImage\" title=\"DSC_0334\" \/><\/li>\n                <li style=\"display: none; width: 100%;\" class=\"slide-1764 ms-image \" aria-roledescription=\"slide\" data-date=\"2026-04-01 15:32:01\" data-filename=\"DSC_0336-scaled-1400x1000.jpg\" data-slide-type=\"image\"><img decoding=\"async\" src=\"https:\/\/www.technik-akademie-tuebingen.de\/2026\/wp-content\/uploads\/2026\/04\/DSC_0336-scaled-1400x1000.jpg\" height=\"500\" width=\"700\" alt=\"\" class=\"slider-1755 slide-1764 msDefaultImage\" title=\"DSC_0336\" \/><\/li>\n                <li style=\"display: none; width: 100%;\" class=\"slide-1765 ms-image \" aria-roledescription=\"slide\" data-date=\"2026-04-01 15:32:01\" data-filename=\"DSC_0341-scaled-1400x1000.jpg\" data-slide-type=\"image\"><img loading=\"lazy\" decoding=\"async\" src=\"https:\/\/www.technik-akademie-tuebingen.de\/2026\/wp-content\/uploads\/2026\/04\/DSC_0341-scaled-1400x1000.jpg\" height=\"500\" width=\"700\" alt=\"\" class=\"slider-1755 slide-1765 msDefaultImage\" title=\"DSC_0341\" \/><\/li>\n                <li style=\"display: none; width: 100%;\" class=\"slide-1766 ms-image \" aria-roledescription=\"slide\" data-date=\"2026-04-01 15:32:01\" data-filename=\"DSC_0342-scaled-1400x1000.jpg\" data-slide-type=\"image\"><img loading=\"lazy\" decoding=\"async\" src=\"https:\/\/www.technik-akademie-tuebingen.de\/2026\/wp-content\/uploads\/2026\/04\/DSC_0342-scaled-1400x1000.jpg\" height=\"500\" width=\"700\" alt=\"\" class=\"slider-1755 slide-1766 msDefaultImage\" title=\"DSC_0342\" \/><\/li>\n                <li style=\"display: none; width: 100%;\" class=\"slide-1767 ms-image \" aria-roledescription=\"slide\" data-date=\"2026-04-01 15:32:01\" data-filename=\"DSC_0358-scaled-1400x1000.jpg\" data-slide-type=\"image\"><img loading=\"lazy\" decoding=\"async\" src=\"https:\/\/www.technik-akademie-tuebingen.de\/2026\/wp-content\/uploads\/2026\/04\/DSC_0358-scaled-1400x1000.jpg\" height=\"500\" width=\"700\" alt=\"\" class=\"slider-1755 slide-1767 msDefaultImage\" title=\"DSC_0358\" \/><\/li>\n                <li style=\"display: none; width: 100%;\" class=\"slide-1768 ms-image \" aria-roledescription=\"slide\" data-date=\"2026-04-01 15:32:01\" data-filename=\"DSC_0363-scaled-1400x1000.jpg\" data-slide-type=\"image\"><img loading=\"lazy\" decoding=\"async\" src=\"https:\/\/www.technik-akademie-tuebingen.de\/2026\/wp-content\/uploads\/2026\/04\/DSC_0363-scaled-1400x1000.jpg\" height=\"500\" width=\"700\" alt=\"\" class=\"slider-1755 slide-1768 msDefaultImage\" title=\"DSC_0363\" \/><\/li>\n            <\/ul>\n        <\/div>\n        \n    <\/div>\n<\/div><\/div>\n\t\t\t\t\t\t<\/div>\n\t\t\t\t\t<\/div>\n\t\t\t\t<\/div>\n\t\t\t\t<\/div>\n\t\t","protected":false},"excerpt":{"rendered":"<p>Der S\u00fcdwestrundfunk, kurz SWR, ist die \u00f6ffentlich-rechtliche Rundfunkanstalt f\u00fcr Baden-W\u00fcrttemberg und Rheinland-Pfalz. Der SWR berichtet t\u00e4glich in Radio, Fernsehen und auch Online. https:\/\/www.deutschlandfunk.de\/fdp-scheitert-mit-klage-auf-teilnahme-an-tv-triell-beim-swr-vor-der-landtagswahl-in-einem-monat-100.html Das Team vom SWR Von links nach rechts: Lena, Lotta, Elisa, Nika Projekt SWR https:\/\/www.technik-akademie-tuebingen.de\/2026\/wp-content\/uploads\/2026\/04\/copy_3B58CB9E-6E37-4C74-B42E-66AEFD791E5C-1.mov<\/p>\n","protected":false},"author":3,"featured_media":0,"parent":0,"menu_order":0,"comment_status":"closed","ping_status":"closed","template":"","meta":{"footnotes":""},"class_list":["post-55","page","type-page","status-publish","hentry"],"_links":{"self":[{"href":"https:\/\/www.technik-akademie-tuebingen.de\/2026\/wp-json\/wp\/v2\/pages\/55","targetHints":{"allow":["GET"]}}],"collection":[{"href":"https:\/\/www.technik-akademie-tuebingen.de\/2026\/wp-json\/wp\/v2\/pages"}],"about":[{"href":"https:\/\/www.technik-akademie-tuebingen.de\/2026\/wp-json\/wp\/v2\/types\/page"}],"author":[{"embeddable":true,"href":"https:\/\/www.technik-akademie-tuebingen.de\/2026\/wp-json\/wp\/v2\/users\/3"}],"replies":[{"embeddable":true,"href":"https:\/\/www.technik-akademie-tuebingen.de\/2026\/wp-json\/wp\/v2\/comments?post=55"}],"version-history":[{"count":65,"href":"https:\/\/www.technik-akademie-tuebingen.de\/2026\/wp-json\/wp\/v2\/pages\/55\/revisions"}],"predecessor-version":[{"id":2016,"href":"https:\/\/www.technik-akademie-tuebingen.de\/2026\/wp-json\/wp\/v2\/pages\/55\/revisions\/2016"}],"wp:attachment":[{"href":"https:\/\/www.technik-akademie-tuebingen.de\/2026\/wp-json\/wp\/v2\/media?parent=55"}],"curies":[{"name":"wp","href":"https:\/\/api.w.org\/{rel}","templated":true}]}}