{"id":58,"date":"2026-03-30T09:01:30","date_gmt":"2026-03-30T07:01:30","guid":{"rendered":"https:\/\/www.technik-akademie-tuebingen.de\/2026\/?page_id=58"},"modified":"2026-04-01T13:39:15","modified_gmt":"2026-04-01T11:39:15","slug":"zeltwanger-maschinenbau","status":"publish","type":"page","link":"https:\/\/www.technik-akademie-tuebingen.de\/2026\/zeltwanger-maschinenbau\/","title":{"rendered":"Zeltwanger Maschinenbau"},"content":{"rendered":"\t\t<div data-elementor-type=\"wp-page\" data-elementor-id=\"58\" class=\"elementor elementor-58\">\n\t\t\t\t<div class=\"elementor-element elementor-element-acce2f6 e-flex e-con-boxed e-con e-parent\" data-id=\"acce2f6\" data-element_type=\"container\" data-e-type=\"container\" data-settings=\"{&quot;background_background&quot;:&quot;classic&quot;}\">\n\t\t\t\t\t<div class=\"e-con-inner\">\n\t\t\t\t\t<\/div>\n\t\t\t\t<\/div>\n\t\t<div class=\"elementor-element elementor-element-9d88fa6 e-flex e-con-boxed e-con e-parent\" data-id=\"9d88fa6\" data-element_type=\"container\" data-e-type=\"container\" data-settings=\"{&quot;background_background&quot;:&quot;classic&quot;}\">\n\t\t\t\t\t<div class=\"e-con-inner\">\n\t\t\t\t<div class=\"elementor-element elementor-element-5e3941c elementor-widget elementor-widget-text-editor\" data-id=\"5e3941c\" data-element_type=\"widget\" data-e-type=\"widget\" data-widget_type=\"text-editor.default\">\n\t\t\t\t\t\t\t\t\t<p>Die Zeltwanger-Gruppe ist eine inhabergef\u00fchrte Unternehmensgruppe mit Sitz in T\u00fcbingen, die sich auf Maschinenbau und Pr\u00fcftechnik spezialisiert hat. Mit mehr als 470 Mitarbeitern an Standorten in Deutschland, Tschechien und den USA bietet ZELTWANGER innovative L\u00f6sungen in den Bereichen Auftragsfertigung und Pr\u00fcf- sowie Automationsl\u00f6sungen, insbesondere f\u00fcr Branchen wie Elektromobilit\u00e4t und Medizintechnik.<\/p>\t\t\t\t\t\t\t\t<\/div>\n\t\t\t\t<div class=\"elementor-element elementor-element-027b616 elementor-widget elementor-widget-heading\" data-id=\"027b616\" data-element_type=\"widget\" data-e-type=\"widget\" data-widget_type=\"heading.default\">\n\t\t\t\t\t<h2 class=\"elementor-heading-title elementor-size-default\">Das Team von Zeltwanger<\/h2>\t\t\t\t<\/div>\n\t\t<div class=\"elementor-element elementor-element-c91ddf6 e-con-full e-flex e-con e-child\" data-id=\"c91ddf6\" data-element_type=\"container\" data-e-type=\"container\" data-settings=\"{&quot;background_background&quot;:&quot;classic&quot;}\">\n\t\t\t\t<\/div>\n\t\t<div class=\"elementor-element elementor-element-193163c e-con-full e-flex e-con e-child\" data-id=\"193163c\" data-element_type=\"container\" data-e-type=\"container\">\n\t\t\t\t<div class=\"elementor-element elementor-element-36c0ea6 elementor-widget elementor-widget-text-editor\" data-id=\"36c0ea6\" data-element_type=\"widget\" data-e-type=\"widget\" data-widget_type=\"text-editor.default\">\n\t\t\t\t\t\t\t\t\t<p>von links nach rechts: Felicia, Philipp, Aurelius, es fehlt Nico<\/p>\t\t\t\t\t\t\t\t<\/div>\n\t\t\t\t<\/div>\n\t\t\t\t<div class=\"elementor-element elementor-element-367eb98 elementor-widget elementor-widget-heading\" data-id=\"367eb98\" data-element_type=\"widget\" data-e-type=\"widget\" data-widget_type=\"heading.default\">\n\t\t\t\t\t<h2 class=\"elementor-heading-title elementor-size-default\">Projekt Zeltwanger Maschinenbau<\/h2>\t\t\t\t<\/div>\n\t\t\t\t\t<\/div>\n\t\t\t\t<\/div>\n\t\t<div class=\"elementor-element elementor-element-f9263cd e-flex e-con-boxed e-con e-parent\" data-id=\"f9263cd\" data-element_type=\"container\" data-e-type=\"container\" data-settings=\"{&quot;background_background&quot;:&quot;classic&quot;}\">\n\t\t\t\t\t<div class=\"e-con-inner\">\n\t\t\t\t<div class=\"elementor-element elementor-element-4210d08 elementor-widget elementor-widget-video\" data-id=\"4210d08\" data-element_type=\"widget\" data-e-type=\"widget\" data-settings=\"{&quot;video_type&quot;:&quot;hosted&quot;,&quot;controls&quot;:&quot;yes&quot;}\" data-widget_type=\"video.default\">\n\t\t\t\t\t\t\t<div class=\"e-hosted-video elementor-wrapper elementor-open-inline\">\n\t\t\t\t\t<video class=\"elementor-video\" src=\"https:\/\/www.technik-akademie-tuebingen.de\/2026\/wp-content\/uploads\/2026\/04\/copy_87ECF671-1A40-44F1-A69E-B9C501515347.mp4\" controls=\"\" preload=\"metadata\" controlsList=\"nodownload\"><\/video>\n\t\t\t\t<\/div>\n\t\t\t\t\t\t<\/div>\n\t\t<div class=\"elementor-element elementor-element-686df3b e-con-full e-flex e-con e-child\" data-id=\"686df3b\" data-element_type=\"container\" data-e-type=\"container\">\n\t\t\t\t<div class=\"elementor-element elementor-element-3802b3e elementor-widget elementor-widget-shortcode\" data-id=\"3802b3e\" data-element_type=\"widget\" data-e-type=\"widget\" data-widget_type=\"shortcode.default\">\n\t\t\t\t\t\t\t<div class=\"elementor-shortcode\"><div id=\"metaslider-id-889\" style=\"width: 100%;\" class=\"ml-slider-3-108-0 metaslider metaslider-flex metaslider-889 ml-slider has-dots-nav ms-theme-default-base\" role=\"region\" aria-label=\"Zeltwanger\" data-height=\"500\" data-width=\"700\">\n    <div id=\"metaslider_container_889\">\n        <div id=\"metaslider_889\">\n            <ul aria-live='off' class='slides'>\n                <li style=\"display: block; width: 100%;\" class=\"slide-890 ms-image \" aria-roledescription=\"slide\" data-date=\"2026-03-31 15:17:31\" data-filename=\"DSC_0210-1-scaled-1400x1000.jpg\" data-slide-type=\"image\"><img fetchpriority=\"high\" decoding=\"async\" src=\"https:\/\/www.technik-akademie-tuebingen.de\/2026\/wp-content\/uploads\/2026\/03\/DSC_0210-1-scaled-1400x1000.jpg\" height=\"500\" width=\"700\" alt=\"\" class=\"slider-889 slide-890 msDefaultImage\" title=\"DSC_0210\" \/><\/li>\n                <li style=\"display: none; width: 100%;\" class=\"slide-892 ms-image \" aria-roledescription=\"slide\" data-date=\"2026-03-31 15:17:47\" data-filename=\"DSC_0176-1-scaled-1400x1000.jpg\" data-slide-type=\"image\"><img decoding=\"async\" src=\"https:\/\/www.technik-akademie-tuebingen.de\/2026\/wp-content\/uploads\/2026\/03\/DSC_0176-1-scaled-1400x1000.jpg\" height=\"500\" width=\"700\" alt=\"\" class=\"slider-889 slide-892 msDefaultImage\" title=\"DSC_0176\" \/><\/li>\n                <li style=\"display: none; width: 100%;\" class=\"slide-894 ms-image \" aria-roledescription=\"slide\" data-date=\"2026-03-31 15:17:53\" data-filename=\"DSC_0172-1-scaled-1400x1000.jpg\" data-slide-type=\"image\"><img decoding=\"async\" src=\"https:\/\/www.technik-akademie-tuebingen.de\/2026\/wp-content\/uploads\/2026\/03\/DSC_0172-1-scaled-1400x1000.jpg\" height=\"500\" width=\"700\" alt=\"\" class=\"slider-889 slide-894 msDefaultImage\" title=\"DSC_0172\" \/><\/li>\n                <li style=\"display: none; width: 100%;\" class=\"slide-895 ms-image \" aria-roledescription=\"slide\" data-date=\"2026-03-31 15:18:06\" data-filename=\"DSC_0171-1-scaled-1400x1000.jpg\" data-slide-type=\"image\"><img loading=\"lazy\" decoding=\"async\" src=\"https:\/\/www.technik-akademie-tuebingen.de\/2026\/wp-content\/uploads\/2026\/03\/DSC_0171-1-scaled-1400x1000.jpg\" height=\"500\" width=\"700\" alt=\"\" class=\"slider-889 slide-895 msDefaultImage\" title=\"DSC_0171\" \/><\/li>\n                <li style=\"display: none; width: 100%;\" class=\"slide-896 ms-image \" aria-roledescription=\"slide\" data-date=\"2026-03-31 15:18:14\" data-filename=\"DSC_0169-1-scaled-1400x1000.jpg\" data-slide-type=\"image\"><img loading=\"lazy\" decoding=\"async\" src=\"https:\/\/www.technik-akademie-tuebingen.de\/2026\/wp-content\/uploads\/2026\/03\/DSC_0169-1-scaled-1400x1000.jpg\" height=\"500\" width=\"700\" alt=\"\" class=\"slider-889 slide-896 msDefaultImage\" title=\"DSC_0169\" \/><\/li>\n            <\/ul>\n        <\/div>\n        \n    <\/div>\n<\/div><\/div>\n\t\t\t\t\t\t<\/div>\n\t\t\t\t<\/div>\n\t\t\t\t\t<\/div>\n\t\t\t\t<\/div>\n\t\t\t\t<\/div>\n\t\t","protected":false},"excerpt":{"rendered":"<p>Die Zeltwanger-Gruppe ist eine inhabergef\u00fchrte Unternehmensgruppe mit Sitz in T\u00fcbingen, die sich auf Maschinenbau und Pr\u00fcftechnik spezialisiert hat. Mit mehr als 470 Mitarbeitern an Standorten in Deutschland, Tschechien und den USA bietet ZELTWANGER innovative L\u00f6sungen in den Bereichen Auftragsfertigung und Pr\u00fcf- sowie Automationsl\u00f6sungen, insbesondere f\u00fcr Branchen wie Elektromobilit\u00e4t und Medizintechnik. Das Team von Zeltwanger von [&hellip;]<\/p>\n","protected":false},"author":3,"featured_media":0,"parent":0,"menu_order":0,"comment_status":"closed","ping_status":"closed","template":"","meta":{"footnotes":""},"class_list":["post-58","page","type-page","status-publish","hentry"],"_links":{"self":[{"href":"https:\/\/www.technik-akademie-tuebingen.de\/2026\/wp-json\/wp\/v2\/pages\/58","targetHints":{"allow":["GET"]}}],"collection":[{"href":"https:\/\/www.technik-akademie-tuebingen.de\/2026\/wp-json\/wp\/v2\/pages"}],"about":[{"href":"https:\/\/www.technik-akademie-tuebingen.de\/2026\/wp-json\/wp\/v2\/types\/page"}],"author":[{"embeddable":true,"href":"https:\/\/www.technik-akademie-tuebingen.de\/2026\/wp-json\/wp\/v2\/users\/3"}],"replies":[{"embeddable":true,"href":"https:\/\/www.technik-akademie-tuebingen.de\/2026\/wp-json\/wp\/v2\/comments?post=58"}],"version-history":[{"count":41,"href":"https:\/\/www.technik-akademie-tuebingen.de\/2026\/wp-json\/wp\/v2\/pages\/58\/revisions"}],"predecessor-version":[{"id":1604,"href":"https:\/\/www.technik-akademie-tuebingen.de\/2026\/wp-json\/wp\/v2\/pages\/58\/revisions\/1604"}],"wp:attachment":[{"href":"https:\/\/www.technik-akademie-tuebingen.de\/2026\/wp-json\/wp\/v2\/media?parent=58"}],"curies":[{"name":"wp","href":"https:\/\/api.w.org\/{rel}","templated":true}]}}