{"id":68,"date":"2026-03-30T09:06:10","date_gmt":"2026-03-30T07:06:10","guid":{"rendered":"https:\/\/www.technik-akademie-tuebingen.de\/2026\/?page_id=68"},"modified":"2026-04-01T10:05:39","modified_gmt":"2026-04-01T08:05:39","slug":"stadtfuehrung","status":"publish","type":"page","link":"https:\/\/www.technik-akademie-tuebingen.de\/2026\/freizeit\/stadtfuehrung\/","title":{"rendered":"Stadtf\u00fchrung"},"content":{"rendered":"\t\t<div data-elementor-type=\"wp-page\" data-elementor-id=\"68\" class=\"elementor elementor-68\">\n\t\t\t\t<div class=\"elementor-element elementor-element-1f68fbe e-con-full e-flex e-con e-parent\" data-id=\"1f68fbe\" data-element_type=\"container\" data-e-type=\"container\" data-settings=\"{&quot;background_background&quot;:&quot;classic&quot;}\">\n\t\t\t\t<\/div>\n\t\t<div class=\"elementor-element elementor-element-f005e9c e-grid e-con-boxed e-con e-parent\" data-id=\"f005e9c\" data-element_type=\"container\" data-e-type=\"container\" data-settings=\"{&quot;background_background&quot;:&quot;classic&quot;}\">\n\t\t\t\t\t<div class=\"e-con-inner\">\n\t\t\t\t<div class=\"elementor-element elementor-element-28a53b2 elementor-widget elementor-widget-heading\" data-id=\"28a53b2\" data-element_type=\"widget\" data-e-type=\"widget\" data-widget_type=\"heading.default\">\n\t\t\t\t\t<h2 class=\"elementor-heading-title elementor-size-default\">Stadtf\u00fchrung <\/h2>\t\t\t\t<\/div>\n\t\t\t\t<div class=\"elementor-element elementor-element-db433ef elementor-widget elementor-widget-text-editor\" data-id=\"db433ef\" data-element_type=\"widget\" data-e-type=\"widget\" data-widget_type=\"text-editor.default\">\n\t\t\t\t\t\t\t\t\t<p>Am Abend unseres Anreisetages haben wir die Stadt mit unseren Betreuern besichtigt. W\u00e4hrend dem Erkunden haben wir die Stadt mithilfe von zwanzig Stationen zu verschiedenen Sehensw\u00fcrdigkeiten besser kennengelernt. An jeder Station wurde von einem Teilhabenden ein Zettel mit Informationen zur jeweiligen Sehensw\u00fcrdigkeit vorgelesen. Vier von diesen Stationen haben wir dokumentiert.&nbsp;<\/p>\t\t\t\t\t\t\t\t<\/div>\n\t\t\t\t<div class=\"elementor-element elementor-element-5dd586d elementor-widget elementor-widget-image\" data-id=\"5dd586d\" data-element_type=\"widget\" data-e-type=\"widget\" data-widget_type=\"image.default\">\n\t\t\t\t\t\t\t\t\t\t\t\t\t\t\t<img fetchpriority=\"high\" decoding=\"async\" width=\"768\" height=\"1024\" src=\"https:\/\/www.technik-akademie-tuebingen.de\/2026\/wp-content\/uploads\/2026\/03\/IMG_20260329_192941744-768x1024.jpg\" class=\"attachment-large size-large wp-image-282\" alt=\"\" srcset=\"https:\/\/www.technik-akademie-tuebingen.de\/2026\/wp-content\/uploads\/2026\/03\/IMG_20260329_192941744-768x1024.jpg 768w, https:\/\/www.technik-akademie-tuebingen.de\/2026\/wp-content\/uploads\/2026\/03\/IMG_20260329_192941744-225x300.jpg 225w, https:\/\/www.technik-akademie-tuebingen.de\/2026\/wp-content\/uploads\/2026\/03\/IMG_20260329_192941744-1152x1536.jpg 1152w, https:\/\/www.technik-akademie-tuebingen.de\/2026\/wp-content\/uploads\/2026\/03\/IMG_20260329_192941744-1536x2048.jpg 1536w, https:\/\/www.technik-akademie-tuebingen.de\/2026\/wp-content\/uploads\/2026\/03\/IMG_20260329_192941744-scaled.jpg 1920w\" sizes=\"(max-width: 768px) 100vw, 768px\" \/>\t\t\t\t\t\t\t\t\t\t\t\t\t\t\t<\/div>\n\t\t\t\t\t<\/div>\n\t\t\t\t<\/div>\n\t\t<div class=\"elementor-element elementor-element-66a1e18 e-grid e-con-boxed e-con e-parent\" data-id=\"66a1e18\" data-element_type=\"container\" data-e-type=\"container\" data-settings=\"{&quot;background_background&quot;:&quot;classic&quot;}\">\n\t\t\t\t\t<div class=\"e-con-inner\">\n\t\t\t\t<div class=\"elementor-element elementor-element-cff0f41 elementor-widget elementor-widget-image\" data-id=\"cff0f41\" data-element_type=\"widget\" data-e-type=\"widget\" data-widget_type=\"image.default\">\n\t\t\t\t\t\t\t\t\t\t\t\t\t\t\t<img decoding=\"async\" width=\"800\" height=\"600\" src=\"https:\/\/www.technik-akademie-tuebingen.de\/2026\/wp-content\/uploads\/2026\/03\/IMG_20260329_192106073-1024x768.jpg\" class=\"attachment-large size-large wp-image-281\" alt=\"\" srcset=\"https:\/\/www.technik-akademie-tuebingen.de\/2026\/wp-content\/uploads\/2026\/03\/IMG_20260329_192106073-1024x768.jpg 1024w, https:\/\/www.technik-akademie-tuebingen.de\/2026\/wp-content\/uploads\/2026\/03\/IMG_20260329_192106073-300x225.jpg 300w, https:\/\/www.technik-akademie-tuebingen.de\/2026\/wp-content\/uploads\/2026\/03\/IMG_20260329_192106073-768x576.jpg 768w, https:\/\/www.technik-akademie-tuebingen.de\/2026\/wp-content\/uploads\/2026\/03\/IMG_20260329_192106073-1536x1152.jpg 1536w, https:\/\/www.technik-akademie-tuebingen.de\/2026\/wp-content\/uploads\/2026\/03\/IMG_20260329_192106073-2048x1536.jpg 2048w\" sizes=\"(max-width: 800px) 100vw, 800px\" \/>\t\t\t\t\t\t\t\t\t\t\t\t\t\t\t<\/div>\n\t\t\t\t<div class=\"elementor-element elementor-element-bd2847c elementor-widget elementor-widget-text-editor\" data-id=\"bd2847c\" data-element_type=\"widget\" data-e-type=\"widget\" data-widget_type=\"text-editor.default\">\n\t\t\t\t\t\t\t\t\t<p>Die Alte Burse ist das \u00e4lteste erhaltene Geb\u00e4ude der Eberhard Karls Unisersit\u00e4t<\/p>\t\t\t\t\t\t\t\t<\/div>\n\t\t\t\t\t<\/div>\n\t\t\t\t<\/div>\n\t\t<div class=\"elementor-element elementor-element-b1756e3 e-grid e-con-boxed e-con e-parent\" data-id=\"b1756e3\" data-element_type=\"container\" data-e-type=\"container\" data-settings=\"{&quot;background_background&quot;:&quot;classic&quot;}\">\n\t\t\t\t\t<div class=\"e-con-inner\">\n\t\t\t\t<div class=\"elementor-element elementor-element-08a0b14 elementor-widget elementor-widget-text-editor\" data-id=\"08a0b14\" data-element_type=\"widget\" data-e-type=\"widget\" data-widget_type=\"text-editor.default\">\n\t\t\t\t\t\t\t\t\t<p>\u00a0<\/p><p>Der Blick von der Eberhardsbr\u00fccke auf den Neckar, die Altstadt und die Neckar Insel mit der Platanenallee.<\/p>\t\t\t\t\t\t\t\t<\/div>\n\t\t\t\t<div class=\"elementor-element elementor-element-d7403af elementor-widget elementor-widget-image\" data-id=\"d7403af\" data-element_type=\"widget\" data-e-type=\"widget\" data-widget_type=\"image.default\">\n\t\t\t\t\t\t\t\t\t\t\t\t\t\t\t<img decoding=\"async\" width=\"800\" height=\"535\" src=\"https:\/\/www.technik-akademie-tuebingen.de\/2026\/wp-content\/uploads\/2026\/03\/DSC_0062-1-1024x685.jpg\" class=\"attachment-large size-large wp-image-278\" alt=\"\" srcset=\"https:\/\/www.technik-akademie-tuebingen.de\/2026\/wp-content\/uploads\/2026\/03\/DSC_0062-1-1024x685.jpg 1024w, https:\/\/www.technik-akademie-tuebingen.de\/2026\/wp-content\/uploads\/2026\/03\/DSC_0062-1-300x201.jpg 300w, https:\/\/www.technik-akademie-tuebingen.de\/2026\/wp-content\/uploads\/2026\/03\/DSC_0062-1-768x514.jpg 768w, https:\/\/www.technik-akademie-tuebingen.de\/2026\/wp-content\/uploads\/2026\/03\/DSC_0062-1-1536x1028.jpg 1536w, https:\/\/www.technik-akademie-tuebingen.de\/2026\/wp-content\/uploads\/2026\/03\/DSC_0062-1-2048x1371.jpg 2048w\" sizes=\"(max-width: 800px) 100vw, 800px\" \/>\t\t\t\t\t\t\t\t\t\t\t\t\t\t\t<\/div>\n\t\t\t\t\t<\/div>\n\t\t\t\t<\/div>\n\t\t<div class=\"elementor-element elementor-element-8f70f31 e-grid e-con-boxed e-con e-parent\" data-id=\"8f70f31\" data-element_type=\"container\" data-e-type=\"container\" data-settings=\"{&quot;background_background&quot;:&quot;classic&quot;}\">\n\t\t\t\t\t<div class=\"e-con-inner\">\n\t\t\t\t<div class=\"elementor-element elementor-element-0fd2f90 elementor-widget__width-inherit elementor-widget elementor-widget-image\" data-id=\"0fd2f90\" data-element_type=\"widget\" data-e-type=\"widget\" data-widget_type=\"image.default\">\n\t\t\t\t\t\t\t\t\t\t\t\t\t\t\t<img loading=\"lazy\" decoding=\"async\" width=\"800\" height=\"535\" src=\"https:\/\/www.technik-akademie-tuebingen.de\/2026\/wp-content\/uploads\/2026\/03\/DSC_0020-1-1-1024x685.jpg\" class=\"attachment-large size-large wp-image-283\" alt=\"\" srcset=\"https:\/\/www.technik-akademie-tuebingen.de\/2026\/wp-content\/uploads\/2026\/03\/DSC_0020-1-1-1024x685.jpg 1024w, https:\/\/www.technik-akademie-tuebingen.de\/2026\/wp-content\/uploads\/2026\/03\/DSC_0020-1-1-300x201.jpg 300w, https:\/\/www.technik-akademie-tuebingen.de\/2026\/wp-content\/uploads\/2026\/03\/DSC_0020-1-1-768x514.jpg 768w, https:\/\/www.technik-akademie-tuebingen.de\/2026\/wp-content\/uploads\/2026\/03\/DSC_0020-1-1-1536x1028.jpg 1536w, https:\/\/www.technik-akademie-tuebingen.de\/2026\/wp-content\/uploads\/2026\/03\/DSC_0020-1-1-2048x1371.jpg 2048w\" sizes=\"(max-width: 800px) 100vw, 800px\" \/>\t\t\t\t\t\t\t\t\t\t\t\t\t\t\t<\/div>\n\t\t\t\t<div class=\"elementor-element elementor-element-0ac77d4 elementor-widget elementor-widget-text-editor\" data-id=\"0ac77d4\" data-element_type=\"widget\" data-e-type=\"widget\" data-widget_type=\"text-editor.default\">\n\t\t\t\t\t\t\t\t\t<p>Das Nonnenhaus z\u00e4hlt zu den gr\u00f6\u00dften historischen Fachwerkh\u00e4usern T\u00fcbingens.<\/p>\t\t\t\t\t\t\t\t<\/div>\n\t\t\t\t<div class=\"elementor-element elementor-element-ed5f920 elementor-widget elementor-widget-text-editor\" data-id=\"ed5f920\" data-element_type=\"widget\" data-e-type=\"widget\" data-widget_type=\"text-editor.default\">\n\t\t\t\t\t\t\t\t\t<p>Das Schloss Hohent\u00fcbingen w\u00e4hrend des Sonnenuntergangs.<\/p><p><br><\/p>\t\t\t\t\t\t\t\t<\/div>\n\t\t\t\t\t<\/div>\n\t\t\t\t<\/div>\n\t\t\t\t<\/div>\n\t\t","protected":false},"excerpt":{"rendered":"<p>Stadtf\u00fchrung Am Abend unseres Anreisetages haben wir die Stadt mit unseren Betreuern besichtigt. W\u00e4hrend dem Erkunden haben wir die Stadt mithilfe von zwanzig Stationen zu verschiedenen Sehensw\u00fcrdigkeiten besser kennengelernt. An jeder Station wurde von einem Teilhabenden ein Zettel mit Informationen zur jeweiligen Sehensw\u00fcrdigkeit vorgelesen. Vier von diesen Stationen haben wir dokumentiert.&nbsp; Die Alte Burse ist [&hellip;]<\/p>\n","protected":false},"author":4,"featured_media":0,"parent":65,"menu_order":0,"comment_status":"closed","ping_status":"closed","template":"","meta":{"footnotes":""},"class_list":["post-68","page","type-page","status-publish","hentry"],"_links":{"self":[{"href":"https:\/\/www.technik-akademie-tuebingen.de\/2026\/wp-json\/wp\/v2\/pages\/68","targetHints":{"allow":["GET"]}}],"collection":[{"href":"https:\/\/www.technik-akademie-tuebingen.de\/2026\/wp-json\/wp\/v2\/pages"}],"about":[{"href":"https:\/\/www.technik-akademie-tuebingen.de\/2026\/wp-json\/wp\/v2\/types\/page"}],"author":[{"embeddable":true,"href":"https:\/\/www.technik-akademie-tuebingen.de\/2026\/wp-json\/wp\/v2\/users\/4"}],"replies":[{"embeddable":true,"href":"https:\/\/www.technik-akademie-tuebingen.de\/2026\/wp-json\/wp\/v2\/comments?post=68"}],"version-history":[{"count":97,"href":"https:\/\/www.technik-akademie-tuebingen.de\/2026\/wp-json\/wp\/v2\/pages\/68\/revisions"}],"predecessor-version":[{"id":1077,"href":"https:\/\/www.technik-akademie-tuebingen.de\/2026\/wp-json\/wp\/v2\/pages\/68\/revisions\/1077"}],"up":[{"embeddable":true,"href":"https:\/\/www.technik-akademie-tuebingen.de\/2026\/wp-json\/wp\/v2\/pages\/65"}],"wp:attachment":[{"href":"https:\/\/www.technik-akademie-tuebingen.de\/2026\/wp-json\/wp\/v2\/media?parent=68"}],"curies":[{"name":"wp","href":"https:\/\/api.w.org\/{rel}","templated":true}]}}